{"id":2,"date":"2014-02-21T10:13:36","date_gmt":"2014-02-21T10:13:36","guid":{"rendered":"http:\/\/2012.bkmbergen.no\/?page_id=2"},"modified":"2017-11-07T20:26:10","modified_gmt":"2017-11-07T19:26:10","slug":"aarsrapport","status":"publish","type":"page","link":"https:\/\/bkmbergen.no\/2012\/","title":{"rendered":"\u00c5rsrapport 2012"},"content":{"rendered":"<p><a title=\"\u00c5rsrapporten \u00e5pner som PDF (11 MB) i en ny arkfane\" href=\"http:\/\/2012.bkmbergen.no\/wp-content\/uploads\/sites\/2\/2014\/02\/aarsrapport_bkmbergen_2012_web.pdf\" target=\"_blank\" rel=\"noopener\"><img decoding=\"async\" loading=\"lazy\" class=\"alignright size-full wp-image-11\" src=\"http:\/\/2012.bkmbergen.no\/wp-content\/uploads\/sites\/2\/2014\/02\/aarsrapport_bkmbergen_2012_web-500px.png\" alt=\"aarsrapport_bkmbergen_2012_web-500px\" width=\"500\" height=\"690\" \/><\/a>2012 var et \u00e5r med h\u00f8y aktivitet og stort engasjement i Brunstad Kristelige Menighet i Bergen. Medlemmene er motivert for det arbeidet som foreg\u00e5r i menigheten. Dette gjenspeiler seg i \u00f8konomien.<\/p>\n<p><strong><a href=\"http:\/\/2012.bkmbergen.no\/wp-content\/uploads\/sites\/2\/2014\/02\/aarsrapport_bkmbergen_2012_web.pdf\" target=\"_blank\" rel=\"noopener\">Klikk her eller p\u00e5 bildet til h\u00f8yre for \u00e5 \u00e5pne \u00e5rsrapporten som PDF (11 MB) i en ny arkfane<\/a><\/strong><\/p>\n<p>Vi opplever en god giverkultur i BKM Bergen. Vi tror at gode form\u00e5l og en god prosjektstyring bidrar til dette. At midlene ikke forsvinner i administrative prosesser er ogs\u00e5 betryggende for de som bidrar. Hjertesakene blir fulgt opp.<\/p>\n<p>Regnskapet for 2012 viser en sunn \u00f8konomi. Driftsinntekter p\u00e5 NOK 7 768 943 sikret et \u00e5rsresultat p\u00e5 NOK 3 110 288. Dette har blitt overf\u00f8rt til egenkapitalen.<\/p>\n<p>Styret setter stor pris p\u00e5 den entusiasme som medlemmene har vist i 2012. Vi vil kontinuerlig s\u00f8rge for en forsvarlig forvaltning av de verdiene som er plassert innenfor tilsynsansvaret.<\/p>\n<p>Styret har signalisert overfor Panorama Konferansehotell at BKM Bergen \u00f8nsker \u00e5 bli en fast leietaker av en ny konferansesal p\u00e5 hotellet, og at vi derfor \u00f8nsker \u00e5 bidra \u00f8konomisk.<\/p>\n<p>73 % av menighetens medlemmer er barn og ungdom under 37 \u00e5r. Vi \u00f8nsker \u00e5 sikre gode rammer for deres fremtidige aktivitet og trosoppbyggelse, og har derfor kommet i gang med en spareplan. M\u00e5let er \u00e5 gi oss minst 50 % egenkapital den dagen vi \u00f8nsker \u00e5 gjennomf\u00f8re investeringer av betydning. Det er bred enighet om, og stor entusiasme rundt disse planene.<\/p>\n<p>Mange av v\u00e5re barn og ungdommer bruker mye av sin tid p\u00e5 v\u00e5rt internasjonale konferansested Brunstad, s\u00e6rlig p\u00e5 sommeren. BKM Bergen \u00f8nsker derfor ogs\u00e5 \u00e5 st\u00f8tte opp om nye planlagte sportsfasiliteter her.<\/p>\n<p><em>Daniel Opitz, styrets leder<\/em><\/p>\n","protected":false},"excerpt":{"rendered":"<p>2012 var et \u00e5r med h\u00f8y aktivitet og stort engasjement i Brunstad Kristelige Menighet i Bergen. Medlemmene er motivert for det arbeidet som foreg\u00e5r i menigheten. Dette gjenspeiler seg i \u00f8konomien. Klikk her eller p\u00e5 bildet til h\u00f8yre for \u00e5 \u00e5pne \u00e5rsrapporten som PDF (11 MB) i en ny arkfane Vi opplever en god giverkultur i BKM Bergen. Vi tror at gode form\u00e5l og en god prosjektstyring bidrar til dette. At midlene ikke forsvinner i administrative prosesser er ogs\u00e5 betryggende&hellip;<\/p>\n","protected":false},"author":1,"featured_media":0,"parent":0,"menu_order":0,"comment_status":"closed","ping_status":"closed","template":"","meta":[],"categories":[],"tags":[],"_links":{"self":[{"href":"https:\/\/bkmbergen.no\/2012\/wp-json\/wp\/v2\/pages\/2"}],"collection":[{"href":"https:\/\/bkmbergen.no\/2012\/wp-json\/wp\/v2\/pages"}],"about":[{"href":"https:\/\/bkmbergen.no\/2012\/wp-json\/wp\/v2\/types\/page"}],"author":[{"embeddable":true,"href":"https:\/\/bkmbergen.no\/2012\/wp-json\/wp\/v2\/users\/1"}],"replies":[{"embeddable":true,"href":"https:\/\/bkmbergen.no\/2012\/wp-json\/wp\/v2\/comments?post=2"}],"version-history":[{"count":10,"href":"https:\/\/bkmbergen.no\/2012\/wp-json\/wp\/v2\/pages\/2\/revisions"}],"predecessor-version":[{"id":28,"href":"https:\/\/bkmbergen.no\/2012\/wp-json\/wp\/v2\/pages\/2\/revisions\/28"}],"wp:attachment":[{"href":"https:\/\/bkmbergen.no\/2012\/wp-json\/wp\/v2\/media?parent=2"}],"wp:term":[{"taxonomy":"category","embeddable":true,"href":"https:\/\/bkmbergen.no\/2012\/wp-json\/wp\/v2\/categories?post=2"},{"taxonomy":"post_tag","embeddable":true,"href":"https:\/\/bkmbergen.no\/2012\/wp-json\/wp\/v2\/tags?post=2"}],"curies":[{"name":"wp","href":"https:\/\/api.w.org\/{rel}","templated":true}]}}