{"id":111,"date":"2014-06-18T20:49:32","date_gmt":"2014-06-18T18:49:32","guid":{"rendered":"http:\/\/bkmbergen.no\/2013\/?page_id=111"},"modified":"2014-11-18T14:29:59","modified_gmt":"2014-11-18T13:29:59","slug":"kjerneverdier-anno-2013","status":"publish","type":"page","link":"https:\/\/bkmbergen.no\/2013\/kjerneverdier-anno-2013\/","title":{"rendered":"Kjerneverdier anno 2013"},"content":{"rendered":"<p class=\"p1\"><img decoding=\"async\" loading=\"lazy\" class=\"alignnone size-full wp-image-226\" src=\"http:\/\/bkmbergen.no\/2013\/wp-content\/uploads\/sites\/3\/2014\/06\/Heiagjeng.jpg\" alt=\"Heiagjeng\" width=\"1024\" height=\"682\" srcset=\"https:\/\/bkmbergen.no\/2013\/wp-content\/uploads\/sites\/3\/2014\/06\/Heiagjeng.jpg 1024w, https:\/\/bkmbergen.no\/2013\/wp-content\/uploads\/sites\/3\/2014\/06\/Heiagjeng-300x199.jpg 300w\" sizes=\"(max-width: 1024px) 100vw, 1024px\" \/><\/p>\n<h1 class=\"p1\">BKM Bergen &#8211; Kjerneverdier anno 2013<\/h1>\n<p class=\"p1\"><span class=\"s1\">Brunstad Kristelige Menighet i Bergen (BKM Bergen) er en almennyttig forening knyttet opp mot Brunstad Christian Church (BCC) i et trosfellesskap.<\/span><\/p>\n<p class=\"p1\"><span class=\"s1\">BKM Bergen er b\u00e5de trosmessig og teologisk forankret til det som Johan Oscar Smith (1871 \u2013 1943) fra Horten sto for, og levde ut.\u00a0<\/span>Hans overbevisning om syndenes forlatelse ved tro alene, og helliggj\u00f8relse og videreutvikling ved troens lydighet, fikk frem et sterkt personlig engasjement i kristenlivet. Troen p\u00e5 at Jesus ble fristet uten \u00e5 synde er sentral i v\u00e5r forkynnelse. Derfor er ogs\u00e5 Jesu liv, fristelser, kamper og seire av stor interesse for oss. Vi tror at vi kan etterf\u00f8lge ham i dette.<\/p>\n<div id=\"attachment_414\" style=\"width: 218px\" class=\"wp-caption alignright\"><img aria-describedby=\"caption-attachment-414\" decoding=\"async\" loading=\"lazy\" class=\"wp-image-414 size-medium\" style=\"border: 1px solid #000000; margin: 10px;\" src=\"http:\/\/bkmbergen.no\/2013\/wp-content\/uploads\/sites\/3\/2014\/06\/johan-oscar-smith-208x300.png\" alt=\"johan Oscar Smith\" width=\"208\" height=\"300\" srcset=\"https:\/\/bkmbergen.no\/2013\/wp-content\/uploads\/sites\/3\/2014\/06\/johan-oscar-smith-208x300.png 208w, https:\/\/bkmbergen.no\/2013\/wp-content\/uploads\/sites\/3\/2014\/06\/johan-oscar-smith.png 383w\" sizes=\"(max-width: 208px) 100vw, 208px\" \/><p id=\"caption-attachment-414\" class=\"wp-caption-text\">Johan Oscar Smiths [1871 &#8211; 1943] verdier st\u00e5r sterkt i BKM Bergen anno 2013<\/p><\/div>\n<p class=\"p1\"><span class=\"s1\">Johan Oscar Smiths s\u00e6rlige omsorg for barn og unge gjorde ham p\u00e5 mange m\u00e5ter ogs\u00e5 til en pioner innen lekmannsbevegelsen. Det samme engasjementet st\u00e5r i dag sterkt i BKM Bergen og danner grunnlaget for et aktivt og ekte fellesskap.<\/span><\/p>\n<p class=\"p1\"><span class=\"s1\">BKM Bergen har v\u00e6rt aktiv fra 1917, og har leid lokaler p\u00e5 ulike adresser frem til 1966. Vi har tidligere eid lokale i Vaskerielven 1 (1966 til 1983), og i Krabbedalen 66 i Olsvik (1984 til 2008). Vi har i tillegg eid landstedet \u00abSvanlitangen\u00bb p\u00e5 Totland.<\/span><\/p>\n<p class=\"p1\"><span class=\"s1\">BKM Ask\u00f8y var en selvstendig menighet frem til 1992, da Ask\u00f8ybrua kom, og ble da fusjonert med BKM Bergen. BKM Bergen eier i dag eiendommen K\u00e5revik p\u00e5 Ask\u00f8y.\u00a0BKM Bergen<\/span>\u00a0ble formelt stiftet som forening den 10.11.1997, og driver i dag sin hovedvirksomhet i leide konferanselokaler p\u00e5 Panorama Konferansehotell i Sund kommune p\u00e5 Sotra.<\/p>\n<p class=\"p1\"><span class=\"s1\">Menigheten kan for 2013 se tilbake p\u00e5 et rikt og engasjerende \u00e5r. Vi var 520 medlemmer ved \u00e5rsskiftet, og n\u00e6r 65 % av disse er bosatt i Sund kommune.\u00a0G<\/span>jennomsnittsalderen er\u00a022 \u00e5r. 240 eller 46% er under 21 \u00e5r\u00a0og\u00a071% eller 371 personerer under 37 \u00e5r.\u00a0Aldersgruppen 60+ utgj\u00f8r i dag ca. 10% av medlemmene. Hovedtyngden ligger alts\u00e5 p\u00e5 barn og ungdom og det meste av innsatsen g\u00e5r naturligvis ogs\u00e5 til disse. 26% eller 137 er barn under 10 \u00e5r. Ten\u00e5ringene v\u00e5re, mellom 13 og 19 \u00e5r utgj\u00f8r 81 medlemmer eller 16%.<\/p>\n<p class=\"p1\"><span class=\"s1\">Menigheten legger ellers til rette for inspirerende aktiviteter for alle aldersgruppen og opplever ikke generasjonsskillene som vesentlige utfordringer.<\/span><\/p>\n<p class=\"p1\"><span class=\"s1\">Kj\u00e6rlighet og omsorg for de andre st\u00e5r sentralt i v\u00e5r tro. Vi tror blant annet p\u00e5 ordene fra Paulus\u00a0 om at de sterke skal b\u00e6re de svakes svakheter. Dette gir harmoni og glede i alle aldersgrupper i menigheten.<\/span><\/p>\n<p class=\"p1\"><strong><a href=\"http:\/\/smithsvenner.org\/aktuelt\/verdiene-vare\/\" target=\"_blank\">Les ogs\u00e5 &laquo;Verdiene v\u00e5re&raquo;!<\/a><\/strong><\/p>\n<p class=\"p1\"><span class=\"s1\">V\u00e5r trosoppbyggelse st\u00e5r i sentrum for v\u00e5r virksomhet, og st\u00f8rstedelen av ressursene i 2013 ble\u00a0viet barn og ungdom. I dette arbeidet har vi v\u00e6rt s\u00e5 heldige \u00e5 ha engasjerte og visjon\u00e6re barne- og ungdomsarbeidere. Vi vil spesielt rette en varm takk til disse.<\/span><\/p>\n<p class=\"p1\"><em><span class=\"s1\">Svein Johnsen (70) og\u00a0<\/span>Daniel Opitz (57)<\/em><\/p>\n","protected":false},"excerpt":{"rendered":"<p>BKM Bergen &#8211; Kjerneverdier anno 2013 Brunstad Kristelige Menighet i Bergen (BKM Bergen) er en almennyttig forening knyttet opp mot Brunstad Christian Church (BCC) i et trosfellesskap. BKM Bergen er b\u00e5de trosmessig og teologisk forankret til det som Johan Oscar Smith (1871 \u2013 1943) fra Horten sto for, og levde ut.\u00a0Hans overbevisning om syndenes forlatelse ved tro alene, og helliggj\u00f8relse og videreutvikling ved troens lydighet, fikk frem et sterkt personlig engasjement i kristenlivet. Troen p\u00e5 at Jesus ble fristet uten&hellip;<\/p>\n","protected":false},"author":2,"featured_media":226,"parent":0,"menu_order":0,"comment_status":"open","ping_status":"open","template":"","meta":[],"categories":[],"tags":[],"_links":{"self":[{"href":"https:\/\/bkmbergen.no\/2013\/wp-json\/wp\/v2\/pages\/111"}],"collection":[{"href":"https:\/\/bkmbergen.no\/2013\/wp-json\/wp\/v2\/pages"}],"about":[{"href":"https:\/\/bkmbergen.no\/2013\/wp-json\/wp\/v2\/types\/page"}],"author":[{"embeddable":true,"href":"https:\/\/bkmbergen.no\/2013\/wp-json\/wp\/v2\/users\/2"}],"replies":[{"embeddable":true,"href":"https:\/\/bkmbergen.no\/2013\/wp-json\/wp\/v2\/comments?post=111"}],"version-history":[{"count":16,"href":"https:\/\/bkmbergen.no\/2013\/wp-json\/wp\/v2\/pages\/111\/revisions"}],"predecessor-version":[{"id":508,"href":"https:\/\/bkmbergen.no\/2013\/wp-json\/wp\/v2\/pages\/111\/revisions\/508"}],"wp:featuredmedia":[{"embeddable":true,"href":"https:\/\/bkmbergen.no\/2013\/wp-json\/wp\/v2\/media\/226"}],"wp:attachment":[{"href":"https:\/\/bkmbergen.no\/2013\/wp-json\/wp\/v2\/media?parent=111"}],"wp:term":[{"taxonomy":"category","embeddable":true,"href":"https:\/\/bkmbergen.no\/2013\/wp-json\/wp\/v2\/categories?post=111"},{"taxonomy":"post_tag","embeddable":true,"href":"https:\/\/bkmbergen.no\/2013\/wp-json\/wp\/v2\/tags?post=111"}],"curies":[{"name":"wp","href":"https:\/\/api.w.org\/{rel}","templated":true}]}}