{"id":150,"date":"2014-06-25T17:59:53","date_gmt":"2014-06-25T15:59:53","guid":{"rendered":"http:\/\/bkmbergen.no\/2013\/?page_id=150"},"modified":"2014-12-10T20:02:14","modified_gmt":"2014-12-10T19:02:14","slug":"motivert-til-innsats-for-fellesskapet","status":"publish","type":"page","link":"https:\/\/bkmbergen.no\/2013\/motivert-til-innsats-for-fellesskapet\/","title":{"rendered":"Motivert til innsats &#8211; Styret i BKM Bergen"},"content":{"rendered":"<h2>Motivert\u00a0til innsats for fellesskapet<\/h2>\n<p><em>Styret i BKM Bergen 2013<\/em><\/p>\n<p class=\"p1\"><span class=\"s1\"><img decoding=\"async\" loading=\"lazy\" class=\"alignright wp-image-399 size-thumbnail\" style=\"margin-bottom: 10px; margin-left: 10px;\" src=\"http:\/\/bkmbergen.no\/2013\/wp-content\/uploads\/sites\/3\/2014\/06\/DanielO1-150x150.jpg\" alt=\"Daniel Opitz\" width=\"150\" height=\"150\" srcset=\"https:\/\/bkmbergen.no\/2013\/wp-content\/uploads\/sites\/3\/2014\/06\/DanielO1-150x150.jpg 150w, https:\/\/bkmbergen.no\/2013\/wp-content\/uploads\/sites\/3\/2014\/06\/DanielO1-300x300.jpg 300w, https:\/\/bkmbergen.no\/2013\/wp-content\/uploads\/sites\/3\/2014\/06\/DanielO1.jpg 499w\" sizes=\"(max-width: 150px) 100vw, 150px\" \/><\/span><\/p>\n<p class=\"p1\"><span class=\"s1\">2013 var et \u00e5r med mye\u00a0aktivitet, h\u00f8y\u00a0deltagelse og stort engasjement i Brunstad Kristelige Menighet i Bergen. Dette gjenspeiler seg ogs\u00e5 i \u00f8konomien.<\/span><\/p>\n<p class=\"p1\"><span class=\"s1\">Vi opplever en sterk\u00a0giverkultur i BKM Bergen. Vi tror at gode m\u00e5lsettinger og god prosjektstyring bidrar til at\u00a0pengene\u00a0ikke forsvinner i un\u00f8dvendig\u00a0administrasjon eller feilinvesteringer. Hjertesakene blir prioritert og gjennomf\u00f8rt.<\/span><\/p>\n<p class=\"p1\"><span class=\"s1\">Regnskapet 2013 viser en sunn \u00f8konomi. Driftsinntekter p\u00e5 NOK\u00a0 20\u00a0996\u00a0602 sikret et \u00e5rsresultat p\u00e5 NOK 16\u00a0395\u00a0918, en\u00a0klar forbedring i forhold til 2012.<\/span><\/p>\n<p class=\"p1\"><span class=\"s1\">Styret vil fortsatt\u00a0sikre og s\u00f8rge for en god forvaltning av de verdiene som ligger innenfor tilsynsansvaret v\u00e5rt.<\/span><\/p>\n<p class=\"p1\"><span class=\"s1\">Styret har overfor Panorama Konferansehotell meddelt at BKM Bergen \u00f8nsker \u00e5 v\u00e6re en fast leietaker av en ny konferansesal p\u00e5 hotellet. Denne er n\u00e5 p\u00e5begynt og ventes ferdig juni 2015. BKM Bergen \u00f8nsker derfor \u00e5 bidra \u00f8konomisk til prosjektet.<\/span><\/p>\n<p class=\"p1\"><span class=\"s1\">71 % av menighetens medlemmer er barn og ungdom under 37 \u00e5r. Vi \u00f8nsker \u00e5 sikre gode rammer for deres fremtidige aktivitet, og har\u00a0en\u00a0spareplan g\u00e5ende for dette form\u00e5let. Vi satser p\u00e5 at dette\u00a0vil\u00a0gi oss minst 50 % egenkapital den dagen vi \u00f8nsker \u00e5 gjennomf\u00f8re st\u00f8rre investeringer. Det er stor\u00a0enighet om dette blant medlemmene i BKM Bergen.<\/span><\/p>\n<p class=\"p1\"><em><span class=\"s1\">Daniel Opitz, styrets leder<\/span><\/em><\/p>\n<p class=\"p1\">[gap height=&raquo;50&#8243;]<\/p>\n<div id=\"attachment_391\" style=\"width: 690px\" class=\"wp-caption alignnone\"><img aria-describedby=\"caption-attachment-391\" decoding=\"async\" loading=\"lazy\" class=\"wp-image-391\" src=\"http:\/\/bkmbergen.no\/2013\/wp-content\/uploads\/sites\/3\/2014\/06\/DSC_6357-copy.jpg\" alt=\"DSC_6357 copy\" width=\"680\" height=\"454\" srcset=\"https:\/\/bkmbergen.no\/2013\/wp-content\/uploads\/sites\/3\/2014\/06\/DSC_6357-copy.jpg 1024w, https:\/\/bkmbergen.no\/2013\/wp-content\/uploads\/sites\/3\/2014\/06\/DSC_6357-copy-300x200.jpg 300w\" sizes=\"(max-width: 680px) 100vw, 680px\" \/><p id=\"caption-attachment-391\" class=\"wp-caption-text\">Styret i BKM Bergen 2013<\/p><\/div>\n<h1>Styret i BKM Bergen<\/h1>\n<p class=\"p1\"><span class=\"s1\">BKM Bergen representeres utad av et samlet styre. Hele menigheten m\u00e5 imidlertid samlet godkjenne vedtektsendringer.<\/span><\/p>\n<p class=\"p1\"><span class=\"s1\">Kontrollkomiteen g\u00e5r gjennom regnskapet f\u00f8r styret legger det frem p\u00e5 \u00e5rsm\u00f8tet. Andre beslutninger og valg er lagt til styret eller til forstander, men p\u00e5 alle niv\u00e5er er det krav om enstemmighet. Prinsippet om konsensus har over tid vist seg \u00e5 v\u00e6re en vellykket og akseptert metode hos oss.<\/span><\/p>\n<p class=\"p1\"><span class=\"s1\">Det gjennomf\u00f8res \u00e5rsm\u00f8te for alle medlemmer hvert \u00e5r, som annonseres i forkant. \u00c5rsm\u00f8tet for 2013 ble avholdt 16. juni, og alle over 18 \u00e5r kunne delta.<\/span><\/p>\n<div id=\"attachment_399\" style=\"width: 135px\" class=\"wp-caption alignleft\"><img aria-describedby=\"caption-attachment-399\" decoding=\"async\" loading=\"lazy\" class=\"wp-image-399\" src=\"http:\/\/bkmbergen.no\/2013\/wp-content\/uploads\/sites\/3\/2014\/06\/DanielO1-150x150.jpg\" alt=\"Daniel Opitz\" width=\"125\" height=\"125\" srcset=\"https:\/\/bkmbergen.no\/2013\/wp-content\/uploads\/sites\/3\/2014\/06\/DanielO1-150x150.jpg 150w, https:\/\/bkmbergen.no\/2013\/wp-content\/uploads\/sites\/3\/2014\/06\/DanielO1-300x300.jpg 300w, https:\/\/bkmbergen.no\/2013\/wp-content\/uploads\/sites\/3\/2014\/06\/DanielO1.jpg 499w\" sizes=\"(max-width: 125px) 100vw, 125px\" \/><p id=\"caption-attachment-399\" class=\"wp-caption-text\">Daniel Opitz<br \/>Styrets leder<\/p><\/div>\n<div id=\"attachment_302\" style=\"width: 135px\" class=\"wp-caption alignleft\"><img aria-describedby=\"caption-attachment-302\" decoding=\"async\" loading=\"lazy\" class=\"wp-image-302\" src=\"http:\/\/bkmbergen.no\/2013\/wp-content\/uploads\/sites\/3\/2014\/06\/KnutFace-150x150.jpg\" alt=\"Knut Holm Andersen\" width=\"125\" height=\"125\" srcset=\"https:\/\/bkmbergen.no\/2013\/wp-content\/uploads\/sites\/3\/2014\/06\/KnutFace-150x150.jpg 150w, https:\/\/bkmbergen.no\/2013\/wp-content\/uploads\/sites\/3\/2014\/06\/KnutFace-300x300.jpg 300w, https:\/\/bkmbergen.no\/2013\/wp-content\/uploads\/sites\/3\/2014\/06\/KnutFace.jpg 366w\" sizes=\"(max-width: 125px) 100vw, 125px\" \/><p id=\"caption-attachment-302\" class=\"wp-caption-text\">Knut Holm Andersen<\/p><\/div>\n<div id=\"attachment_396\" style=\"width: 135px\" class=\"wp-caption alignleft\"><img aria-describedby=\"caption-attachment-396\" decoding=\"async\" loading=\"lazy\" class=\"wp-image-396\" src=\"http:\/\/bkmbergen.no\/2013\/wp-content\/uploads\/sites\/3\/2014\/06\/IMG_0613_2-150x150.jpg\" alt=\"Toril Holm Berg\" width=\"125\" height=\"125\" srcset=\"https:\/\/bkmbergen.no\/2013\/wp-content\/uploads\/sites\/3\/2014\/06\/IMG_0613_2-150x150.jpg 150w, https:\/\/bkmbergen.no\/2013\/wp-content\/uploads\/sites\/3\/2014\/06\/IMG_0613_2-300x300.jpg 300w, https:\/\/bkmbergen.no\/2013\/wp-content\/uploads\/sites\/3\/2014\/06\/IMG_0613_2.jpg 696w\" sizes=\"(max-width: 125px) 100vw, 125px\" \/><p id=\"caption-attachment-396\" class=\"wp-caption-text\">Toril Holm Berg<\/p><\/div>\n<div id=\"attachment_398\" style=\"width: 135px\" class=\"wp-caption alignleft\"><img aria-describedby=\"caption-attachment-398\" decoding=\"async\" loading=\"lazy\" class=\"wp-image-398\" src=\"http:\/\/bkmbergen.no\/2013\/wp-content\/uploads\/sites\/3\/2014\/06\/Torstein31-150x150.jpg\" alt=\"Torstein Skutle\" width=\"125\" height=\"125\" srcset=\"https:\/\/bkmbergen.no\/2013\/wp-content\/uploads\/sites\/3\/2014\/06\/Torstein31-150x150.jpg 150w, https:\/\/bkmbergen.no\/2013\/wp-content\/uploads\/sites\/3\/2014\/06\/Torstein31-300x300.jpg 300w, https:\/\/bkmbergen.no\/2013\/wp-content\/uploads\/sites\/3\/2014\/06\/Torstein31-1024x1024.jpg 1024w, https:\/\/bkmbergen.no\/2013\/wp-content\/uploads\/sites\/3\/2014\/06\/Torstein31.jpg 1738w\" sizes=\"(max-width: 125px) 100vw, 125px\" \/><p id=\"caption-attachment-398\" class=\"wp-caption-text\">Torstein Skutle<\/p><\/div>\n<div id=\"attachment_397\" style=\"width: 135px\" class=\"wp-caption alignleft\"><img aria-describedby=\"caption-attachment-397\" decoding=\"async\" loading=\"lazy\" class=\"wp-image-397\" src=\"http:\/\/bkmbergen.no\/2013\/wp-content\/uploads\/sites\/3\/2014\/06\/GG_2.jpg\" alt=\"Gjermund Gangs\u00f8y\" width=\"125\" height=\"125\" \/><p id=\"caption-attachment-397\" class=\"wp-caption-text\">Gjermund Gangs\u00f8y<\/p><\/div>\n","protected":false},"excerpt":{"rendered":"<p>Motivert\u00a0til innsats for fellesskapet Styret i BKM Bergen 2013 2013 var et \u00e5r med mye\u00a0aktivitet, h\u00f8y\u00a0deltagelse og stort engasjement i Brunstad Kristelige Menighet i Bergen. Dette gjenspeiler seg ogs\u00e5 i \u00f8konomien. Vi opplever en sterk\u00a0giverkultur i BKM Bergen. Vi tror at gode m\u00e5lsettinger og god prosjektstyring bidrar til at\u00a0pengene\u00a0ikke forsvinner i un\u00f8dvendig\u00a0administrasjon eller feilinvesteringer. Hjertesakene blir prioritert og gjennomf\u00f8rt. Regnskapet 2013 viser en sunn \u00f8konomi. Driftsinntekter p\u00e5 NOK\u00a0 20\u00a0996\u00a0602 sikret et \u00e5rsresultat p\u00e5 NOK 16\u00a0395\u00a0918, en\u00a0klar forbedring i forhold til&hellip;<\/p>\n","protected":false},"author":2,"featured_media":0,"parent":0,"menu_order":0,"comment_status":"open","ping_status":"open","template":"","meta":[],"categories":[],"tags":[],"_links":{"self":[{"href":"https:\/\/bkmbergen.no\/2013\/wp-json\/wp\/v2\/pages\/150"}],"collection":[{"href":"https:\/\/bkmbergen.no\/2013\/wp-json\/wp\/v2\/pages"}],"about":[{"href":"https:\/\/bkmbergen.no\/2013\/wp-json\/wp\/v2\/types\/page"}],"author":[{"embeddable":true,"href":"https:\/\/bkmbergen.no\/2013\/wp-json\/wp\/v2\/users\/2"}],"replies":[{"embeddable":true,"href":"https:\/\/bkmbergen.no\/2013\/wp-json\/wp\/v2\/comments?post=150"}],"version-history":[{"count":18,"href":"https:\/\/bkmbergen.no\/2013\/wp-json\/wp\/v2\/pages\/150\/revisions"}],"predecessor-version":[{"id":537,"href":"https:\/\/bkmbergen.no\/2013\/wp-json\/wp\/v2\/pages\/150\/revisions\/537"}],"wp:attachment":[{"href":"https:\/\/bkmbergen.no\/2013\/wp-json\/wp\/v2\/media?parent=150"}],"wp:term":[{"taxonomy":"category","embeddable":true,"href":"https:\/\/bkmbergen.no\/2013\/wp-json\/wp\/v2\/categories?post=150"},{"taxonomy":"post_tag","embeddable":true,"href":"https:\/\/bkmbergen.no\/2013\/wp-json\/wp\/v2\/tags?post=150"}],"curies":[{"name":"wp","href":"https:\/\/api.w.org\/{rel}","templated":true}]}}