{"id":160,"date":"2014-06-25T18:15:15","date_gmt":"2014-06-25T16:15:15","guid":{"rendered":"http:\/\/bkmbergen.no\/2013\/?page_id=160"},"modified":"2014-11-19T15:09:40","modified_gmt":"2014-11-19T14:09:40","slug":"spareplaner","status":"publish","type":"page","link":"https:\/\/bkmbergen.no\/2013\/spareplaner\/","title":{"rendered":"Spareplaner"},"content":{"rendered":"<h1 class=\"p1\">Spareplaner<\/h1>\n<p class=\"p1\"><span class=\"s1\">BKM Bergen ekspanderer, og Barn og ungdom under 30 \u00e5r utgj\u00f8r 64% av medlemsmassen. Aktivitetene vi \u00f8nsker \u00e5 tilby disse er plasskrevende b\u00e5de n\u00e5r det gjelder bygningsareal og uteomr\u00e5der.<\/span><\/p>\n<p class=\"p1\"><span class=\"s1\">BKM Bergen etablerte allerede i 2012 en langsiktig spareplan, som er blitt forsterket i 2013. Vi \u00f8nsker \u00e5 sikre at vi er i stand til \u00e5 gi v\u00e5re barn og unge n\u00f8dvendige og gode rammevilk\u00e5r. Et av m\u00e5lene er \u00e5 ha en egenkapital p\u00e5 minst 50% n\u00e5r vi i fremtiden \u00f8nsker \u00e5 investere.<\/span><\/p>\n<p class=\"p1\"><span class=\"s1\">En internt anonym gallup viste at 99,3% av medlemmene i BKM Bergen\u00a0st\u00f8ttet denne spareplanen da den ble lansert i 2012.\u00a0Den ble endelig vedtatt i 2013.<\/span><\/p>\n","protected":false},"excerpt":{"rendered":"<p>Spareplaner BKM Bergen ekspanderer, og Barn og ungdom under 30 \u00e5r utgj\u00f8r 64% av medlemsmassen. Aktivitetene vi \u00f8nsker \u00e5 tilby disse er plasskrevende b\u00e5de n\u00e5r det gjelder bygningsareal og uteomr\u00e5der. BKM Bergen etablerte allerede i 2012 en langsiktig spareplan, som er blitt forsterket i 2013. Vi \u00f8nsker \u00e5 sikre at vi er i stand til \u00e5 gi v\u00e5re barn og unge n\u00f8dvendige og gode rammevilk\u00e5r. Et av m\u00e5lene er \u00e5 ha en egenkapital p\u00e5 minst 50% n\u00e5r vi i fremtiden&hellip;<\/p>\n","protected":false},"author":2,"featured_media":0,"parent":0,"menu_order":0,"comment_status":"open","ping_status":"open","template":"","meta":[],"categories":[],"tags":[],"_links":{"self":[{"href":"https:\/\/bkmbergen.no\/2013\/wp-json\/wp\/v2\/pages\/160"}],"collection":[{"href":"https:\/\/bkmbergen.no\/2013\/wp-json\/wp\/v2\/pages"}],"about":[{"href":"https:\/\/bkmbergen.no\/2013\/wp-json\/wp\/v2\/types\/page"}],"author":[{"embeddable":true,"href":"https:\/\/bkmbergen.no\/2013\/wp-json\/wp\/v2\/users\/2"}],"replies":[{"embeddable":true,"href":"https:\/\/bkmbergen.no\/2013\/wp-json\/wp\/v2\/comments?post=160"}],"version-history":[{"count":7,"href":"https:\/\/bkmbergen.no\/2013\/wp-json\/wp\/v2\/pages\/160\/revisions"}],"predecessor-version":[{"id":527,"href":"https:\/\/bkmbergen.no\/2013\/wp-json\/wp\/v2\/pages\/160\/revisions\/527"}],"wp:attachment":[{"href":"https:\/\/bkmbergen.no\/2013\/wp-json\/wp\/v2\/media?parent=160"}],"wp:term":[{"taxonomy":"category","embeddable":true,"href":"https:\/\/bkmbergen.no\/2013\/wp-json\/wp\/v2\/categories?post=160"},{"taxonomy":"post_tag","embeddable":true,"href":"https:\/\/bkmbergen.no\/2013\/wp-json\/wp\/v2\/tags?post=160"}],"curies":[{"name":"wp","href":"https:\/\/api.w.org\/{rel}","templated":true}]}}