{"id":80,"date":"2014-06-18T20:34:53","date_gmt":"2014-06-18T18:34:53","guid":{"rendered":"http:\/\/bkmbergen.no\/2013\/?page_id=80"},"modified":"2014-10-08T13:40:33","modified_gmt":"2014-10-08T11:40:33","slug":"fellessamlinger-for-alle-aldersgrupper","status":"publish","type":"page","link":"https:\/\/bkmbergen.no\/2013\/fellessamlinger-for-alle-aldersgrupper\/","title":{"rendered":"Fellessamlinger for alle aldersgrupper"},"content":{"rendered":"<p class=\"p1\">\n<h1 class=\"p1\"><a href=\"http:\/\/bkmbergen.no\/2013\/wp-content\/uploads\/sites\/3\/2014\/06\/Synn\u00f8ve-m-bern.jpg\"><img decoding=\"async\" loading=\"lazy\" class=\"alignnone size-full wp-image-262\" src=\"http:\/\/bkmbergen.no\/2013\/wp-content\/uploads\/sites\/3\/2014\/06\/Synn\u00f8ve-m-bern.jpg\" alt=\"Synn\u00f8ve m bern\" width=\"900\" height=\"603\" srcset=\"https:\/\/bkmbergen.no\/2013\/wp-content\/uploads\/sites\/3\/2014\/06\/Synn\u00f8ve-m-bern.jpg 900w, https:\/\/bkmbergen.no\/2013\/wp-content\/uploads\/sites\/3\/2014\/06\/Synn\u00f8ve-m-bern-300x201.jpg 300w\" sizes=\"(max-width: 900px) 100vw, 900px\" \/><\/a><\/h1>\n<h1 class=\"p1\">Fellessamlinger for alle aldersgrupper<\/h1>\n<p class=\"p1\"><span class=\"s1\">26\u00a0fellessamlinger\u00a0samlet i 2013 i gjennomsnitt 270 medlemmer.<\/span><\/p>\n<p class=\"p1\"><span class=\"s1\">Trosoppbyggelsen\u00a0samler alle aldersgrupper, og b\u00e5de barn og unge deltar. Ungdom og barn har ogs\u00e5 egne samlinger. Det er frihet til \u00e5 delta med taler, vitnesbyrd, dikt og sang. I 2013 har vi ogs\u00e5 v\u00e6rt tvunget til \u00e5 begrense antall deltagere p\u00e5 m\u00f8tene\u00a0 p\u00e5 grunn av begrenset plass.<\/span><\/p>\n<p class=\"p1\"><span class=\"s1\">P\u00e5 disse m\u00f8tene synger vi fra v\u00e5r egen sangbok kalt \u00abHerrens Veier\u00bb, sanger som er laget av BCC\u2019s egne medlemmer. De som kan spille et instrument bidrar ofte med dette i m\u00f8teorkesteret. Etter m\u00f8tet dyrker vi ofte fellesskapet i en uformell setting.<\/span><\/p>\n<p class=\"p1\"><span class=\"s1\">BKM Bergen feirer b\u00e5de nasjonale og kristne h\u00f8ytider. Vi har ofte arrangementer p\u00e5 disse dagene, enten lokalt i Bergen eller p\u00e5 v\u00e5rt konferansesenter Brunstad. I tillegg feirer vi \u00e5rem\u00e5lsdager, bryllup og holder minnefester etter v\u00e5re medlemmers bortgang.<\/span><\/p>\n<p class=\"p1\"><span class=\"s1\">BKM Bergen har vigselsrett i Hordaland fylke, og foretok i 2013 fire egne vielser etter et godkjent vielsesritual. Vi setter ekteskapet h\u00f8yt, og et bryllup med egen vielse og deretter bryllupsfest er en stor h\u00f8ytid for b\u00e5de brudepar, familie og menigheten.<\/span><\/p>\n","protected":false},"excerpt":{"rendered":"<p>Fellessamlinger for alle aldersgrupper 26\u00a0fellessamlinger\u00a0samlet i 2013 i gjennomsnitt 270 medlemmer. Trosoppbyggelsen\u00a0samler alle aldersgrupper, og b\u00e5de barn og unge deltar. Ungdom og barn har ogs\u00e5 egne samlinger. Det er frihet til \u00e5 delta med taler, vitnesbyrd, dikt og sang. I 2013 har vi ogs\u00e5 v\u00e6rt tvunget til \u00e5 begrense antall deltagere p\u00e5 m\u00f8tene\u00a0 p\u00e5 grunn av begrenset plass. P\u00e5 disse m\u00f8tene synger vi fra v\u00e5r egen sangbok kalt \u00abHerrens Veier\u00bb, sanger som er laget av BCC\u2019s egne medlemmer. De som&hellip;<\/p>\n","protected":false},"author":2,"featured_media":0,"parent":0,"menu_order":0,"comment_status":"open","ping_status":"open","template":"","meta":[],"categories":[],"tags":[],"_links":{"self":[{"href":"https:\/\/bkmbergen.no\/2013\/wp-json\/wp\/v2\/pages\/80"}],"collection":[{"href":"https:\/\/bkmbergen.no\/2013\/wp-json\/wp\/v2\/pages"}],"about":[{"href":"https:\/\/bkmbergen.no\/2013\/wp-json\/wp\/v2\/types\/page"}],"author":[{"embeddable":true,"href":"https:\/\/bkmbergen.no\/2013\/wp-json\/wp\/v2\/users\/2"}],"replies":[{"embeddable":true,"href":"https:\/\/bkmbergen.no\/2013\/wp-json\/wp\/v2\/comments?post=80"}],"version-history":[{"count":12,"href":"https:\/\/bkmbergen.no\/2013\/wp-json\/wp\/v2\/pages\/80\/revisions"}],"predecessor-version":[{"id":277,"href":"https:\/\/bkmbergen.no\/2013\/wp-json\/wp\/v2\/pages\/80\/revisions\/277"}],"wp:attachment":[{"href":"https:\/\/bkmbergen.no\/2013\/wp-json\/wp\/v2\/media?parent=80"}],"wp:term":[{"taxonomy":"category","embeddable":true,"href":"https:\/\/bkmbergen.no\/2013\/wp-json\/wp\/v2\/categories?post=80"},{"taxonomy":"post_tag","embeddable":true,"href":"https:\/\/bkmbergen.no\/2013\/wp-json\/wp\/v2\/tags?post=80"}],"curies":[{"name":"wp","href":"https:\/\/api.w.org\/{rel}","templated":true}]}}