{"id":82,"date":"2014-06-18T20:35:35","date_gmt":"2014-06-18T18:35:35","guid":{"rendered":"http:\/\/bkmbergen.no\/2013\/?page_id=82"},"modified":"2017-11-07T20:15:07","modified_gmt":"2017-11-07T19:15:07","slug":"en-levende-sondagsskole","status":"publish","type":"page","link":"https:\/\/bkmbergen.no\/2013\/en-levende-sondagsskole\/","title":{"rendered":"Barn i BKM Bergen"},"content":{"rendered":"<div id=\"attachment_136\" style=\"width: 691px\" class=\"wp-caption alignnone\"><img aria-describedby=\"caption-attachment-136\" decoding=\"async\" loading=\"lazy\" class=\"wp-image-136\" src=\"http:\/\/bkmbergen.no\/2013\/wp-content\/uploads\/sites\/3\/2014\/06\/DSC_0063_19-5-2013.jpg\" alt=\"S\u00f8ndagsskolen\" width=\"681\" height=\"454\" srcset=\"https:\/\/bkmbergen.no\/2013\/wp-content\/uploads\/sites\/3\/2014\/06\/DSC_0063_19-5-2013.jpg 1024w, https:\/\/bkmbergen.no\/2013\/wp-content\/uploads\/sites\/3\/2014\/06\/DSC_0063_19-5-2013-300x200.jpg 300w\" sizes=\"(max-width: 681px) 100vw, 681px\" \/><p id=\"caption-attachment-136\" class=\"wp-caption-text\">S\u00f8ndagsskolen har hatt 21 samlinger for 67 barn fra 4 til 7 \u00e5r, og 47 barn fra 8 til 12 \u00e5r<\/p><\/div>\n<h1 class=\"p1\">En levende s\u00f8ndagsskole<\/h1>\n<p class=\"p1\"><span class=\"s1\">S\u00f8ndagsskolegruppen i BKM Bergen har i 2013 gjennomf\u00f8rt 21 s\u00f8ndagsskoler. Den har ogs\u00e5 v\u00e6rt arrang\u00f8r av en sommeravslutning for hele menigheten, og holdt oppvisning p\u00e5 felles julesamlinger.<\/span><\/p>\n<p class=\"p1\"><span class=\"s1\">Hensikten med s\u00f8ndagsskolen har v\u00e6rt \u00e5 gj\u00f8re barna trygge i sin tro p\u00e5 en Gud som elsker dem og verner om dem. Vi tror at de kristne verdiene som godhet, barmhjertighet, tilgivelse, tro, h\u00e5p og kj\u00e6rlighet har stor betydning og relevans for barna i omgangen med hverandre.<\/span><\/p>\n<p class=\"p1\"><span class=\"s1\">S\u00f8ndagsskolen skaper ogs\u00e5 entusiasme rundt historiske hendelser og personer som er beskrevet i Bibelen. Deres tro og hengivenhet inspirerer b\u00e5de barna og lederne.<\/span><\/p>\n<p class=\"p1\"><span class=\"s1\">Audiovisuelle hjelpemidler, sang, musikk, teater og drama, samt barnas eget engasjement er viktige elementer i dette arbeidet. S\u00f8ndagsskolen er delt opp i to aldersgrupper, 4 &#8211; 7\u00a0\u00e5r og 8 &#8211; 12 \u00e5r, som holdes parallelt.<\/span><\/p>\n<p class=\"p1\"><span class=\"s1\">Lederne lager selv mye av materialet som benyttes. I tillegg brukes ressursene som BCC har tilrettelagt p\u00e5 Brunstad Portal. Her ligger ferdig utarbeidete presentasjoner og forslag til gjennomf\u00f8ring av aktiviteter. Den yngste gruppen har investert i tegneutstyr og bruker dette regelmessig.<\/span><\/p>\n<p class=\"p1\"><span class=\"s1\">Ett av m\u00e5lene til s\u00f8ndagsskolel\u00e6rerne\u00a0 i 2013 var \u00e5 bli engasjerte og motiverende l\u00e6rere, og gode rollemodeller for barna. Et annet m\u00e5l er \u00e5 styrke barnas selvtillit, samt \u00e5 v\u00e6re gode med hverandre, og motvirke mobbing.<\/span><\/p>\n<div id=\"attachment_215\" style=\"width: 690px\" class=\"wp-caption alignnone\"><img aria-describedby=\"caption-attachment-215\" decoding=\"async\" loading=\"lazy\" class=\"wp-image-215 size-full\" src=\"http:\/\/bkmbergen.no\/2013\/wp-content\/uploads\/sites\/3\/2014\/06\/ChristianB\u00f8rs-e1408037051804.jpg\" alt=\"P\u00e5 tur med Christian B\u00f8rs\" width=\"680\" height=\"510\" \/><p id=\"caption-attachment-215\" class=\"wp-caption-text\">P\u00e5 tur med Christian B\u00f8rs<\/p><\/div>\n<h1 class=\"p1\">Aktivitetsklubben<\/h1>\n<p class=\"p1\"><span class=\"s1\">Den samarbeidende foreningen \u00abAktivitetsklubben i Bergensregionen\u00bb hadde i 2013 et stort\u00a0fritidstilbud til barn og unge i BKM Bergen.<\/span><\/p>\n<p class=\"p1\"><span class=\"s1\">Egen grupper spesialiserte seg p\u00e5\u00a0friluftsturer,\u00a0 b\u00e5tturer, fiske, grilling, verksted, filmproduksjon, hest, ATV-kj\u00f8ring,\u00a0 paintball,\u00a0 LAN-party, bowling, badeland, ballspill,\u00a0bilbanekj\u00f8ring, og flere.<\/span><\/p>\n<p class=\"p1\">Aktivitetsklubben er en selvstendig forening, b\u00e5de juridisk og \u00f8konomisk med eget styre og egne vedtekter. De har samlinger hver mandag\/tirsdag og hadde 35 \u00a0aktivitetsdager\u00a0i 2013.<\/p>\n<p>For mer informasjon se p\u00e5 <a href=\"http:\/\/www.aktivitetsklubben.org\" target=\"_blank\" rel=\"noopener\">www.aktivitetsklubben.org<\/a>.<\/p>\n<p>[justified_image_grid preset=1 image_categories=barn]<\/p>\n<div id=\"attachment_203\" style=\"width: 1034px\" class=\"wp-caption alignnone\"><img aria-describedby=\"caption-attachment-203\" decoding=\"async\" loading=\"lazy\" class=\"wp-image-203 size-full\" src=\"http:\/\/bkmbergen.no\/2013\/wp-content\/uploads\/sites\/3\/2014\/06\/Angry-birds.jpg\" alt=\"\" width=\"1024\" height=\"768\" srcset=\"https:\/\/bkmbergen.no\/2013\/wp-content\/uploads\/sites\/3\/2014\/06\/Angry-birds.jpg 1024w, https:\/\/bkmbergen.no\/2013\/wp-content\/uploads\/sites\/3\/2014\/06\/Angry-birds-300x225.jpg 300w\" sizes=\"(max-width: 1024px) 100vw, 1024px\" \/><p id=\"caption-attachment-203\" class=\"wp-caption-text\">BKM Bergen fikk ansvaret for \u00e5 gjennomf\u00f8re barnelekene under barnekonferansen p\u00e5 Brunstad i juli 2013.<\/p><\/div>\n<h1>Lekene under barnekonferansen p\u00e5 Brunstad 2013<\/h1>\n<h3>Stemningsrapport fra \u00e5pningen<\/h3>\n<p>&laquo;Etter nesten ett \u00e5r med planlegging, \u00f8ving, bygging, testing og gjennomkj\u00f8ringer, var det endelig tid for \u00e5 gjennomf\u00f8re barnelekene 2013!<\/p>\n<p>Klokken n\u00e6rmer seg 1500. Salen er fylt opp av forventningsfulle barn, unge og voksne. Bak scenen st\u00e5r spente dansere og venter p\u00e5 \u00e5 f\u00e5 komme inn. Ved miksepulten holder man pusten. Dette er \u00f8yeblikket vi har ventet p\u00e5 og sett frem til! Lyset dempes, og det snurret film p\u00e5 skjermen; Stjernen som skinte over Superworld er \u00f8delagt, og gjennom disse tre dagene skal den settes sammen igjen med hjelp fra barn fra hele verden. Spillet starter, og musikken ljomer over anlegget. Scenen v\u00e5kner til liv idet et titalls barn og ungdommer fremf\u00f8rer et fantastisk \u00e5pningsshow, til publikums store begeistring<\/p>\n<p>F\u00f8rste lek er i gang, og p\u00e5 banen gir deltakerne alt for \u00e5 vinne. Riggteamet s\u00f8rger for effektiv opp- og nedrigging av kulisser. Teknikerne s\u00f8rger for at lyd og bilde kommer til riktig tid. Dommerne l\u00f8per rundt og s\u00f8rger for at alt g\u00e5r riktig for seg, mens det backstage er hektisk aktivitet f\u00f8r hver lek og hvert innslag. Publikum heier og er begeistret, og lar seg rive med av fengende leker, engasjerende publikumsaktiviteter og festlige pauseinnslag.<\/p>\n<p>Avslutningsshowet er over, og konfettien daler ned over danserne til vill jubel fra salen. Det er en fantastisk stemning blant b\u00e5de publikum og bergensere! Vi gleder oss over at vi har greid \u00e5 lage tre minnerike lekedager for tusenvis av barn!<\/p>\n<p>Mange takknemlige og glade ansikter er \u00e5 se etterp\u00e5. Vi har lagt bak oss et formidabelt arbeids\u00e5r, med masse glede, samfunn og trivsel, og gode b\u00e5nd har knyttet oss tettere sammen. Det \u00e5 kunne jobbe sammen mot et felles m\u00e5l, har v\u00e6rt ekstra berikende for alle, og mer skal det bli! En stor takk til alle som har v\u00e6rt med!&raquo;<\/p>\n<h3>Feiring<\/h3>\n<p>Etter siste dag med lekene som varte i 3 dager , samlet alle involverte seg nede p\u00e5 odden p\u00e5 Brunstad fredag kveld. For dette m\u00e5tte jo feires! Der ble det servert pizza og drikke. Dette har v\u00e6rt en utrolig morsom utfordring for BKM Bergen, som har skapt b\u00e5de minner og rike erfaringer under hele prosessen. BKM Bergen gledet seg over et vel gjennomf\u00f8rt prosjekt, og ser med glede frem til nye utfordringer fremover!<\/p>\n<div id=\"attachment_211\" style=\"width: 690px\" class=\"wp-caption alignnone\"><img aria-describedby=\"caption-attachment-211\" decoding=\"async\" loading=\"lazy\" class=\"wp-image-211 size-full\" src=\"http:\/\/bkmbergen.no\/2013\/wp-content\/uploads\/sites\/3\/2014\/06\/camp-ris\u00f8ya-1-e1408038802774.jpg\" alt=\"Camp Ris\u00f8ya deltagere\" width=\"680\" height=\"510\" \/><p id=\"caption-attachment-211\" class=\"wp-caption-text\">Camp Ris\u00f8ya deltagere &#8211; juni 2013<\/p><\/div>\n<h1 class=\"p1\">Camp Ris\u00f8ya<\/h1>\n<p class=\"p1\"><span class=\"s1\">24. &#8211; 30. juni 2013 ble en uforglemmelig opplevelse for flere\u00a0barn fra BKM Bergen. Brunstad TV inviterte til sommercamp p\u00e5 Ris\u00f8ya i Grenland, med spennende konkurranser og l\u00e6rerike tema.\u00a0<\/span><\/p>\n<p class=\"p1\"><span class=\"s1\">Barn i alderen 11-12 \u00e5r fra fem forskjellige menigheter ble plukket ut til \u00e5 v\u00e6re med p\u00e5 denne spennende uken der de hver dag skulle kjempe om \u00e5 bli det beste laget.\u00a0<\/span><\/p>\n<p class=\"p1\"><span class=\"s1\">Hver dag fikk de bes\u00f8k av en mentor som hadde noe \u00e5 l\u00e6re dem. Det var tema som overlevelse i naturen, fisking, seiling, klatring og livredning. Seinere p\u00e5 dagen var det konkurranse der dagens tema ble utfordret. Laget som kom d\u00e5rligst ut gikk ut av konkurransen, men de fikk fortsatt v\u00e6re med \u00e5 l\u00e6re nytt n\u00e5r det kom mentor p\u00e5 bes\u00f8k.\u00a0 Ekstra morsomt var det den dagen da taperne m\u00e5tte ta morgenbad, mens vinnerne fikk sitte og se p\u00e5 og ble servert en god frokost med vafler og kakao.<\/span><\/p>\n<p class=\"p1\"><span class=\"s1\">Camp\u00e5 Ris\u00f8ya var en\u00a0opplevelse.\u00a0Da det utover h\u00f8sten ble sendt p\u00e5 Brunstad TV som en realityserie, fikk deltagerne ogs\u00e5\u00a0smake litt p\u00e5 \u00abkjendisstatusen\u00bb. Tre bergensere stakk av med seieren i en nervepirrende finale!\u00a0<\/span><\/p>\n","protected":false},"excerpt":{"rendered":"<p>En levende s\u00f8ndagsskole S\u00f8ndagsskolegruppen i BKM Bergen har i 2013 gjennomf\u00f8rt 21 s\u00f8ndagsskoler. Den har ogs\u00e5 v\u00e6rt arrang\u00f8r av en sommeravslutning for hele menigheten, og holdt oppvisning p\u00e5 felles julesamlinger. Hensikten med s\u00f8ndagsskolen har v\u00e6rt \u00e5 gj\u00f8re barna trygge i sin tro p\u00e5 en Gud som elsker dem og verner om dem. Vi tror at de kristne verdiene som godhet, barmhjertighet, tilgivelse, tro, h\u00e5p og kj\u00e6rlighet har stor betydning og relevans for barna i omgangen med hverandre. S\u00f8ndagsskolen skaper ogs\u00e5&hellip;<\/p>\n","protected":false},"author":2,"featured_media":0,"parent":0,"menu_order":0,"comment_status":"closed","ping_status":"closed","template":"","meta":[],"categories":[],"tags":[],"_links":{"self":[{"href":"https:\/\/bkmbergen.no\/2013\/wp-json\/wp\/v2\/pages\/82"}],"collection":[{"href":"https:\/\/bkmbergen.no\/2013\/wp-json\/wp\/v2\/pages"}],"about":[{"href":"https:\/\/bkmbergen.no\/2013\/wp-json\/wp\/v2\/types\/page"}],"author":[{"embeddable":true,"href":"https:\/\/bkmbergen.no\/2013\/wp-json\/wp\/v2\/users\/2"}],"replies":[{"embeddable":true,"href":"https:\/\/bkmbergen.no\/2013\/wp-json\/wp\/v2\/comments?post=82"}],"version-history":[{"count":10,"href":"https:\/\/bkmbergen.no\/2013\/wp-json\/wp\/v2\/pages\/82\/revisions"}],"predecessor-version":[{"id":555,"href":"https:\/\/bkmbergen.no\/2013\/wp-json\/wp\/v2\/pages\/82\/revisions\/555"}],"wp:attachment":[{"href":"https:\/\/bkmbergen.no\/2013\/wp-json\/wp\/v2\/media?parent=82"}],"wp:term":[{"taxonomy":"category","embeddable":true,"href":"https:\/\/bkmbergen.no\/2013\/wp-json\/wp\/v2\/categories?post=82"},{"taxonomy":"post_tag","embeddable":true,"href":"https:\/\/bkmbergen.no\/2013\/wp-json\/wp\/v2\/tags?post=82"}],"curies":[{"name":"wp","href":"https:\/\/api.w.org\/{rel}","templated":true}]}}