{"id":84,"date":"2014-06-18T20:36:28","date_gmt":"2014-06-18T18:36:28","guid":{"rendered":"http:\/\/bkmbergen.no\/2013\/?page_id=84"},"modified":"2014-11-19T14:43:53","modified_gmt":"2014-11-19T13:43:53","slug":"ung-i-bkm-bergen","status":"publish","type":"page","link":"https:\/\/bkmbergen.no\/2013\/ung-i-bkm-bergen\/","title":{"rendered":"Ung i BKM Bergen"},"content":{"rendered":"<p class=\"p1\"><span class=\"s1\"><i><a href=\"http:\/\/bkmbergen.no\/2013\/wp-content\/uploads\/sites\/3\/2014\/06\/Heiagjeng.jpg2_.jpg\"><img decoding=\"async\" loading=\"lazy\" class=\"alignnone size-full wp-image-227\" src=\"http:\/\/bkmbergen.no\/2013\/wp-content\/uploads\/sites\/3\/2014\/06\/Heiagjeng.jpg2_.jpg\" alt=\"Heiagjeng.jpg2\" width=\"1024\" height=\"683\" srcset=\"https:\/\/bkmbergen.no\/2013\/wp-content\/uploads\/sites\/3\/2014\/06\/Heiagjeng.jpg2_.jpg 1024w, https:\/\/bkmbergen.no\/2013\/wp-content\/uploads\/sites\/3\/2014\/06\/Heiagjeng.jpg2_-300x200.jpg 300w\" sizes=\"(max-width: 1024px) 100vw, 1024px\" \/><\/a><\/i><\/span><\/p>\n<h1 class=\"p1\">Ung i BKM Bergen<\/h1>\n<p class=\"p1\"><span class=\"s1\">Ungdomsgruppen BKM Bergen utgj\u00f8r\u00a0213 personer i alderen 13 til 35 \u00e5r.\u00a0I\u00a0l\u00f8pet av 2013 hadde de\u00a028 samlinger\u00a0med et gjennomsnittlig bes\u00f8k p\u00e5 ca.\u00a0140.\u00a0<\/span>Ungdomsgruppen samles til trosoppbyggelse hver mandag kveld. Kvelden er som regel ikke forh\u00e5ndsregissert, s\u00e5 det er frihet for alle til \u00e5 bidra. Sentrale temaer er utfordringene i ungdomstiden og hvordan Bibelen\u00a0gir verdifull veiledning og hjelp.<\/p>\n<p class=\"p1\">Ungdommene har mange aktiviteter sammen. Sport, kultur, lek, kaffebar og turer bygger et sterkt fellesskap.\u00a0<span class=\"s1\">Gjensidig vennskap og hjelp st\u00e5r sterkt. En god arbeidsinnsats og et initiativ til \u00e5 vise omsorg bidrar til livsglede p\u00e5 mange ulike plan.\u00a0<\/span>Gruppen holdt gjennom \u00e5ret 2013 ogs\u00e5 flere inspirasjonssamlinger for lederne. I 2013 deltok 8 ungdommer fra BKM Bergen i Student\u00a0Training and\u00a0Educational\u00a0Program (STEP), som er BCC sitt program for utveksling av ungdom fra Europa.<\/p>\n<p><a href=\"http:\/\/bkmbergen.no\/2013\/wp-content\/uploads\/sites\/3\/2014\/06\/MarenLIsaRovena.jpg\"><img decoding=\"async\" loading=\"lazy\" class=\"wp-image-247 size-full\" src=\"http:\/\/bkmbergen.no\/2013\/wp-content\/uploads\/sites\/3\/2014\/06\/MarenLIsaRovena.jpg\" alt=\"Tur til Marstein fyr\" width=\"1024\" height=\"683\" srcset=\"https:\/\/bkmbergen.no\/2013\/wp-content\/uploads\/sites\/3\/2014\/06\/MarenLIsaRovena.jpg 1024w, https:\/\/bkmbergen.no\/2013\/wp-content\/uploads\/sites\/3\/2014\/06\/MarenLIsaRovena-300x200.jpg 300w\" sizes=\"(max-width: 1024px) 100vw, 1024px\" \/><\/a><\/p>\n<p><a href=\"http:\/\/bkmbergen.no\/2013\/wp-content\/uploads\/sites\/3\/2014\/06\/hockey-2.jpg\"><img decoding=\"async\" loading=\"lazy\" class=\"wp-image-230 size-full\" src=\"http:\/\/bkmbergen.no\/2013\/wp-content\/uploads\/sites\/3\/2014\/06\/hockey-2.jpg\" alt=\"Ishockey\" width=\"1024\" height=\"682\" srcset=\"https:\/\/bkmbergen.no\/2013\/wp-content\/uploads\/sites\/3\/2014\/06\/hockey-2.jpg 1024w, https:\/\/bkmbergen.no\/2013\/wp-content\/uploads\/sites\/3\/2014\/06\/hockey-2-300x199.jpg 300w\" sizes=\"(max-width: 1024px) 100vw, 1024px\" \/><\/a><\/p>\n<p>[gap height=&raquo;75&#8243;]<\/p>\n<h1 class=\"p1\">U18<\/h1>\n<p class=\"p1\"><span class=\"s1\">U18 er et aktivitetstilbud til alle\u00a0ungdommer mellom 13 og 18 \u00e5r.\u00a0<\/span>Opplegget skal bygge mestring, innsatserfaring og samarbeidsevne gjennom mindre arbeidsoppgaver. Litt eldre ungdommer fungerer som mentorer.<\/p>\n<p class=\"p1\"><span class=\"s1\">Et eksempel p\u00e5 oppgaver for U18 er planlegging av, og innsats p\u00e5 aktivitetsdager for menigheten. Det kan v\u00e6re seg en 17-mai feiring eller en julemesse, med etablering av salgsboder, fotostudio, barnepark, kafe, restaurant, spill og forn\u00f8yelsespark etc.<\/span><\/p>\n<p class=\"p1\">U18 i BKM Bergen omfattet i 2013 ca. 75 ungdommer. Gleden ungdommene viser i dette milj\u00f8et har bidratt til at de yngre barna ogs\u00e5 ser frem til \u00e5 begynne i gruppen. Med utenlandsturer, fester og diverse spennende aktiviteter \u00e5 se frem til, er ogs\u00e5 motivasjonen p\u00e5 plass. Ungdommene i U18 f\u00e5r erfare at innsats og samarbeid l\u00f8nner seg.<\/p>\n<div id=\"attachment_239\" style=\"width: 1034px\" class=\"wp-caption alignnone\"><img aria-describedby=\"caption-attachment-239\" decoding=\"async\" loading=\"lazy\" class=\"wp-image-239 size-full\" src=\"http:\/\/bkmbergen.no\/2013\/wp-content\/uploads\/sites\/3\/2014\/06\/jenter-p\u00e5-fyret.jpg\" alt=\"Tur til Marstein Fyr\" width=\"1024\" height=\"683\" srcset=\"https:\/\/bkmbergen.no\/2013\/wp-content\/uploads\/sites\/3\/2014\/06\/jenter-p\u00e5-fyret.jpg 1024w, https:\/\/bkmbergen.no\/2013\/wp-content\/uploads\/sites\/3\/2014\/06\/jenter-p\u00e5-fyret-300x200.jpg 300w\" sizes=\"(max-width: 1024px) 100vw, 1024px\" \/><p id=\"caption-attachment-239\" class=\"wp-caption-text\">U18 p\u00e5 tur<\/p><\/div>\n<div id=\"attachment_129\" style=\"width: 910px\" class=\"wp-caption alignnone\"><img aria-describedby=\"caption-attachment-129\" decoding=\"async\" loading=\"lazy\" class=\"wp-image-129 size-full\" src=\"http:\/\/bkmbergen.no\/2013\/wp-content\/uploads\/sites\/3\/2014\/06\/35.1_12-8-2013.jpg\" alt=\"U18 i Hamburg\" width=\"900\" height=\"600\" srcset=\"https:\/\/bkmbergen.no\/2013\/wp-content\/uploads\/sites\/3\/2014\/06\/35.1_12-8-2013.jpg 900w, https:\/\/bkmbergen.no\/2013\/wp-content\/uploads\/sites\/3\/2014\/06\/35.1_12-8-2013-300x200.jpg 300w\" sizes=\"(max-width: 900px) 100vw, 900px\" \/><p id=\"caption-attachment-129\" class=\"wp-caption-text\">\u00c5rets langtur for U18 2013 gikk til Hamburg<\/p><\/div>\n<h1 class=\"p1\">MP3-kilden<\/h1>\n<p class=\"p1\"><span class=\"s1\">BKM Bergen har et eget musikkstudio der\u00a0det kontinuerlig produseres kristelig musikk. Mye av denne musikken blir lagt ut p\u00e5 BCCs interne musikknettsted, MP3-kilden og lastet ned av medlemmer over hele verden. Mange av\u00a0BCCs\u00a0eldre\u00a0sangskatter kommer jevnlig i ny innpakning, og mange nye sanger ser lyset hvert \u00e5r.\u00a0<\/span>Sangene\u00a0er spesielt rettet mot ungdom,\u00a0og har som form\u00e5l \u00e5 gi dem\u00a0et innholdsrikt musikkalternativ.<\/p>\n<p class=\"p1\"><span class=\"s1\">MP3-kilden har ogs\u00e5 en egen avdeling for barnemusikk. Vi ser at sang og musikk skaper mye entusiasme blant barna.\u00a0De deltar i stor grad selv i produksjonen.<\/span><\/p>\n<p class=\"p1\"><img decoding=\"async\" loading=\"lazy\" class=\"alignnone wp-image-406 size-full\" src=\"http:\/\/bkmbergen.no\/2013\/wp-content\/uploads\/sites\/3\/2014\/06\/mp3kilden_01.jpg\" alt=\"mp3kilden_01\" width=\"730\" height=\"420\" srcset=\"https:\/\/bkmbergen.no\/2013\/wp-content\/uploads\/sites\/3\/2014\/06\/mp3kilden_01.jpg 730w, https:\/\/bkmbergen.no\/2013\/wp-content\/uploads\/sites\/3\/2014\/06\/mp3kilden_01-300x172.jpg 300w\" sizes=\"(max-width: 730px) 100vw, 730px\" \/><\/p>\n<p class=\"p1\">\n","protected":false},"excerpt":{"rendered":"<p>Ung i BKM Bergen Ungdomsgruppen BKM Bergen utgj\u00f8r\u00a0213 personer i alderen 13 til 35 \u00e5r.\u00a0I\u00a0l\u00f8pet av 2013 hadde de\u00a028 samlinger\u00a0med et gjennomsnittlig bes\u00f8k p\u00e5 ca.\u00a0140.\u00a0Ungdomsgruppen samles til trosoppbyggelse hver mandag kveld. Kvelden er som regel ikke forh\u00e5ndsregissert, s\u00e5 det er frihet for alle til \u00e5 bidra. Sentrale temaer er utfordringene i ungdomstiden og hvordan Bibelen\u00a0gir verdifull veiledning og hjelp. Ungdommene har mange aktiviteter sammen. Sport, kultur, lek, kaffebar og turer bygger et sterkt fellesskap.\u00a0Gjensidig vennskap og hjelp st\u00e5r sterkt. En&hellip;<\/p>\n","protected":false},"author":2,"featured_media":0,"parent":0,"menu_order":0,"comment_status":"open","ping_status":"open","template":"","meta":[],"categories":[],"tags":[],"_links":{"self":[{"href":"https:\/\/bkmbergen.no\/2013\/wp-json\/wp\/v2\/pages\/84"}],"collection":[{"href":"https:\/\/bkmbergen.no\/2013\/wp-json\/wp\/v2\/pages"}],"about":[{"href":"https:\/\/bkmbergen.no\/2013\/wp-json\/wp\/v2\/types\/page"}],"author":[{"embeddable":true,"href":"https:\/\/bkmbergen.no\/2013\/wp-json\/wp\/v2\/users\/2"}],"replies":[{"embeddable":true,"href":"https:\/\/bkmbergen.no\/2013\/wp-json\/wp\/v2\/comments?post=84"}],"version-history":[{"count":24,"href":"https:\/\/bkmbergen.no\/2013\/wp-json\/wp\/v2\/pages\/84\/revisions"}],"predecessor-version":[{"id":515,"href":"https:\/\/bkmbergen.no\/2013\/wp-json\/wp\/v2\/pages\/84\/revisions\/515"}],"wp:attachment":[{"href":"https:\/\/bkmbergen.no\/2013\/wp-json\/wp\/v2\/media?parent=84"}],"wp:term":[{"taxonomy":"category","embeddable":true,"href":"https:\/\/bkmbergen.no\/2013\/wp-json\/wp\/v2\/categories?post=84"},{"taxonomy":"post_tag","embeddable":true,"href":"https:\/\/bkmbergen.no\/2013\/wp-json\/wp\/v2\/tags?post=84"}],"curies":[{"name":"wp","href":"https:\/\/api.w.org\/{rel}","templated":true}]}}