{"id":88,"date":"2014-06-18T20:38:03","date_gmt":"2014-06-18T18:38:03","guid":{"rendered":"http:\/\/bkmbergen.no\/2013\/?page_id=88"},"modified":"2014-11-19T15:00:04","modified_gmt":"2014-11-19T14:00:04","slug":"trosopplaering","status":"publish","type":"page","link":"https:\/\/bkmbergen.no\/2013\/trosopplaering\/","title":{"rendered":"Trosoppl\u00e6ring"},"content":{"rendered":"<p class=\"p1\"><span class=\"s1\"><a href=\"http:\/\/bkmbergen.no\/2013\/wp-content\/uploads\/sites\/3\/2014\/06\/gruppebilde.jpg\"><img decoding=\"async\" loading=\"lazy\" class=\"size-full wp-image-224 alignnone\" src=\"http:\/\/bkmbergen.no\/2013\/wp-content\/uploads\/sites\/3\/2014\/06\/gruppebilde.jpg\" alt=\"gruppebilde\" width=\"1024\" height=\"683\" srcset=\"https:\/\/bkmbergen.no\/2013\/wp-content\/uploads\/sites\/3\/2014\/06\/gruppebilde.jpg 1024w, https:\/\/bkmbergen.no\/2013\/wp-content\/uploads\/sites\/3\/2014\/06\/gruppebilde-300x200.jpg 300w\" sizes=\"(max-width: 1024px) 100vw, 1024px\" \/><\/a><\/span><\/p>\n<h1 class=\"p1\">Trosoppl\u00e6ring<\/h1>\n<p class=\"p1\"><span class=\"s1\">BKM Bergen har et eget trosoppl\u00e6ringstilbud for de mellom 14 og 16 \u00e5r. Fordelt over 16-18 uker kurses de i ulike temaer i den kristne tro og BCC sin historie.<\/span><\/p>\n<p class=\"p1\"><span class=\"s1\">I 2013 deltok 13 ungdommer. Det legges ogs\u00e5 opp til en aktiv deltakelse for de som er med p\u00e5 undervisningen.<\/span>Kveldene f\u00e5r derfor ogs\u00e5 form som samtaler og dialog.<\/p>\n<p class=\"p1\"><span class=\"s1\">En tur til BCC sitt historiske opplevelsessenter \u00abDKM Forum\u00bb p\u00e5 Brunstad er ogs\u00e5 en del av undervisningsplanen.\u00a0Trosoppl\u00e6ringen avsluttes med en avslutningsfest i menigheten.<\/span><\/p>\n<p class=\"p1\"><span class=\"s1\">BKM Bergen ser p\u00e5 denne fasen i ungdomslivet som viktig. Ved denne oppl\u00e6ringen f\u00e5r de anledning til \u00e5 lufte sine tanker og meninger i et uformelt milj\u00f8, og bli m\u00f8tt med respekt og forst\u00e5else.<\/span><\/p>\n","protected":false},"excerpt":{"rendered":"<p>Trosoppl\u00e6ring BKM Bergen har et eget trosoppl\u00e6ringstilbud for de mellom 14 og 16 \u00e5r. Fordelt over 16-18 uker kurses de i ulike temaer i den kristne tro og BCC sin historie. I 2013 deltok 13 ungdommer. Det legges ogs\u00e5 opp til en aktiv deltakelse for de som er med p\u00e5 undervisningen.Kveldene f\u00e5r derfor ogs\u00e5 form som samtaler og dialog. En tur til BCC sitt historiske opplevelsessenter \u00abDKM Forum\u00bb p\u00e5 Brunstad er ogs\u00e5 en del av undervisningsplanen.\u00a0Trosoppl\u00e6ringen avsluttes med en avslutningsfest&hellip;<\/p>\n","protected":false},"author":2,"featured_media":0,"parent":0,"menu_order":0,"comment_status":"open","ping_status":"open","template":"","meta":[],"categories":[],"tags":[],"_links":{"self":[{"href":"https:\/\/bkmbergen.no\/2013\/wp-json\/wp\/v2\/pages\/88"}],"collection":[{"href":"https:\/\/bkmbergen.no\/2013\/wp-json\/wp\/v2\/pages"}],"about":[{"href":"https:\/\/bkmbergen.no\/2013\/wp-json\/wp\/v2\/types\/page"}],"author":[{"embeddable":true,"href":"https:\/\/bkmbergen.no\/2013\/wp-json\/wp\/v2\/users\/2"}],"replies":[{"embeddable":true,"href":"https:\/\/bkmbergen.no\/2013\/wp-json\/wp\/v2\/comments?post=88"}],"version-history":[{"count":7,"href":"https:\/\/bkmbergen.no\/2013\/wp-json\/wp\/v2\/pages\/88\/revisions"}],"predecessor-version":[{"id":520,"href":"https:\/\/bkmbergen.no\/2013\/wp-json\/wp\/v2\/pages\/88\/revisions\/520"}],"wp:attachment":[{"href":"https:\/\/bkmbergen.no\/2013\/wp-json\/wp\/v2\/media?parent=88"}],"wp:term":[{"taxonomy":"category","embeddable":true,"href":"https:\/\/bkmbergen.no\/2013\/wp-json\/wp\/v2\/categories?post=88"},{"taxonomy":"post_tag","embeddable":true,"href":"https:\/\/bkmbergen.no\/2013\/wp-json\/wp\/v2\/tags?post=88"}],"curies":[{"name":"wp","href":"https:\/\/api.w.org\/{rel}","templated":true}]}}