{"id":94,"date":"2014-06-18T20:39:58","date_gmt":"2014-06-18T18:39:58","guid":{"rendered":"http:\/\/bkmbergen.no\/2013\/?page_id=94"},"modified":"2014-11-19T14:58:44","modified_gmt":"2014-11-19T13:58:44","slug":"senior-i-bkm-bergen","status":"publish","type":"page","link":"https:\/\/bkmbergen.no\/2013\/senior-i-bkm-bergen\/","title":{"rendered":"Senior i BKM Bergen"},"content":{"rendered":"<p class=\"p1\"><span class=\"s1\"><a href=\"http:\/\/bkmbergen.no\/2013\/wp-content\/uploads\/sites\/3\/2014\/06\/StavangerWEB-Doc2291-Pic17349-senior_web_19.jpg\"><img decoding=\"async\" loading=\"lazy\" class=\"size-full wp-image-303 alignnone\" src=\"http:\/\/bkmbergen.no\/2013\/wp-content\/uploads\/sites\/3\/2014\/06\/StavangerWEB-Doc2291-Pic17349-senior_web_19.jpg\" alt=\"StavangerWEB-Doc2291-Pic17349-senior_web_19\" width=\"729\" height=\"486\" srcset=\"https:\/\/bkmbergen.no\/2013\/wp-content\/uploads\/sites\/3\/2014\/06\/StavangerWEB-Doc2291-Pic17349-senior_web_19.jpg 729w, https:\/\/bkmbergen.no\/2013\/wp-content\/uploads\/sites\/3\/2014\/06\/StavangerWEB-Doc2291-Pic17349-senior_web_19-300x200.jpg 300w\" sizes=\"(max-width: 729px) 100vw, 729px\" \/><\/a><\/span><\/p>\n<h1 class=\"p1\">Senior i BKM Bergen<\/h1>\n<p class=\"p1\"><span class=\"s1\">Aldersgruppen 60+ i BKM Bergen utgj\u00f8r i dag over 50 personer. Mange av dem har kjent hverandre i flere ti\u00e5r gjennom arbeid, sorger og gleder i menigheten.\u00a0<\/span><\/p>\n<p class=\"p1\">BKM Bergen regner de over\u00a060 som\u00a0et stort aktivum i menighetsarbeidet.\u00a0De\u00a0involverer seg i det som er praktisk og naturlig for deres aldersgruppe. Flere \u00e5rem\u00e5lsdager ble feiret i 2013. De\u00a0hadde dagstur til Stord, hvor de\u00a0hadde felles samling med 60+ gruppene i BKM Stord og BKM Stavanger.<\/p>\n<p class=\"p1\"><span class=\"s1\">Seniorene i BKM Bergen opplever respekt og fellesskap,\u00a0b\u00e5de blant ung og gammel. De\u00a0er en del av et samfunn\u00a0der troen og livet reduserer generasjonsskillene betraktelig. Ofte viskes disse skillene helt bort. Dette er en skj\u00f8nn f\u00f8lelse \u00e5 ha i livets avslutning.<\/span><\/p>\n","protected":false},"excerpt":{"rendered":"<p>Senior i BKM Bergen Aldersgruppen 60+ i BKM Bergen utgj\u00f8r i dag over 50 personer. Mange av dem har kjent hverandre i flere ti\u00e5r gjennom arbeid, sorger og gleder i menigheten.\u00a0 BKM Bergen regner de over\u00a060 som\u00a0et stort aktivum i menighetsarbeidet.\u00a0De\u00a0involverer seg i det som er praktisk og naturlig for deres aldersgruppe. Flere \u00e5rem\u00e5lsdager ble feiret i 2013. De\u00a0hadde dagstur til Stord, hvor de\u00a0hadde felles samling med 60+ gruppene i BKM Stord og BKM Stavanger. Seniorene i BKM Bergen opplever&hellip;<\/p>\n","protected":false},"author":2,"featured_media":0,"parent":0,"menu_order":0,"comment_status":"open","ping_status":"open","template":"","meta":[],"categories":[],"tags":[],"_links":{"self":[{"href":"https:\/\/bkmbergen.no\/2013\/wp-json\/wp\/v2\/pages\/94"}],"collection":[{"href":"https:\/\/bkmbergen.no\/2013\/wp-json\/wp\/v2\/pages"}],"about":[{"href":"https:\/\/bkmbergen.no\/2013\/wp-json\/wp\/v2\/types\/page"}],"author":[{"embeddable":true,"href":"https:\/\/bkmbergen.no\/2013\/wp-json\/wp\/v2\/users\/2"}],"replies":[{"embeddable":true,"href":"https:\/\/bkmbergen.no\/2013\/wp-json\/wp\/v2\/comments?post=94"}],"version-history":[{"count":8,"href":"https:\/\/bkmbergen.no\/2013\/wp-json\/wp\/v2\/pages\/94\/revisions"}],"predecessor-version":[{"id":518,"href":"https:\/\/bkmbergen.no\/2013\/wp-json\/wp\/v2\/pages\/94\/revisions\/518"}],"wp:attachment":[{"href":"https:\/\/bkmbergen.no\/2013\/wp-json\/wp\/v2\/media?parent=94"}],"wp:term":[{"taxonomy":"category","embeddable":true,"href":"https:\/\/bkmbergen.no\/2013\/wp-json\/wp\/v2\/categories?post=94"},{"taxonomy":"post_tag","embeddable":true,"href":"https:\/\/bkmbergen.no\/2013\/wp-json\/wp\/v2\/tags?post=94"}],"curies":[{"name":"wp","href":"https:\/\/api.w.org\/{rel}","templated":true}]}}