{"id":10,"date":"2017-08-20T20:42:21","date_gmt":"2017-08-20T18:42:21","guid":{"rendered":"http:\/\/bkmbergen.no\/2016\/?page_id=10"},"modified":"2017-08-21T19:33:10","modified_gmt":"2017-08-21T17:33:10","slug":"vare-samlinger","status":"publish","type":"page","link":"https:\/\/bkmbergen.no\/2016\/vare-samlinger\/","title":{"rendered":"V\u00e5re samlinger"},"content":{"rendered":"<p>I tillegg til de faste m\u00f8tene har vi i 2016 v\u00e6rt samlet til flere fester og begivenheter. Gjennom \u00e5ret har menigheten blant annet invitert til bryllupsfeiring for tre par, og arrangert fest for ungdom som har gjennomf\u00f8rt trosoppl\u00e6ring.<\/p>\n<p><img decoding=\"async\" loading=\"lazy\" class=\"alignnone wp-image-60 size-full\" src=\"http:\/\/bkmbergen.no\/2016\/wp-content\/uploads\/sites\/6\/2017\/08\/Bryllup.jpg\" alt=\"\" width=\"1024\" height=\"292\" srcset=\"https:\/\/bkmbergen.no\/2016\/wp-content\/uploads\/sites\/6\/2017\/08\/Bryllup.jpg 1024w, https:\/\/bkmbergen.no\/2016\/wp-content\/uploads\/sites\/6\/2017\/08\/Bryllup-300x86.jpg 300w, https:\/\/bkmbergen.no\/2016\/wp-content\/uploads\/sites\/6\/2017\/08\/Bryllup-768x219.jpg 768w\" sizes=\"(max-width: 1024px) 100vw, 1024px\" \/><\/p>\n<p>&nbsp;<\/p>\n<p>En s\u00f8ndags formiddag i november ble det holdt d\u00e5p for 22 ungdommer fra BKM Bergen. Etter seremonien var hele menigheten var samlet til d\u00e5psfest, hvor disse unge sto i sentrum for oppmuntrende ord fra foreldre og venner.\u00a0Menigheten ser p\u00e5 d\u00e5p som et bevisst valg \u00e5 ta, som voksen eller i ungdoms\u00e5rene.<\/p>\n<p>H\u00f8ytidsdager som 17.mai og jul har ogs\u00e5 blitt markert, og i juni sto sommerfest med konsert\u00a0 p\u00e5 programmet. Nytt av \u00e5ret er inspirasjonsfester med fokus p\u00e5 giverglede og fellesskap, som har skapt mange h\u00f8ydepunkter gjennom 2016.<\/p>\n<p><img decoding=\"async\" loading=\"lazy\" class=\"alignnone wp-image-67 size-full\" src=\"http:\/\/bkmbergen.no\/2016\/wp-content\/uploads\/sites\/6\/2017\/08\/bu.jpg\" alt=\"\" width=\"1240\" height=\"393\" srcset=\"https:\/\/bkmbergen.no\/2016\/wp-content\/uploads\/sites\/6\/2017\/08\/bu.jpg 1240w, https:\/\/bkmbergen.no\/2016\/wp-content\/uploads\/sites\/6\/2017\/08\/bu-300x95.jpg 300w, https:\/\/bkmbergen.no\/2016\/wp-content\/uploads\/sites\/6\/2017\/08\/bu-768x243.jpg 768w, https:\/\/bkmbergen.no\/2016\/wp-content\/uploads\/sites\/6\/2017\/08\/bu-1024x325.jpg 1024w\" sizes=\"(max-width: 1240px) 100vw, 1240px\" \/><\/p>\n","protected":false},"excerpt":{"rendered":"<p>I tillegg til de faste m\u00f8tene har vi i 2016 v\u00e6rt samlet til flere fester og begivenheter. Gjennom \u00e5ret har menigheten blant annet invitert til bryllupsfeiring for tre par, og arrangert fest for ungdom som har gjennomf\u00f8rt trosoppl\u00e6ring. &nbsp; En s\u00f8ndags formiddag i november ble det holdt d\u00e5p for 22 ungdommer fra BKM Bergen. Etter seremonien var hele menigheten var samlet til d\u00e5psfest, hvor disse unge sto i sentrum for oppmuntrende ord fra foreldre og venner.\u00a0Menigheten ser p\u00e5 d\u00e5p som&hellip;<\/p>\n","protected":false},"author":3,"featured_media":0,"parent":0,"menu_order":0,"comment_status":"closed","ping_status":"closed","template":"","meta":[],"categories":[],"tags":[],"_links":{"self":[{"href":"https:\/\/bkmbergen.no\/2016\/wp-json\/wp\/v2\/pages\/10"}],"collection":[{"href":"https:\/\/bkmbergen.no\/2016\/wp-json\/wp\/v2\/pages"}],"about":[{"href":"https:\/\/bkmbergen.no\/2016\/wp-json\/wp\/v2\/types\/page"}],"author":[{"embeddable":true,"href":"https:\/\/bkmbergen.no\/2016\/wp-json\/wp\/v2\/users\/3"}],"replies":[{"embeddable":true,"href":"https:\/\/bkmbergen.no\/2016\/wp-json\/wp\/v2\/comments?post=10"}],"version-history":[{"count":9,"href":"https:\/\/bkmbergen.no\/2016\/wp-json\/wp\/v2\/pages\/10\/revisions"}],"predecessor-version":[{"id":68,"href":"https:\/\/bkmbergen.no\/2016\/wp-json\/wp\/v2\/pages\/10\/revisions\/68"}],"wp:attachment":[{"href":"https:\/\/bkmbergen.no\/2016\/wp-json\/wp\/v2\/media?parent=10"}],"wp:term":[{"taxonomy":"category","embeddable":true,"href":"https:\/\/bkmbergen.no\/2016\/wp-json\/wp\/v2\/categories?post=10"},{"taxonomy":"post_tag","embeddable":true,"href":"https:\/\/bkmbergen.no\/2016\/wp-json\/wp\/v2\/tags?post=10"}],"curies":[{"name":"wp","href":"https:\/\/api.w.org\/{rel}","templated":true}]}}