{"id":12,"date":"2017-08-20T20:43:42","date_gmt":"2017-08-20T18:43:42","guid":{"rendered":"http:\/\/bkmbergen.no\/2016\/?page_id=12"},"modified":"2017-08-21T19:44:23","modified_gmt":"2017-08-21T17:44:23","slug":"frivillighet","status":"publish","type":"page","link":"https:\/\/bkmbergen.no\/2016\/frivillighet\/","title":{"rendered":"Frivillighet"},"content":{"rendered":"<p>N\u00e5r BKM Bergen i \u00e5rsskiftet 2018\/2019 feirer sitt 100\u00e5rs jubileum, vil medlemmene kunne se tilbake p\u00e5 et \u00e5rhundre rikt p\u00e5 festlige begivenheter. Vi har ogs\u00e5 samarbeidet om en rekke historiske prosjekter, og trolig er det disse som vil bli husket med st\u00f8rst glede.<\/p>\n<p>N\u00e5r mennesker med ulike evner og interesser samarbeider og f\u00e5r bidra p\u00e5 sin m\u00e5te, oppst\u00e5r det trivsel og et samhold vi opplever som unikt.<\/p>\n<p><img decoding=\"async\" loading=\"lazy\" class=\"alignnone wp-image-69 size-full\" src=\"http:\/\/bkmbergen.no\/2016\/wp-content\/uploads\/sites\/6\/2017\/08\/Frivillighet.jpg\" alt=\"\" width=\"1600\" height=\"733\" srcset=\"https:\/\/bkmbergen.no\/2016\/wp-content\/uploads\/sites\/6\/2017\/08\/Frivillighet.jpg 1600w, https:\/\/bkmbergen.no\/2016\/wp-content\/uploads\/sites\/6\/2017\/08\/Frivillighet-300x137.jpg 300w, https:\/\/bkmbergen.no\/2016\/wp-content\/uploads\/sites\/6\/2017\/08\/Frivillighet-768x352.jpg 768w, https:\/\/bkmbergen.no\/2016\/wp-content\/uploads\/sites\/6\/2017\/08\/Frivillighet-1024x469.jpg 1024w\" sizes=\"(max-width: 1600px) 100vw, 1600px\" \/><\/p>\n<p>Tradisjonen for frivillig innsats er fremdeles en viktig del av v\u00e5r virksomhet. Det legges ned stor innsats p\u00e5 mange forskjellige omr\u00e5der, slik at s\u00e6rlig de unge kan ha gode aktivitetstilbud, uansett interesse.<\/p>\n<p>Vi vil ogs\u00e5\u00a0i \u00e5rene fremover tilrettelegge best mulig for de som vil gj\u00f8re\u00a0en\u00a0frivillig innsats, og ha samlinger for \u00e5 undervise og motivere de som vil bidra.\u00a0Vi oppmuntrer ungdom fra 17 \u00e5r til \u00e5 v\u00e6re mentorer for de yngre. Sammen med eldre ungdom og voksne f\u00e5r de ha ansvar for ulike oppgaver og aktiviteter.\u00a0\u00a0P\u00e5 den m\u00e5ten l\u00e6rer ungdommene \u00e5 vise omsorg for andre, p\u00e5\u00a0samme m\u00e5te som de fleste selv har opplevd som barn i menigheten.\u00a0\u00a0Vi ser at ungdommenes positive engasjement motvirker passivitet, og at det ogs\u00e5 forebygger negativ adferd og destruktive ungdomskulturer.<\/p>\n<p>Vi tror frivillig arbeidsinnsats ogs\u00e5 i fremtiden vil v\u00e6re b\u00e6rebjelken i v\u00e5r virksomhet, og pr. i dag har vi\u00a0ingen l\u00f8nnende stillinger.<\/p>\n","protected":false},"excerpt":{"rendered":"<p>N\u00e5r BKM Bergen i \u00e5rsskiftet 2018\/2019 feirer sitt 100\u00e5rs jubileum, vil medlemmene kunne se tilbake p\u00e5 et \u00e5rhundre rikt p\u00e5 festlige begivenheter. Vi har ogs\u00e5 samarbeidet om en rekke historiske prosjekter, og trolig er det disse som vil bli husket med st\u00f8rst glede. N\u00e5r mennesker med ulike evner og interesser samarbeider og f\u00e5r bidra p\u00e5 sin m\u00e5te, oppst\u00e5r det trivsel og et samhold vi opplever som unikt. Tradisjonen for frivillig innsats er fremdeles en viktig del av v\u00e5r virksomhet. Det&hellip;<\/p>\n","protected":false},"author":3,"featured_media":0,"parent":0,"menu_order":0,"comment_status":"closed","ping_status":"closed","template":"","meta":[],"categories":[],"tags":[],"_links":{"self":[{"href":"https:\/\/bkmbergen.no\/2016\/wp-json\/wp\/v2\/pages\/12"}],"collection":[{"href":"https:\/\/bkmbergen.no\/2016\/wp-json\/wp\/v2\/pages"}],"about":[{"href":"https:\/\/bkmbergen.no\/2016\/wp-json\/wp\/v2\/types\/page"}],"author":[{"embeddable":true,"href":"https:\/\/bkmbergen.no\/2016\/wp-json\/wp\/v2\/users\/3"}],"replies":[{"embeddable":true,"href":"https:\/\/bkmbergen.no\/2016\/wp-json\/wp\/v2\/comments?post=12"}],"version-history":[{"count":2,"href":"https:\/\/bkmbergen.no\/2016\/wp-json\/wp\/v2\/pages\/12\/revisions"}],"predecessor-version":[{"id":70,"href":"https:\/\/bkmbergen.no\/2016\/wp-json\/wp\/v2\/pages\/12\/revisions\/70"}],"wp:attachment":[{"href":"https:\/\/bkmbergen.no\/2016\/wp-json\/wp\/v2\/media?parent=12"}],"wp:term":[{"taxonomy":"category","embeddable":true,"href":"https:\/\/bkmbergen.no\/2016\/wp-json\/wp\/v2\/categories?post=12"},{"taxonomy":"post_tag","embeddable":true,"href":"https:\/\/bkmbergen.no\/2016\/wp-json\/wp\/v2\/tags?post=12"}],"curies":[{"name":"wp","href":"https:\/\/api.w.org\/{rel}","templated":true}]}}