{"id":14,"date":"2017-08-20T20:44:34","date_gmt":"2017-08-20T18:44:34","guid":{"rendered":"http:\/\/bkmbergen.no\/2016\/?page_id=14"},"modified":"2017-08-21T20:31:48","modified_gmt":"2017-08-21T18:31:48","slug":"barn","status":"publish","type":"page","link":"https:\/\/bkmbergen.no\/2016\/barn\/","title":{"rendered":"Barn"},"content":{"rendered":"<p>I BKM Bergen var det i 2016 i underkant av 150 barn til sammen i aldersgruppen fra 3-12 \u00e5r.<\/p>\n<p>17.mai, barnas dag, ble\u00a0markert med en samling for hele BKM Bergen. Etter en mer h\u00f8ytidelig \u00e5pning, fikk alle barn bl\u00e5se\u00a0h\u00f8ylytt fra seg i medbrakte instrumenter fra scenekanten. Engasjerte ungdommer arrangerte konkurranser med premier til de heldige og treffsikre.<\/p>\n<p><img decoding=\"async\" loading=\"lazy\" class=\"alignnone size-full wp-image-81\" src=\"http:\/\/bkmbergen.no\/2016\/wp-content\/uploads\/sites\/6\/2017\/08\/Barn1.jpg\" alt=\"\" width=\"2000\" height=\"1000\" srcset=\"https:\/\/bkmbergen.no\/2016\/wp-content\/uploads\/sites\/6\/2017\/08\/Barn1.jpg 2000w, https:\/\/bkmbergen.no\/2016\/wp-content\/uploads\/sites\/6\/2017\/08\/Barn1-300x150.jpg 300w, https:\/\/bkmbergen.no\/2016\/wp-content\/uploads\/sites\/6\/2017\/08\/Barn1-768x384.jpg 768w, https:\/\/bkmbergen.no\/2016\/wp-content\/uploads\/sites\/6\/2017\/08\/Barn1-1024x512.jpg 1024w\" sizes=\"(max-width: 2000px) 100vw, 2000px\" \/><\/p>\n<p>Aktivitetsklubben, for barn fra 2 \u2013 7. klasse, ble avsluttet f\u00f8r sommerferien med en felles tur til stedet Torsteinsl\u00e5tta i Hallingdal. Et nydelig forsommerv\u00e6r og vakker natur gav rammen for en minnerik tur.<\/p>\n<p>Fotballsluttspillet mellom Oslofjord- og Vestlandsligaen samlet lag fra hele Norge til en spennende festhelg i november. Marsteinen Idrettslag var \u00e5rets vert for arrangementet, og i den forbindelse ble ca 400 tilreisende spillere, trenere og foreldre innkvartert i private hjem.<\/p>\n<p><img decoding=\"async\" loading=\"lazy\" class=\"alignnone size-full wp-image-82\" src=\"http:\/\/bkmbergen.no\/2016\/wp-content\/uploads\/sites\/6\/2017\/08\/Barn2.jpg\" alt=\"\" width=\"2000\" height=\"783\" srcset=\"https:\/\/bkmbergen.no\/2016\/wp-content\/uploads\/sites\/6\/2017\/08\/Barn2.jpg 2000w, https:\/\/bkmbergen.no\/2016\/wp-content\/uploads\/sites\/6\/2017\/08\/Barn2-300x117.jpg 300w, https:\/\/bkmbergen.no\/2016\/wp-content\/uploads\/sites\/6\/2017\/08\/Barn2-768x301.jpg 768w, https:\/\/bkmbergen.no\/2016\/wp-content\/uploads\/sites\/6\/2017\/08\/Barn2-1024x401.jpg 1024w\" sizes=\"(max-width: 2000px) 100vw, 2000px\" \/><\/p>\n","protected":false},"excerpt":{"rendered":"<p>I BKM Bergen var det i 2016 i underkant av 150 barn til sammen i aldersgruppen fra 3-12 \u00e5r. 17.mai, barnas dag, ble\u00a0markert med en samling for hele BKM Bergen. Etter en mer h\u00f8ytidelig \u00e5pning, fikk alle barn bl\u00e5se\u00a0h\u00f8ylytt fra seg i medbrakte instrumenter fra scenekanten. Engasjerte ungdommer arrangerte konkurranser med premier til de heldige og treffsikre. Aktivitetsklubben, for barn fra 2 \u2013 7. klasse, ble avsluttet f\u00f8r sommerferien med en felles tur til stedet Torsteinsl\u00e5tta i Hallingdal. Et nydelig&hellip;<\/p>\n","protected":false},"author":3,"featured_media":0,"parent":0,"menu_order":0,"comment_status":"closed","ping_status":"closed","template":"","meta":[],"categories":[],"tags":[],"_links":{"self":[{"href":"https:\/\/bkmbergen.no\/2016\/wp-json\/wp\/v2\/pages\/14"}],"collection":[{"href":"https:\/\/bkmbergen.no\/2016\/wp-json\/wp\/v2\/pages"}],"about":[{"href":"https:\/\/bkmbergen.no\/2016\/wp-json\/wp\/v2\/types\/page"}],"author":[{"embeddable":true,"href":"https:\/\/bkmbergen.no\/2016\/wp-json\/wp\/v2\/users\/3"}],"replies":[{"embeddable":true,"href":"https:\/\/bkmbergen.no\/2016\/wp-json\/wp\/v2\/comments?post=14"}],"version-history":[{"count":3,"href":"https:\/\/bkmbergen.no\/2016\/wp-json\/wp\/v2\/pages\/14\/revisions"}],"predecessor-version":[{"id":84,"href":"https:\/\/bkmbergen.no\/2016\/wp-json\/wp\/v2\/pages\/14\/revisions\/84"}],"wp:attachment":[{"href":"https:\/\/bkmbergen.no\/2016\/wp-json\/wp\/v2\/media?parent=14"}],"wp:term":[{"taxonomy":"category","embeddable":true,"href":"https:\/\/bkmbergen.no\/2016\/wp-json\/wp\/v2\/categories?post=14"},{"taxonomy":"post_tag","embeddable":true,"href":"https:\/\/bkmbergen.no\/2016\/wp-json\/wp\/v2\/tags?post=14"}],"curies":[{"name":"wp","href":"https:\/\/api.w.org\/{rel}","templated":true}]}}