{"id":16,"date":"2017-08-20T20:45:20","date_gmt":"2017-08-20T18:45:20","guid":{"rendered":"http:\/\/bkmbergen.no\/2016\/?page_id=16"},"modified":"2017-08-21T20:35:41","modified_gmt":"2017-08-21T18:35:41","slug":"ungdom","status":"publish","type":"page","link":"https:\/\/bkmbergen.no\/2016\/ungdom\/","title":{"rendered":"Ungdom"},"content":{"rendered":"<p>Ungdomsgruppen i BKM Bergen opplevde \u00e5ret 2016 som sv\u00e6rt innholdsrikt og utviklende p\u00e5 mange plan. Gjennom \u00e5ret har ungdommene b\u00e5de v\u00e6rt deltakere og arrang\u00f8rer av fester, turer og arrangementer av ulik art. Rundt 140 ungdommer deltok aktivt p\u00e5 ungdomsgruppens ukentlige samlinger. Mange av ungdommene deltok ogs\u00e5 i interessegrupper som dykking, fotball fordypning og \u00abAdventure\u00bb, hvor de kunne ut\u00f8ve sine hobbyer sammen med likesinnede, med det form\u00e5l\u00a0 \u00e5 gi den enkelte ungdom muligheten til \u00e5 utfolde seg, oppleve mestring og fellesskap, innenfor sine interessefelt.<\/p>\n<p><img decoding=\"async\" loading=\"lazy\" class=\"alignnone size-full wp-image-86\" src=\"http:\/\/bkmbergen.no\/2016\/wp-content\/uploads\/sites\/6\/2017\/08\/Ungdom.jpg\" alt=\"\" width=\"2000\" height=\"1157\" srcset=\"https:\/\/bkmbergen.no\/2016\/wp-content\/uploads\/sites\/6\/2017\/08\/Ungdom.jpg 2000w, https:\/\/bkmbergen.no\/2016\/wp-content\/uploads\/sites\/6\/2017\/08\/Ungdom-300x174.jpg 300w, https:\/\/bkmbergen.no\/2016\/wp-content\/uploads\/sites\/6\/2017\/08\/Ungdom-768x444.jpg 768w, https:\/\/bkmbergen.no\/2016\/wp-content\/uploads\/sites\/6\/2017\/08\/Ungdom-1024x592.jpg 1024w\" sizes=\"(max-width: 2000px) 100vw, 2000px\" \/><\/p>\n","protected":false},"excerpt":{"rendered":"<p>Ungdomsgruppen i BKM Bergen opplevde \u00e5ret 2016 som sv\u00e6rt innholdsrikt og utviklende p\u00e5 mange plan. Gjennom \u00e5ret har ungdommene b\u00e5de v\u00e6rt deltakere og arrang\u00f8rer av fester, turer og arrangementer av ulik art. Rundt 140 ungdommer deltok aktivt p\u00e5 ungdomsgruppens ukentlige samlinger. Mange av ungdommene deltok ogs\u00e5 i interessegrupper som dykking, fotball fordypning og \u00abAdventure\u00bb, hvor de kunne ut\u00f8ve sine hobbyer sammen med likesinnede, med det form\u00e5l\u00a0 \u00e5 gi den enkelte ungdom muligheten til \u00e5 utfolde seg, oppleve mestring og fellesskap,&hellip;<\/p>\n","protected":false},"author":3,"featured_media":0,"parent":0,"menu_order":0,"comment_status":"closed","ping_status":"closed","template":"","meta":[],"categories":[],"tags":[],"_links":{"self":[{"href":"https:\/\/bkmbergen.no\/2016\/wp-json\/wp\/v2\/pages\/16"}],"collection":[{"href":"https:\/\/bkmbergen.no\/2016\/wp-json\/wp\/v2\/pages"}],"about":[{"href":"https:\/\/bkmbergen.no\/2016\/wp-json\/wp\/v2\/types\/page"}],"author":[{"embeddable":true,"href":"https:\/\/bkmbergen.no\/2016\/wp-json\/wp\/v2\/users\/3"}],"replies":[{"embeddable":true,"href":"https:\/\/bkmbergen.no\/2016\/wp-json\/wp\/v2\/comments?post=16"}],"version-history":[{"count":3,"href":"https:\/\/bkmbergen.no\/2016\/wp-json\/wp\/v2\/pages\/16\/revisions"}],"predecessor-version":[{"id":87,"href":"https:\/\/bkmbergen.no\/2016\/wp-json\/wp\/v2\/pages\/16\/revisions\/87"}],"wp:attachment":[{"href":"https:\/\/bkmbergen.no\/2016\/wp-json\/wp\/v2\/media?parent=16"}],"wp:term":[{"taxonomy":"category","embeddable":true,"href":"https:\/\/bkmbergen.no\/2016\/wp-json\/wp\/v2\/categories?post=16"},{"taxonomy":"post_tag","embeddable":true,"href":"https:\/\/bkmbergen.no\/2016\/wp-json\/wp\/v2\/tags?post=16"}],"curies":[{"name":"wp","href":"https:\/\/api.w.org\/{rel}","templated":true}]}}