{"id":18,"date":"2017-08-20T20:46:21","date_gmt":"2017-08-20T18:46:21","guid":{"rendered":"http:\/\/bkmbergen.no\/2016\/?page_id=18"},"modified":"2017-08-21T20:46:19","modified_gmt":"2017-08-21T18:46:19","slug":"trosopplaering","status":"publish","type":"page","link":"https:\/\/bkmbergen.no\/2016\/trosopplaering\/","title":{"rendered":"Trosoppl\u00e6ring"},"content":{"rendered":"<p>2016 var et spesielt \u00e5r for 19 ungdommer i alderen 15-17 \u00e5r. Gjennom et halvt \u00e5r var disse samlet annenhver uke for \u00e5 f\u00e5 et st\u00f8rre innblikk i menighetens trosgrunnlag og historie. Hver samling hadde et hovedtema som ga anledning til gode reflekterende samtaler. Mot slutten av undervisningsperioden ble det arrangert en tur til Brunstad for deltakerne. Her fikk de oppleve historiesenteret &laquo;Forum&raquo;. Dette ga innblikk i menighetens f\u00f8rste tid, samt personer og hendelser som har hatt stor betydning for menighetens historie og utvikling. Som en avslutning p\u00e5 Bibelundervisningen ble det holdt en fest for ungdommene.<\/p>\n<p><img decoding=\"async\" loading=\"lazy\" class=\"alignnone size-full wp-image-91\" src=\"http:\/\/bkmbergen.no\/2016\/wp-content\/uploads\/sites\/6\/2017\/08\/Forum.jpg\" alt=\"\" width=\"948\" height=\"430\" srcset=\"https:\/\/bkmbergen.no\/2016\/wp-content\/uploads\/sites\/6\/2017\/08\/Forum.jpg 948w, https:\/\/bkmbergen.no\/2016\/wp-content\/uploads\/sites\/6\/2017\/08\/Forum-300x136.jpg 300w, https:\/\/bkmbergen.no\/2016\/wp-content\/uploads\/sites\/6\/2017\/08\/Forum-768x348.jpg 768w\" sizes=\"(max-width: 948px) 100vw, 948px\" \/><\/p>\n","protected":false},"excerpt":{"rendered":"<p>2016 var et spesielt \u00e5r for 19 ungdommer i alderen 15-17 \u00e5r. Gjennom et halvt \u00e5r var disse samlet annenhver uke for \u00e5 f\u00e5 et st\u00f8rre innblikk i menighetens trosgrunnlag og historie. Hver samling hadde et hovedtema som ga anledning til gode reflekterende samtaler. Mot slutten av undervisningsperioden ble det arrangert en tur til Brunstad for deltakerne. Her fikk de oppleve historiesenteret &laquo;Forum&raquo;. Dette ga innblikk i menighetens f\u00f8rste tid, samt personer og hendelser som har hatt stor betydning for&hellip;<\/p>\n","protected":false},"author":3,"featured_media":0,"parent":0,"menu_order":0,"comment_status":"closed","ping_status":"closed","template":"","meta":[],"categories":[],"tags":[],"_links":{"self":[{"href":"https:\/\/bkmbergen.no\/2016\/wp-json\/wp\/v2\/pages\/18"}],"collection":[{"href":"https:\/\/bkmbergen.no\/2016\/wp-json\/wp\/v2\/pages"}],"about":[{"href":"https:\/\/bkmbergen.no\/2016\/wp-json\/wp\/v2\/types\/page"}],"author":[{"embeddable":true,"href":"https:\/\/bkmbergen.no\/2016\/wp-json\/wp\/v2\/users\/3"}],"replies":[{"embeddable":true,"href":"https:\/\/bkmbergen.no\/2016\/wp-json\/wp\/v2\/comments?post=18"}],"version-history":[{"count":2,"href":"https:\/\/bkmbergen.no\/2016\/wp-json\/wp\/v2\/pages\/18\/revisions"}],"predecessor-version":[{"id":92,"href":"https:\/\/bkmbergen.no\/2016\/wp-json\/wp\/v2\/pages\/18\/revisions\/92"}],"wp:attachment":[{"href":"https:\/\/bkmbergen.no\/2016\/wp-json\/wp\/v2\/media?parent=18"}],"wp:term":[{"taxonomy":"category","embeddable":true,"href":"https:\/\/bkmbergen.no\/2016\/wp-json\/wp\/v2\/categories?post=18"},{"taxonomy":"post_tag","embeddable":true,"href":"https:\/\/bkmbergen.no\/2016\/wp-json\/wp\/v2\/tags?post=18"}],"curies":[{"name":"wp","href":"https:\/\/api.w.org\/{rel}","templated":true}]}}