{"id":22,"date":"2017-08-20T20:48:39","date_gmt":"2017-08-20T18:48:39","guid":{"rendered":"http:\/\/bkmbergen.no\/2016\/?page_id=22"},"modified":"2017-08-21T21:03:48","modified_gmt":"2017-08-21T19:03:48","slug":"senior","status":"publish","type":"page","link":"https:\/\/bkmbergen.no\/2016\/senior\/","title":{"rendered":"Senior"},"content":{"rendered":"<p>I 2016 ble tradisjonen for m\u00e5nedlige seniortreff gjeninnf\u00f8rt. Her samles seniorene til et bedre m\u00e5ltid p\u00e5 Panorama Hotell og Resort, etterfulgt av underholdning og engasjerende aktiviteter som blant annet quiz, dart og bordtennis. I blant blir gjester fra menigheter i andre byer invitert for \u00e5 delta p\u00e5 seniortreffet.\u00a0 \u00c5ret 2016 ble avsluttet med et festlig og stemningsfylt julebord, med god julemat og underholdning.<\/p>\n<p><img decoding=\"async\" loading=\"lazy\" class=\"alignnone size-full wp-image-93\" src=\"http:\/\/bkmbergen.no\/2016\/wp-content\/uploads\/sites\/6\/2017\/08\/Senior.jpg\" alt=\"\" width=\"2000\" height=\"948\" srcset=\"https:\/\/bkmbergen.no\/2016\/wp-content\/uploads\/sites\/6\/2017\/08\/Senior.jpg 2000w, https:\/\/bkmbergen.no\/2016\/wp-content\/uploads\/sites\/6\/2017\/08\/Senior-300x142.jpg 300w, https:\/\/bkmbergen.no\/2016\/wp-content\/uploads\/sites\/6\/2017\/08\/Senior-768x364.jpg 768w, https:\/\/bkmbergen.no\/2016\/wp-content\/uploads\/sites\/6\/2017\/08\/Senior-1024x485.jpg 1024w\" sizes=\"(max-width: 2000px) 100vw, 2000px\" \/><\/p>\n<p>Hver onsdag samles damene i senioralderen til sosialt treff og enkel lunsj. Samlingene veksler p\u00e5 \u00e5 finne sted rundt om i de forskjellige hjem, og i lokalene til Hellehaugen Hesteg\u00e5rd. Her st\u00e5r den gode samtalen i fokus, og de som \u00f8nsker det tar gjerne med seg sitt h\u00e5ndarbeide.<\/p>\n<p>Mange av seniordamene har barn og barnebarn som er engasjert i SeaSound Choir and Band. De arrangerte derfor et julemarked til inntekt for koret, i forkant av deres julekonsert.<\/p>\n<p><img decoding=\"async\" loading=\"lazy\" class=\"alignnone size-full wp-image-96\" src=\"http:\/\/bkmbergen.no\/2016\/wp-content\/uploads\/sites\/6\/2017\/08\/Strikking.jpg\" alt=\"\" width=\"2000\" height=\"1000\" srcset=\"https:\/\/bkmbergen.no\/2016\/wp-content\/uploads\/sites\/6\/2017\/08\/Strikking.jpg 2000w, https:\/\/bkmbergen.no\/2016\/wp-content\/uploads\/sites\/6\/2017\/08\/Strikking-300x150.jpg 300w, https:\/\/bkmbergen.no\/2016\/wp-content\/uploads\/sites\/6\/2017\/08\/Strikking-768x384.jpg 768w, https:\/\/bkmbergen.no\/2016\/wp-content\/uploads\/sites\/6\/2017\/08\/Strikking-1024x512.jpg 1024w\" sizes=\"(max-width: 2000px) 100vw, 2000px\" \/><\/p>\n","protected":false},"excerpt":{"rendered":"<p>I 2016 ble tradisjonen for m\u00e5nedlige seniortreff gjeninnf\u00f8rt. Her samles seniorene til et bedre m\u00e5ltid p\u00e5 Panorama Hotell og Resort, etterfulgt av underholdning og engasjerende aktiviteter som blant annet quiz, dart og bordtennis. I blant blir gjester fra menigheter i andre byer invitert for \u00e5 delta p\u00e5 seniortreffet.\u00a0 \u00c5ret 2016 ble avsluttet med et festlig og stemningsfylt julebord, med god julemat og underholdning. Hver onsdag samles damene i senioralderen til sosialt treff og enkel lunsj. Samlingene veksler p\u00e5 \u00e5 finne&hellip;<\/p>\n","protected":false},"author":3,"featured_media":0,"parent":0,"menu_order":0,"comment_status":"closed","ping_status":"closed","template":"","meta":[],"categories":[],"tags":[],"_links":{"self":[{"href":"https:\/\/bkmbergen.no\/2016\/wp-json\/wp\/v2\/pages\/22"}],"collection":[{"href":"https:\/\/bkmbergen.no\/2016\/wp-json\/wp\/v2\/pages"}],"about":[{"href":"https:\/\/bkmbergen.no\/2016\/wp-json\/wp\/v2\/types\/page"}],"author":[{"embeddable":true,"href":"https:\/\/bkmbergen.no\/2016\/wp-json\/wp\/v2\/users\/3"}],"replies":[{"embeddable":true,"href":"https:\/\/bkmbergen.no\/2016\/wp-json\/wp\/v2\/comments?post=22"}],"version-history":[{"count":4,"href":"https:\/\/bkmbergen.no\/2016\/wp-json\/wp\/v2\/pages\/22\/revisions"}],"predecessor-version":[{"id":97,"href":"https:\/\/bkmbergen.no\/2016\/wp-json\/wp\/v2\/pages\/22\/revisions\/97"}],"wp:attachment":[{"href":"https:\/\/bkmbergen.no\/2016\/wp-json\/wp\/v2\/media?parent=22"}],"wp:term":[{"taxonomy":"category","embeddable":true,"href":"https:\/\/bkmbergen.no\/2016\/wp-json\/wp\/v2\/categories?post=22"},{"taxonomy":"post_tag","embeddable":true,"href":"https:\/\/bkmbergen.no\/2016\/wp-json\/wp\/v2\/tags?post=22"}],"curies":[{"name":"wp","href":"https:\/\/api.w.org\/{rel}","templated":true}]}}