{"id":6,"date":"2017-08-20T20:39:36","date_gmt":"2017-08-20T18:39:36","guid":{"rendered":"http:\/\/bkmbergen.no\/2016\/?page_id=6"},"modified":"2017-11-07T21:02:14","modified_gmt":"2017-11-07T20:02:14","slug":"start","status":"publish","type":"page","link":"https:\/\/bkmbergen.no\/2016\/","title":{"rendered":"Engasjement og styrket fellesskap"},"content":{"rendered":"<p>[wds id=&raquo;1&#8243;]<\/p>\n<p>&nbsp;<\/p>\n<p>2016 har v\u00e6rt et \u00e5r der vi har opplevd stort engasjement i bredden. Vi opplever en\u00a0menighet som mer enn noen gang inkluderer og \u00f8nsker velkommen den enkeltes bidrag\u00a0til fellesskapet. Vi ser at nye arenaer og fora \u00e5pner for kreativitet og gjensidig\u00a0inspirasjon. \u00c5 bruke evner og ressurser i det som for mange er en hjertesak, oppleves\u00a0som personlig utviklende. Vi har bygget fellesskap i mindre grupper, hvor den enkelte\u00a0blir sett og h\u00f8rt. Resultatet er en menighet hvor det er et h\u00f8yt personlig engasjement,\u00a0hvor alle har en mulighet til \u00e5 p\u00e5virke og bidra. Gjennom \u00e5ret har vi v\u00e6rt samlet til flere\u00a0inspirasjonsfester som har v\u00e6rt preget av\u00a0mye\u00a0kreativitet\u00a0og\u00a0giverglede, og styrket v\u00e5rt felleskap.<\/p>\n","protected":false},"excerpt":{"rendered":"<p>[wds id=&raquo;1&#8243;] &nbsp; 2016 har v\u00e6rt et \u00e5r der vi har opplevd stort engasjement i bredden. Vi opplever en\u00a0menighet som mer enn noen gang inkluderer og \u00f8nsker velkommen den enkeltes bidrag\u00a0til fellesskapet. Vi ser at nye arenaer og fora \u00e5pner for kreativitet og gjensidig\u00a0inspirasjon. \u00c5 bruke evner og ressurser i det som for mange er en hjertesak, oppleves\u00a0som personlig utviklende. Vi har bygget fellesskap i mindre grupper, hvor den enkelte\u00a0blir sett og h\u00f8rt. Resultatet er en menighet hvor det er&hellip;<\/p>\n","protected":false},"author":3,"featured_media":0,"parent":0,"menu_order":0,"comment_status":"closed","ping_status":"closed","template":"","meta":[],"categories":[],"tags":[],"_links":{"self":[{"href":"https:\/\/bkmbergen.no\/2016\/wp-json\/wp\/v2\/pages\/6"}],"collection":[{"href":"https:\/\/bkmbergen.no\/2016\/wp-json\/wp\/v2\/pages"}],"about":[{"href":"https:\/\/bkmbergen.no\/2016\/wp-json\/wp\/v2\/types\/page"}],"author":[{"embeddable":true,"href":"https:\/\/bkmbergen.no\/2016\/wp-json\/wp\/v2\/users\/3"}],"replies":[{"embeddable":true,"href":"https:\/\/bkmbergen.no\/2016\/wp-json\/wp\/v2\/comments?post=6"}],"version-history":[{"count":8,"href":"https:\/\/bkmbergen.no\/2016\/wp-json\/wp\/v2\/pages\/6\/revisions"}],"predecessor-version":[{"id":138,"href":"https:\/\/bkmbergen.no\/2016\/wp-json\/wp\/v2\/pages\/6\/revisions\/138"}],"wp:attachment":[{"href":"https:\/\/bkmbergen.no\/2016\/wp-json\/wp\/v2\/media?parent=6"}],"wp:term":[{"taxonomy":"category","embeddable":true,"href":"https:\/\/bkmbergen.no\/2016\/wp-json\/wp\/v2\/categories?post=6"},{"taxonomy":"post_tag","embeddable":true,"href":"https:\/\/bkmbergen.no\/2016\/wp-json\/wp\/v2\/tags?post=6"}],"curies":[{"name":"wp","href":"https:\/\/api.w.org\/{rel}","templated":true}]}}