{"id":8,"date":"2017-08-20T20:41:15","date_gmt":"2017-08-20T18:41:15","guid":{"rendered":"http:\/\/bkmbergen.no\/2016\/?page_id=8"},"modified":"2017-08-20T22:17:11","modified_gmt":"2017-08-20T20:17:11","slug":"fra-styret","status":"publish","type":"page","link":"https:\/\/bkmbergen.no\/2016\/fra-styret\/","title":{"rendered":"Fra styret"},"content":{"rendered":"<p>N\u00e5r vi ser tilbake p\u00e5 \u00e5ret 2016, er fellesskap og frivillighet to viktige stikkord for aktiviteten som har foreg\u00e5tt i BKM-Bergen. Det har v\u00e6rt et h\u00f8yt aktivitetsniv\u00e5 i menigheten, og det jobbes kontinuerlig for \u00e5 ha et godt og variert aktivitetstilbud til b\u00e5de gammel og ung. Hovedfokuset har v\u00e6rt p\u00e5 barn og unge opp til 25 \u00e5r. Dette kan forklares med at 308 av menighetens 557 medlemmer er under 25\u00e5r. Vi har utfordret oss selv p\u00e5 at alle skal f\u00e5 delta i aktivitetsgrupper innenfor deres interessefelt. Av tilbud til barn og unge kan vi nevne film og media, kor, idrett, friluftsliv, dykking, rideskole og musikkproduksjon. Det er ogs\u00e5 en egen aktivitetsklubb for den eldre garde, som har f\u00e5tt navnet &laquo;Seniortreffet&raquo;.<\/p>\n<p>\u00c5 f\u00e5 tilgang p\u00e5 et profesjonelt musikkstudio har st\u00e5tt p\u00e5 \u00f8nskelisten i mange \u00e5r, da det er en stor gruppe talentfulle musikere, korister, solister og lydteknikere i BKM-Bergen. Disse har i flere \u00e5r brukt mye tid p\u00e5 \u00e5 produsere musikk til glede for BKM over hele verden, men fasilitetene har v\u00e6rt sv\u00e6rt begrenset fram til n\u00e5. En av hjertesakene for styret for BKM-Bergen har v\u00e6rt \u00e5 skaffe denne gruppen bedre lokaler og utstyr. Gleden var derfor stor da Panorama Hotell og Resort kunne tilby en leieavtale i sitt nyetablerte studio.<\/p>\n<p>Det koster penger b\u00e5de \u00e5 opprettholde og utvide v\u00e5rt aktivitetstilbud og tilh\u00f8rende fasiliteter. V\u00e5r \u00f8konomi er i hovedsak basert p\u00e5 at medlemmene bidrar med et m\u00e5nedlig gavebel\u00f8p til menighetsdrift, kalt \u00abDavids s\u00f8yle\/BKM Bergen-avtalen\u00bb. Den gode oppslutningen om avtalen legger grunnlaget for en sunn og forutsigbar \u00f8konomi. Ved utgangen av 2016 hadde vi m\u00e5nedlige avtaler som p\u00e5 \u00e5rsbasis utgjorde til sammen kr. 4.700.000,- fordelt p\u00e5 220\u00a0avtaler, mot kr. 4.500.000,- \u00e5ret f\u00f8r. En andel p\u00e5 kr. 1000,- pr. avtale g\u00e5r til BCC, som er v\u00e5rt sentralledd for finansiering av misjonsarbeid. I tillegg jobbes det med inntektsbringende dugnader.<\/p>\n<p>Vi erfarer at medlemmene i BKM-Bergen opplever en sterk fellesskapsf\u00f8lelse og tilh\u00f8righet, og at ungdommene har framtidstro og p\u00e5gangsmot. Det \u00e5 bruke fritiden aktivt sammen, tror vi er med p\u00e5 \u00e5 styrke samholdet og eierskap.<\/p>\n<p><img decoding=\"async\" loading=\"lazy\" class=\"aligncenter wp-image-52 size-full\" src=\"http:\/\/bkmbergen.no\/2016\/wp-content\/uploads\/sites\/6\/2017\/08\/styret.jpg\" alt=\"Styret i BKM Bergen\" width=\"2000\" height=\"1333\" srcset=\"https:\/\/bkmbergen.no\/2016\/wp-content\/uploads\/sites\/6\/2017\/08\/styret.jpg 2000w, https:\/\/bkmbergen.no\/2016\/wp-content\/uploads\/sites\/6\/2017\/08\/styret-300x200.jpg 300w, https:\/\/bkmbergen.no\/2016\/wp-content\/uploads\/sites\/6\/2017\/08\/styret-768x512.jpg 768w, https:\/\/bkmbergen.no\/2016\/wp-content\/uploads\/sites\/6\/2017\/08\/styret-1024x682.jpg 1024w\" sizes=\"(max-width: 2000px) 100vw, 2000px\" \/><\/p>\n","protected":false},"excerpt":{"rendered":"<p>N\u00e5r vi ser tilbake p\u00e5 \u00e5ret 2016, er fellesskap og frivillighet to viktige stikkord for aktiviteten som har foreg\u00e5tt i BKM-Bergen. Det har v\u00e6rt et h\u00f8yt aktivitetsniv\u00e5 i menigheten, og det jobbes kontinuerlig for \u00e5 ha et godt og variert aktivitetstilbud til b\u00e5de gammel og ung. Hovedfokuset har v\u00e6rt p\u00e5 barn og unge opp til 25 \u00e5r. Dette kan forklares med at 308 av menighetens 557 medlemmer er under 25\u00e5r. Vi har utfordret oss selv p\u00e5 at alle skal f\u00e5&hellip;<\/p>\n","protected":false},"author":3,"featured_media":0,"parent":0,"menu_order":0,"comment_status":"closed","ping_status":"closed","template":"","meta":[],"categories":[],"tags":[],"_links":{"self":[{"href":"https:\/\/bkmbergen.no\/2016\/wp-json\/wp\/v2\/pages\/8"}],"collection":[{"href":"https:\/\/bkmbergen.no\/2016\/wp-json\/wp\/v2\/pages"}],"about":[{"href":"https:\/\/bkmbergen.no\/2016\/wp-json\/wp\/v2\/types\/page"}],"author":[{"embeddable":true,"href":"https:\/\/bkmbergen.no\/2016\/wp-json\/wp\/v2\/users\/3"}],"replies":[{"embeddable":true,"href":"https:\/\/bkmbergen.no\/2016\/wp-json\/wp\/v2\/comments?post=8"}],"version-history":[{"count":3,"href":"https:\/\/bkmbergen.no\/2016\/wp-json\/wp\/v2\/pages\/8\/revisions"}],"predecessor-version":[{"id":53,"href":"https:\/\/bkmbergen.no\/2016\/wp-json\/wp\/v2\/pages\/8\/revisions\/53"}],"wp:attachment":[{"href":"https:\/\/bkmbergen.no\/2016\/wp-json\/wp\/v2\/media?parent=8"}],"wp:term":[{"taxonomy":"category","embeddable":true,"href":"https:\/\/bkmbergen.no\/2016\/wp-json\/wp\/v2\/categories?post=8"},{"taxonomy":"post_tag","embeddable":true,"href":"https:\/\/bkmbergen.no\/2016\/wp-json\/wp\/v2\/tags?post=8"}],"curies":[{"name":"wp","href":"https:\/\/api.w.org\/{rel}","templated":true}]}}