{"id":14,"date":"2018-06-23T14:07:15","date_gmt":"2018-06-23T12:07:15","guid":{"rendered":"http:\/\/bkmbergen.no\/2017\/?page_id=14"},"modified":"2018-08-18T10:55:42","modified_gmt":"2018-08-18T08:55:42","slug":"barnas-aktiviteter","status":"publish","type":"page","link":"https:\/\/bkmbergen.no\/2017\/barnas-aktiviteter\/","title":{"rendered":"Barnas aktiviteter"},"content":{"rendered":"<p><img decoding=\"async\" loading=\"lazy\" class=\"alignnone wp-image-49 size-full\" src=\"http:\/\/bkmbergen.no\/2017\/wp-content\/uploads\/sites\/7\/2018\/06\/barn-1.jpg\" alt=\"\" width=\"1024\" height=\"400\" srcset=\"https:\/\/bkmbergen.no\/2017\/wp-content\/uploads\/sites\/7\/2018\/06\/barn-1.jpg 1024w, https:\/\/bkmbergen.no\/2017\/wp-content\/uploads\/sites\/7\/2018\/06\/barn-1-300x117.jpg 300w, https:\/\/bkmbergen.no\/2017\/wp-content\/uploads\/sites\/7\/2018\/06\/barn-1-768x300.jpg 768w\" sizes=\"(max-width: 1024px) 100vw, 1024px\" \/>Gjennom 2017 har det v\u00e6rt arrangert faste samlinger for barn i aldersgruppene 3-7 \u00e5r og 8-12 \u00e5r. Arbeidet er ledet av Solveig og Erlend Skutle, sammen med et team av engasjerte medarbeidere.\u00a0Hver s\u00f8ndag formiddag har\u00a0disse\u00a0lagt vekt p\u00e5 \u00e5 formidle temaer og fortellinger fra den kristne tro p\u00e5 en m\u00e5te som er tilpasset barnas niv\u00e5. Sang og musikk er en viktig del av samlingene, sammen med fortelling og ulike aktiviteter.<\/p>\n<p>Sommerhalv\u00e5ret ble rundet av med &laquo;S\u00f8ndagsskolens dag&raquo;, en samling for hele menigheten\u00a0p\u00e5\u00a0St.Hans.\u00a0Samlingen gav en introduksjon til tema for barnas m\u00f8ter p\u00e5 \u00e5rets sommerkonferanse.\u00a0 Deretter fulgte natursti med varierte poster, grilling,\u00a0felleskap og stemning rundt b\u00e5let.<\/p>\n<p><img decoding=\"async\" loading=\"lazy\" class=\"alignnone size-full wp-image-100\" src=\"http:\/\/bkmbergen.no\/2017\/wp-content\/uploads\/sites\/7\/2018\/08\/StHans.jpg\" alt=\"\" width=\"1024\" height=\"594\" srcset=\"https:\/\/bkmbergen.no\/2017\/wp-content\/uploads\/sites\/7\/2018\/08\/StHans.jpg 1024w, https:\/\/bkmbergen.no\/2017\/wp-content\/uploads\/sites\/7\/2018\/08\/StHans-300x174.jpg 300w, https:\/\/bkmbergen.no\/2017\/wp-content\/uploads\/sites\/7\/2018\/08\/StHans-768x446.jpg 768w\" sizes=\"(max-width: 1024px) 100vw, 1024px\" \/><\/p>\n<p>Barna i\u00a0BCC\u00a0Bergen\u00a0er ogs\u00e5 engasjert gjennom foreningen Aktivitetsklubben, som m\u00f8tes ukentlig. Gjennom forskjellige interessegrupper kan jenter og gutter i alderen 7-12 \u00e5r oppleve vennskap og mestring p\u00e5\u00a0ulike\u00a0omr\u00e5der. Nytt av \u00e5ret er turnhallen med god plass for spreke og spretne barn. Det har ogs\u00e5 blitt laget til en skatehall, hvor\u00a0blant annet AK-gruppen &laquo;Scooter&raquo; ruller jevnlig.<\/p>\n<p><img decoding=\"async\" loading=\"lazy\" class=\"alignnone wp-image-101\" src=\"http:\/\/bkmbergen.no\/2017\/wp-content\/uploads\/sites\/7\/2018\/08\/IMG_3833-1024x768.jpg\" alt=\"\" width=\"1024\" height=\"768\" srcset=\"https:\/\/bkmbergen.no\/2017\/wp-content\/uploads\/sites\/7\/2018\/08\/IMG_3833-1024x768.jpg 1024w, https:\/\/bkmbergen.no\/2017\/wp-content\/uploads\/sites\/7\/2018\/08\/IMG_3833-300x225.jpg 300w, https:\/\/bkmbergen.no\/2017\/wp-content\/uploads\/sites\/7\/2018\/08\/IMG_3833-768x576.jpg 768w\" sizes=\"(max-width: 1024px) 100vw, 1024px\" \/> <img decoding=\"async\" loading=\"lazy\" class=\"alignnone wp-image-102\" src=\"http:\/\/bkmbergen.no\/2017\/wp-content\/uploads\/sites\/7\/2018\/08\/FullSizeRender3.jpg\" alt=\"\" width=\"1024\" height=\"768\" srcset=\"https:\/\/bkmbergen.no\/2017\/wp-content\/uploads\/sites\/7\/2018\/08\/FullSizeRender3.jpg 4032w, https:\/\/bkmbergen.no\/2017\/wp-content\/uploads\/sites\/7\/2018\/08\/FullSizeRender3-300x225.jpg 300w, https:\/\/bkmbergen.no\/2017\/wp-content\/uploads\/sites\/7\/2018\/08\/FullSizeRender3-768x576.jpg 768w, https:\/\/bkmbergen.no\/2017\/wp-content\/uploads\/sites\/7\/2018\/08\/FullSizeRender3-1024x768.jpg 1024w\" sizes=\"(max-width: 1024px) 100vw, 1024px\" \/><\/p>\n<p>&nbsp;<\/p>\n","protected":false},"excerpt":{"rendered":"<p>Gjennom 2017 har det v\u00e6rt arrangert faste samlinger for barn i aldersgruppene 3-7 \u00e5r og 8-12 \u00e5r. Arbeidet er ledet av Solveig og Erlend Skutle, sammen med et team av engasjerte medarbeidere.\u00a0Hver s\u00f8ndag formiddag har\u00a0disse\u00a0lagt vekt p\u00e5 \u00e5 formidle temaer og fortellinger fra den kristne tro p\u00e5 en m\u00e5te som er tilpasset barnas niv\u00e5. Sang og musikk er en viktig del av samlingene, sammen med fortelling og ulike aktiviteter. Sommerhalv\u00e5ret ble rundet av med &laquo;S\u00f8ndagsskolens dag&raquo;, en samling for hele&hellip;<\/p>\n","protected":false},"author":3,"featured_media":0,"parent":0,"menu_order":0,"comment_status":"closed","ping_status":"closed","template":"","meta":[],"categories":[],"tags":[],"_links":{"self":[{"href":"https:\/\/bkmbergen.no\/2017\/wp-json\/wp\/v2\/pages\/14"}],"collection":[{"href":"https:\/\/bkmbergen.no\/2017\/wp-json\/wp\/v2\/pages"}],"about":[{"href":"https:\/\/bkmbergen.no\/2017\/wp-json\/wp\/v2\/types\/page"}],"author":[{"embeddable":true,"href":"https:\/\/bkmbergen.no\/2017\/wp-json\/wp\/v2\/users\/3"}],"replies":[{"embeddable":true,"href":"https:\/\/bkmbergen.no\/2017\/wp-json\/wp\/v2\/comments?post=14"}],"version-history":[{"count":13,"href":"https:\/\/bkmbergen.no\/2017\/wp-json\/wp\/v2\/pages\/14\/revisions"}],"predecessor-version":[{"id":104,"href":"https:\/\/bkmbergen.no\/2017\/wp-json\/wp\/v2\/pages\/14\/revisions\/104"}],"wp:attachment":[{"href":"https:\/\/bkmbergen.no\/2017\/wp-json\/wp\/v2\/media?parent=14"}],"wp:term":[{"taxonomy":"category","embeddable":true,"href":"https:\/\/bkmbergen.no\/2017\/wp-json\/wp\/v2\/categories?post=14"},{"taxonomy":"post_tag","embeddable":true,"href":"https:\/\/bkmbergen.no\/2017\/wp-json\/wp\/v2\/tags?post=14"}],"curies":[{"name":"wp","href":"https:\/\/api.w.org\/{rel}","templated":true}]}}