{"id":151,"date":"2018-08-30T21:15:56","date_gmt":"2018-08-30T19:15:56","guid":{"rendered":"http:\/\/bkmbergen.no\/2017\/?page_id=151"},"modified":"2018-08-30T21:44:30","modified_gmt":"2018-08-30T19:44:30","slug":"arsrapport-for-2017","status":"publish","type":"page","link":"https:\/\/bkmbergen.no\/2017\/","title":{"rendered":"\u00c5rsrapport for 2017"},"content":{"rendered":"<p>[rev_slider alias=&raquo;forside&raquo;][\/rev_slider]<\/p>\n<p>&nbsp;<\/p>\n<p>\u00c5ret 2017 har v\u00e6rt et \u00e5r med mange begivenheter og stor aktivitet.<\/p>\n","protected":false},"excerpt":{"rendered":"<p>[rev_slider alias=&raquo;forside&raquo;][\/rev_slider] &nbsp; \u00c5ret 2017 har v\u00e6rt et \u00e5r med mange begivenheter og stor aktivitet.<\/p>\n","protected":false},"author":3,"featured_media":0,"parent":0,"menu_order":0,"comment_status":"closed","ping_status":"closed","template":"","meta":[],"categories":[],"tags":[],"_links":{"self":[{"href":"https:\/\/bkmbergen.no\/2017\/wp-json\/wp\/v2\/pages\/151"}],"collection":[{"href":"https:\/\/bkmbergen.no\/2017\/wp-json\/wp\/v2\/pages"}],"about":[{"href":"https:\/\/bkmbergen.no\/2017\/wp-json\/wp\/v2\/types\/page"}],"author":[{"embeddable":true,"href":"https:\/\/bkmbergen.no\/2017\/wp-json\/wp\/v2\/users\/3"}],"replies":[{"embeddable":true,"href":"https:\/\/bkmbergen.no\/2017\/wp-json\/wp\/v2\/comments?post=151"}],"version-history":[{"count":5,"href":"https:\/\/bkmbergen.no\/2017\/wp-json\/wp\/v2\/pages\/151\/revisions"}],"predecessor-version":[{"id":158,"href":"https:\/\/bkmbergen.no\/2017\/wp-json\/wp\/v2\/pages\/151\/revisions\/158"}],"wp:attachment":[{"href":"https:\/\/bkmbergen.no\/2017\/wp-json\/wp\/v2\/media?parent=151"}],"wp:term":[{"taxonomy":"category","embeddable":true,"href":"https:\/\/bkmbergen.no\/2017\/wp-json\/wp\/v2\/categories?post=151"},{"taxonomy":"post_tag","embeddable":true,"href":"https:\/\/bkmbergen.no\/2017\/wp-json\/wp\/v2\/tags?post=151"}],"curies":[{"name":"wp","href":"https:\/\/api.w.org\/{rel}","templated":true}]}}