{"id":16,"date":"2018-06-23T14:10:26","date_gmt":"2018-06-23T12:10:26","guid":{"rendered":"http:\/\/bkmbergen.no\/2017\/?page_id=16"},"modified":"2018-06-23T15:54:53","modified_gmt":"2018-06-23T13:54:53","slug":"fra-styret","status":"publish","type":"page","link":"https:\/\/bkmbergen.no\/2017\/fra-styret\/","title":{"rendered":"Fra styret"},"content":{"rendered":"<p>\u00c5ret 2017 har v\u00e6rt et \u00e5r med mange begivenheter og stor aktivitet. Da to tredjedeler av menighetens medlemmer er <a href=\"http:\/\/bkmbergen.no\/2017\/barnas-aktiviteter\/\">barn<\/a> og <a href=\"http:\/\/bkmbergen.no\/2017\/ungdom\/\">unge under 36 \u00e5r<\/a>, har fokuset naturlig nok v\u00e6rt p\u00e5 deres trivsel. I de siste \u00e5rene har det blitt brukt betydelige ressurser p\u00e5 \u00e5 bygge opp gode og varierte barne- og ungdomsklubber. M\u00e5let har v\u00e6rt at alle skal f\u00e5 delta i aktiviteter de finner meningsfylt. Her\u00a0kan\u00a0alle\u00a0bruke\u00a0evnene og interessene de har, enten de er\u00a0atletiske,\u00a0musikalske,\u00a0har sans for friluft eller andre ting.\u00a0Dette\u00a0har skapt stort engasjement og trivsel blant deltagerne.\u00a0I\u00a02017 er disse klubbene godt etablert og vi ser at barn og unge gleder seg over \u00e5 f\u00e5 utvikle seg sammen med andre med like interesser, og over \u00e5 kunne delta p\u00e5 sine egne premisser. Vi har sett enkeltindivider blomstre n\u00e5r de har f\u00e5tt delta p\u00e5 en arena der de kan v\u00e6re med \u00e5 tilf\u00f8re noe.<\/p>\n<p>Et annet omr\u00e5de\u00a0det har v\u00e6rt satset p\u00e5 er <a href=\"http:\/\/bkmbergen.no\/2017\/senior\/\">trivsel for seniorene<\/a>. Les mer i avsnittet om seniorene\u00a0<a href=\"http:\/\/bkmbergen.no\/2017\/seniorleder\/\">hvordan Eva Holm Andersen har tenkt i forhold til engasjement hos den eldre garde<\/a>.<\/p>\n<p>I 2017 har BCC-Bergen hatt\u00a0et s\u00e6rlig fokus p\u00e5 barns trygghet.\u00a0Vi vet at alle steder der mennesker er samlet finnes det mulighet for at det kan skje overgrep og grenseoverskridende adferd, og det\u00a0har vi i BCC-Bergen tatt konsekvensen av.\u00a0Gjennom h\u00f8sten har vi kurset alle v\u00e5re mentorer i temaet vold, overgrep og grenseoverskridende adferd. Vi har jobbet med \u00e5 skape \u00e5penhet og \u00e5 gi et spr\u00e5k for \u00e5 kunne varsle og snakke om disse temaene. <a href=\"http:\/\/bkmbergen.no\/2017\/trygge-barn-de-voksnes-ansvar\/\">Les mer om dette i avsnittet \u00abTrygge barn\u00bb<\/a>.<\/p>\n<p>Det koster penger b\u00e5de \u00e5 opprettholde og utvide v\u00e5rt aktivitetstilbud og tilh\u00f8rende fasiliteter. V\u00e5r \u00f8konomi er i hovedsak basert p\u00e5 at medlemmene bidrar med et m\u00e5nedlig gavebel\u00f8p til menighetsdrift, kalt \u00abDavids s\u00f8yle\/BKM\u00a0Bergen-avtalen\u00bb. Den gode oppslutningen om avtalen legger grunnlaget for en sunn og forutsigbar \u00f8konomi. Ved utgangen av 2017\u00a0hadde vi m\u00e5nedlige avtaler for til sammen kr.\u00a0339.400,- fordelt p\u00e5\u00a0180\u00a0avtaler.\u00a0En andel p\u00e5 kr. 1000,- pr. avtale g\u00e5r til BCC, som er v\u00e5rt sentralledd, for finansiering av misjonsarbeid. I tillegg jobbes det med inntektsbringende dugnader.<\/p>\n<p><img decoding=\"async\" loading=\"lazy\" class=\"alignnone wp-image-54 size-full\" src=\"http:\/\/bkmbergen.no\/2017\/wp-content\/uploads\/sites\/7\/2018\/06\/styret.jpg\" alt=\"\" width=\"2000\" height=\"1333\" srcset=\"https:\/\/bkmbergen.no\/2017\/wp-content\/uploads\/sites\/7\/2018\/06\/styret.jpg 2000w, https:\/\/bkmbergen.no\/2017\/wp-content\/uploads\/sites\/7\/2018\/06\/styret-300x200.jpg 300w, https:\/\/bkmbergen.no\/2017\/wp-content\/uploads\/sites\/7\/2018\/06\/styret-768x512.jpg 768w, https:\/\/bkmbergen.no\/2017\/wp-content\/uploads\/sites\/7\/2018\/06\/styret-1024x682.jpg 1024w, https:\/\/bkmbergen.no\/2017\/wp-content\/uploads\/sites\/7\/2018\/06\/styret-600x400.jpg 600w\" sizes=\"(max-width: 2000px) 100vw, 2000px\" \/><\/p>\n","protected":false},"excerpt":{"rendered":"<p>\u00c5ret 2017 har v\u00e6rt et \u00e5r med mange begivenheter og stor aktivitet. Da to tredjedeler av menighetens medlemmer er barn og unge under 36 \u00e5r, har fokuset naturlig nok v\u00e6rt p\u00e5 deres trivsel. I de siste \u00e5rene har det blitt brukt betydelige ressurser p\u00e5 \u00e5 bygge opp gode og varierte barne- og ungdomsklubber. M\u00e5let har v\u00e6rt at alle skal f\u00e5 delta i aktiviteter de finner meningsfylt. Her\u00a0kan\u00a0alle\u00a0bruke\u00a0evnene og interessene de har, enten de er\u00a0atletiske,\u00a0musikalske,\u00a0har sans for friluft eller andre ting.\u00a0Dette\u00a0har&hellip;<\/p>\n","protected":false},"author":3,"featured_media":0,"parent":0,"menu_order":0,"comment_status":"closed","ping_status":"closed","template":"","meta":[],"categories":[],"tags":[],"_links":{"self":[{"href":"https:\/\/bkmbergen.no\/2017\/wp-json\/wp\/v2\/pages\/16"}],"collection":[{"href":"https:\/\/bkmbergen.no\/2017\/wp-json\/wp\/v2\/pages"}],"about":[{"href":"https:\/\/bkmbergen.no\/2017\/wp-json\/wp\/v2\/types\/page"}],"author":[{"embeddable":true,"href":"https:\/\/bkmbergen.no\/2017\/wp-json\/wp\/v2\/users\/3"}],"replies":[{"embeddable":true,"href":"https:\/\/bkmbergen.no\/2017\/wp-json\/wp\/v2\/comments?post=16"}],"version-history":[{"count":5,"href":"https:\/\/bkmbergen.no\/2017\/wp-json\/wp\/v2\/pages\/16\/revisions"}],"predecessor-version":[{"id":58,"href":"https:\/\/bkmbergen.no\/2017\/wp-json\/wp\/v2\/pages\/16\/revisions\/58"}],"wp:attachment":[{"href":"https:\/\/bkmbergen.no\/2017\/wp-json\/wp\/v2\/media?parent=16"}],"wp:term":[{"taxonomy":"category","embeddable":true,"href":"https:\/\/bkmbergen.no\/2017\/wp-json\/wp\/v2\/categories?post=16"},{"taxonomy":"post_tag","embeddable":true,"href":"https:\/\/bkmbergen.no\/2017\/wp-json\/wp\/v2\/tags?post=16"}],"curies":[{"name":"wp","href":"https:\/\/api.w.org\/{rel}","templated":true}]}}