{"id":22,"date":"2018-06-23T14:33:36","date_gmt":"2018-06-23T12:33:36","guid":{"rendered":"http:\/\/bkmbergen.no\/2017\/?page_id=22"},"modified":"2018-08-18T11:37:15","modified_gmt":"2018-08-18T09:37:15","slug":"trygge-barn-de-voksnes-ansvar","status":"publish","type":"page","link":"https:\/\/bkmbergen.no\/2017\/trygge-barn-de-voksnes-ansvar\/","title":{"rendered":"Trygge barn, de voksnes ansvar"},"content":{"rendered":"<p><img decoding=\"async\" loading=\"lazy\" class=\"alignnone wp-image-40 size-full\" src=\"http:\/\/bkmbergen.no\/2017\/wp-content\/uploads\/sites\/7\/2018\/06\/trygge-barn-1.jpg\" alt=\"\" width=\"1280\" height=\"511\" srcset=\"https:\/\/bkmbergen.no\/2017\/wp-content\/uploads\/sites\/7\/2018\/06\/trygge-barn-1.jpg 1280w, https:\/\/bkmbergen.no\/2017\/wp-content\/uploads\/sites\/7\/2018\/06\/trygge-barn-1-300x120.jpg 300w, https:\/\/bkmbergen.no\/2017\/wp-content\/uploads\/sites\/7\/2018\/06\/trygge-barn-1-768x307.jpg 768w, https:\/\/bkmbergen.no\/2017\/wp-content\/uploads\/sites\/7\/2018\/06\/trygge-barn-1-1024x409.jpg 1024w\" sizes=\"(max-width: 1280px) 100vw, 1280px\" \/><\/p>\n<p>Som nevnt innledningsvis har BCC-Bergen i 2017 hatt stort fokus p\u00e5 forebygging av vold, overgrep og grenseoverskridende adferd mot barn og unge. Siden 1996 har BCC hatt et eget ressursteam som har arbeidet med denne problematikken. Det finnes ogs\u00e5 en handlingsplan for h\u00e5ndtering av slike saker. I 2016 s\u00f8rget ressursteamet for en omfattende oppdatering av <a href=\"http:\/\/bcc.no\/wp-content\/uploads\/2017\/08\/bcc_strategi-handlingsplan.pdf\">BCCs handlings- og strategiplan mot vold, grenseoverskridende atferd og seksuelle overgrep mot barn og ungdom<\/a>.<\/p>\n<p>BCC har ogs\u00e5 et mange\u00e5rig samarbeid med fagmilj\u00f8er og tverrkirkelige milj\u00f8er som driver forebyggende og oppf\u00f8lgende arbeid p\u00e5 dette feltet.<\/p>\n<p><img decoding=\"async\" loading=\"lazy\" class=\"alignnone size-full wp-image-107\" src=\"http:\/\/bkmbergen.no\/2017\/wp-content\/uploads\/sites\/7\/2018\/08\/image-46.jpg\" alt=\"\" width=\"1280\" height=\"960\" srcset=\"https:\/\/bkmbergen.no\/2017\/wp-content\/uploads\/sites\/7\/2018\/08\/image-46.jpg 1280w, https:\/\/bkmbergen.no\/2017\/wp-content\/uploads\/sites\/7\/2018\/08\/image-46-300x225.jpg 300w, https:\/\/bkmbergen.no\/2017\/wp-content\/uploads\/sites\/7\/2018\/08\/image-46-768x576.jpg 768w, https:\/\/bkmbergen.no\/2017\/wp-content\/uploads\/sites\/7\/2018\/08\/image-46-1024x768.jpg 1024w\" sizes=\"(max-width: 1280px) 100vw, 1280px\" \/><\/p>\n<p>Men hva hjelper gode planer hvis de ikke blir implementert blant alle deltagere i organisasjonen? Dette er noe vi har tatt konsekvensene av. Det har blitt jobbet systematisk med kompetanseutvikling og kunnskapsoverf\u00f8ring til medlemmene i de forskjellige organisasjonene i lokalmenigheten v\u00e5r. Gjennom ressursteamet f\u00e5r lokalmenigheter hjelp til \u00e5 forebygge krenkende atferd, fange opp og f\u00f8lge opp hendelser, og utvikle praktiske ferdigheter i tr\u00e5d med form\u00e5let med strategiplanen \u00abTrygge barn- de voksnes ansvar\u00bb.<\/p>\n<p><img decoding=\"async\" loading=\"lazy\" class=\"alignleft wp-image-45 \" src=\"http:\/\/bkmbergen.no\/2017\/wp-content\/uploads\/sites\/7\/2018\/06\/trygge-barn-2-225x300.jpg\" alt=\"\" width=\"316\" height=\"421\" srcset=\"https:\/\/bkmbergen.no\/2017\/wp-content\/uploads\/sites\/7\/2018\/06\/trygge-barn-2-225x300.jpg 225w, https:\/\/bkmbergen.no\/2017\/wp-content\/uploads\/sites\/7\/2018\/06\/trygge-barn-2-768x1024.jpg 768w, https:\/\/bkmbergen.no\/2017\/wp-content\/uploads\/sites\/7\/2018\/06\/trygge-barn-2.jpg 960w\" sizes=\"(max-width: 316px) 100vw, 316px\" \/><\/p>\n<p>I BCC Bergen har det h\u00f8sten 2017 blitt holdt en rekke kurs for alle mentorer i barne- og ungdomsarbeidet. M\u00e5let med kursene har v\u00e6rt \u00e5 \u00f8ke kunnskapen om temaet vold, overgrep og grenseoverskridende adferd, og \u00e5 skape en trygg arena for barn og ungdom der det er lett \u00e5 snakke- og varsle om u\u00f8nskede hendelser. Vi har sett n\u00f8dvendigheten av \u00e5 bryte med noen av tabuene som er finnes p\u00e5 dette omr\u00e5det. Skal det v\u00e6re lett \u00e5 varsle om u\u00f8nskede hendelser, m\u00e5 vi ha et spr\u00e5k for \u00e5 snakke om det. Det kommer ikke av seg selv, men ved systematisk arbeid i hele organisasjonen, tror vi p\u00e5 at det vil bli lettere \u00e5 varsle, og\u00a0 at det har en forebyggende effekt.<\/p>\n<p>I BCC-Bergen er det opprettet et team som tar imot varsler og f\u00f8lger dette opp. Det skal v\u00e6re trygt \u00e5 varsle om grenseoverskridende eller krenkende adferd, b\u00e5de n\u00e5r det gjelder egne opplevelser eller bekymringsmeldinger p\u00e5 vegne av andre.\u00a0 De som eventuelt mottar varsler skal vise respekt for varslerens situasjon og ta henvendelsen p\u00e5 det st\u00f8rste alvor. Samtidig skal varsleren f\u00e5 informasjon om prosessen videre.<\/p>\n<p>Barn har lovfestet rett til en trygg oppvekst, og det er de voksnes ansvar at barn er trygge. I BCC skal det v\u00e6re\u00a0gode oppvekstsvilk\u00e5r, vi skal ha en kultur der kj\u00e6rlighet, inkludering og respekt for enkeltmennesket r\u00e5der. \u00a0Det skal v\u00e6re nulltoleranse mot mobbing og trakassering. Alle barn og unge har noe \u00e5 tilf\u00f8re fellesskapet, og vi skal m\u00f8te dem med respekt for den absolutte verdien de har.<\/p>\n","protected":false},"excerpt":{"rendered":"<p>Som nevnt innledningsvis har BCC-Bergen i 2017 hatt stort fokus p\u00e5 forebygging av vold, overgrep og grenseoverskridende adferd mot barn og unge. Siden 1996 har BCC hatt et eget ressursteam som har arbeidet med denne problematikken. Det finnes ogs\u00e5 en handlingsplan for h\u00e5ndtering av slike saker. I 2016 s\u00f8rget ressursteamet for en omfattende oppdatering av BCCs handlings- og strategiplan mot vold, grenseoverskridende atferd og seksuelle overgrep mot barn og ungdom. BCC har ogs\u00e5 et mange\u00e5rig samarbeid med fagmilj\u00f8er og tverrkirkelige&hellip;<\/p>\n","protected":false},"author":3,"featured_media":0,"parent":0,"menu_order":0,"comment_status":"closed","ping_status":"closed","template":"","meta":[],"categories":[],"tags":[],"_links":{"self":[{"href":"https:\/\/bkmbergen.no\/2017\/wp-json\/wp\/v2\/pages\/22"}],"collection":[{"href":"https:\/\/bkmbergen.no\/2017\/wp-json\/wp\/v2\/pages"}],"about":[{"href":"https:\/\/bkmbergen.no\/2017\/wp-json\/wp\/v2\/types\/page"}],"author":[{"embeddable":true,"href":"https:\/\/bkmbergen.no\/2017\/wp-json\/wp\/v2\/users\/3"}],"replies":[{"embeddable":true,"href":"https:\/\/bkmbergen.no\/2017\/wp-json\/wp\/v2\/comments?post=22"}],"version-history":[{"count":9,"href":"https:\/\/bkmbergen.no\/2017\/wp-json\/wp\/v2\/pages\/22\/revisions"}],"predecessor-version":[{"id":108,"href":"https:\/\/bkmbergen.no\/2017\/wp-json\/wp\/v2\/pages\/22\/revisions\/108"}],"wp:attachment":[{"href":"https:\/\/bkmbergen.no\/2017\/wp-json\/wp\/v2\/media?parent=22"}],"wp:term":[{"taxonomy":"category","embeddable":true,"href":"https:\/\/bkmbergen.no\/2017\/wp-json\/wp\/v2\/categories?post=22"},{"taxonomy":"post_tag","embeddable":true,"href":"https:\/\/bkmbergen.no\/2017\/wp-json\/wp\/v2\/tags?post=22"}],"curies":[{"name":"wp","href":"https:\/\/api.w.org\/{rel}","templated":true}]}}