{"id":25,"date":"2018-06-23T14:34:50","date_gmt":"2018-06-23T12:34:50","guid":{"rendered":"http:\/\/bkmbergen.no\/2017\/?page_id=25"},"modified":"2018-08-30T21:09:50","modified_gmt":"2018-08-30T19:09:50","slug":"ungdom","status":"publish","type":"page","link":"https:\/\/bkmbergen.no\/2017\/ungdom\/","title":{"rendered":"Ungdom"},"content":{"rendered":"<p>For ungdommen i BCC- Bergen var 2017 et aktivt \u00e5r, rikt p\u00e5 sammenkomster. Ungdommene m\u00f8ttes ukentlig til samlinger hvor trosoppbyggelse og sosialt samv\u00e6r stod i fokus. Dette \u00e5ret var store deler av ungdomsgruppen tilknyttet interessegrupper. Eldre ungdommer arbeidet aktivt og m\u00e5lrettet for \u00e5 tilrettelegge spennende og givende aktiviteter for de yngre. Gjennom interessegruppene fikk ungdommene anledninger til \u00e5 bli bedre kjent med hverandre p\u00e5 tvers av alder. En viktig m\u00e5lsetting var \u00e5 vise ungdommene omsorg og respekt for sin egenart, samt gi dem rom for utfoldelse.<\/p>\n<p><img decoding=\"async\" loading=\"lazy\" class=\"alignnone wp-image-129 size-full\" src=\"http:\/\/bkmbergen.no\/2017\/wp-content\/uploads\/sites\/7\/2018\/08\/ungdom8.jpg\" alt=\"\" width=\"1024\" height=\"677\" srcset=\"https:\/\/bkmbergen.no\/2017\/wp-content\/uploads\/sites\/7\/2018\/08\/ungdom8.jpg 1024w, https:\/\/bkmbergen.no\/2017\/wp-content\/uploads\/sites\/7\/2018\/08\/ungdom8-300x198.jpg 300w, https:\/\/bkmbergen.no\/2017\/wp-content\/uploads\/sites\/7\/2018\/08\/ungdom8-768x508.jpg 768w\" sizes=\"(max-width: 1024px) 100vw, 1024px\" \/><\/p>\n<p>Gjennom \u00e5ret ble det arrangert fester og eventer for ungdom. Som avslutning p\u00e5 et halv\u00e5r med bibelundervisning, ble det i mai avholdt en fest for konfirmantene. Senere samme m\u00e5ned, var nasjonalstemningen p\u00e5 topp da ungdommene deltok p\u00e5 16. mai-fest i anledning nasjonaldagen. P\u00e5 v\u00e5rparten var det ogs\u00e5 mange som deltok p\u00e5 fotballigaen som ble arrangert. Ungdomsgruppen var delt inn i fotballag, som ukentlig spilte kamper mot hverandre.\u00a0 Som en verdig avslutning p\u00e5 \u00e5ret, ble julebordet avholdt i festlige omgivelser. Stemningen var up\u00e5klagelig, i likhet med maten, selskapet og underholdningen.<\/p>\n<p><img decoding=\"async\" loading=\"lazy\" class=\"wp-image-130 size-full alignnone\" src=\"http:\/\/bkmbergen.no\/2017\/wp-content\/uploads\/sites\/7\/2018\/08\/ungdom13.jpg\" alt=\"\" width=\"900\" height=\"522\" srcset=\"https:\/\/bkmbergen.no\/2017\/wp-content\/uploads\/sites\/7\/2018\/08\/ungdom13.jpg 900w, https:\/\/bkmbergen.no\/2017\/wp-content\/uploads\/sites\/7\/2018\/08\/ungdom13-300x174.jpg 300w, https:\/\/bkmbergen.no\/2017\/wp-content\/uploads\/sites\/7\/2018\/08\/ungdom13-768x445.jpg 768w\" sizes=\"(max-width: 900px) 100vw, 900px\" \/><\/p>\n<p><img decoding=\"async\" loading=\"lazy\" class=\"wp-image-131 size-full alignnone\" src=\"http:\/\/bkmbergen.no\/2017\/wp-content\/uploads\/sites\/7\/2018\/08\/ungdom12.jpg\" alt=\"\" width=\"873\" height=\"571\" srcset=\"https:\/\/bkmbergen.no\/2017\/wp-content\/uploads\/sites\/7\/2018\/08\/ungdom12.jpg 873w, https:\/\/bkmbergen.no\/2017\/wp-content\/uploads\/sites\/7\/2018\/08\/ungdom12-300x196.jpg 300w, https:\/\/bkmbergen.no\/2017\/wp-content\/uploads\/sites\/7\/2018\/08\/ungdom12-768x502.jpg 768w\" sizes=\"(max-width: 873px) 100vw, 873px\" \/><\/p>\n<p>Tross utallige morsomme \u00f8yeblikk og gode opplevelser \u00e5ret igjennom, markerte ungdomsturen i oktober seg som \u00e5rets klare h\u00f8ydepunkt. Den fem dager lange turen ble arrangert i h\u00f8stferieuken, hvor rundt 130 ungdommer satte kursen mot England. En av dagene ble det arrangert et rebusl\u00f8p, hvor de ulike gruppene tr\u00e5let i gjennom Londons gater p\u00e5 jakt etter neste lokasjon. L\u00f8pet bydde p\u00e5 kreative og varierte oppgaver som var b\u00e5de morsomme og utfordrende. De f\u00f8lgende dagene ble benyttet til ulike aktiviteter som omvisning p\u00e5 herskapelige Blenheim Palace, g\u00e5tel\u00f8sing i \u00abEscape Room\u00bb, golf, tur til forn\u00f8yelsesparken Thorpe Park og shopping i den sjarmerende sm\u00e5byen Oxford. \u00a0Opplevelsene stod i k\u00f8 for ungdommene og det var flere som satt pris p\u00e5 de rolige kveldene rundt b\u00e5lpannene etter en dag med aktiviteter. Det er ingen tvil om at turen inng\u00e5r i minnet som en sv\u00e6rt vellykket tur for deltakerne.<\/p>\n<p><img decoding=\"async\" loading=\"lazy\" class=\"alignnone wp-image-138 size-full\" src=\"http:\/\/bkmbergen.no\/2017\/wp-content\/uploads\/sites\/7\/2018\/08\/ungdom2.jpg\" alt=\"\" width=\"976\" height=\"746\" srcset=\"https:\/\/bkmbergen.no\/2017\/wp-content\/uploads\/sites\/7\/2018\/08\/ungdom2.jpg 976w, https:\/\/bkmbergen.no\/2017\/wp-content\/uploads\/sites\/7\/2018\/08\/ungdom2-300x229.jpg 300w, https:\/\/bkmbergen.no\/2017\/wp-content\/uploads\/sites\/7\/2018\/08\/ungdom2-768x587.jpg 768w\" sizes=\"(max-width: 976px) 100vw, 976px\" \/><\/p>\n<p><img decoding=\"async\" loading=\"lazy\" class=\"alignnone wp-image-139 size-full\" src=\"http:\/\/bkmbergen.no\/2017\/wp-content\/uploads\/sites\/7\/2018\/08\/ungdom16.jpg\" alt=\"\" width=\"1024\" height=\"672\" srcset=\"https:\/\/bkmbergen.no\/2017\/wp-content\/uploads\/sites\/7\/2018\/08\/ungdom16.jpg 1024w, https:\/\/bkmbergen.no\/2017\/wp-content\/uploads\/sites\/7\/2018\/08\/ungdom16-300x197.jpg 300w, https:\/\/bkmbergen.no\/2017\/wp-content\/uploads\/sites\/7\/2018\/08\/ungdom16-768x504.jpg 768w\" sizes=\"(max-width: 1024px) 100vw, 1024px\" \/><\/p>\n<p>[rev_slider alias=&raquo;ungdom&raquo;][\/rev_slider]<\/p>\n","protected":false},"excerpt":{"rendered":"<p>For ungdommen i BCC- Bergen var 2017 et aktivt \u00e5r, rikt p\u00e5 sammenkomster. Ungdommene m\u00f8ttes ukentlig til samlinger hvor trosoppbyggelse og sosialt samv\u00e6r stod i fokus. Dette \u00e5ret var store deler av ungdomsgruppen tilknyttet interessegrupper. Eldre ungdommer arbeidet aktivt og m\u00e5lrettet for \u00e5 tilrettelegge spennende og givende aktiviteter for de yngre. Gjennom interessegruppene fikk ungdommene anledninger til \u00e5 bli bedre kjent med hverandre p\u00e5 tvers av alder. En viktig m\u00e5lsetting var \u00e5 vise ungdommene omsorg og respekt for sin egenart,&hellip;<\/p>\n","protected":false},"author":3,"featured_media":0,"parent":0,"menu_order":0,"comment_status":"closed","ping_status":"closed","template":"","meta":[],"categories":[],"tags":[],"_links":{"self":[{"href":"https:\/\/bkmbergen.no\/2017\/wp-json\/wp\/v2\/pages\/25"}],"collection":[{"href":"https:\/\/bkmbergen.no\/2017\/wp-json\/wp\/v2\/pages"}],"about":[{"href":"https:\/\/bkmbergen.no\/2017\/wp-json\/wp\/v2\/types\/page"}],"author":[{"embeddable":true,"href":"https:\/\/bkmbergen.no\/2017\/wp-json\/wp\/v2\/users\/3"}],"replies":[{"embeddable":true,"href":"https:\/\/bkmbergen.no\/2017\/wp-json\/wp\/v2\/comments?post=25"}],"version-history":[{"count":11,"href":"https:\/\/bkmbergen.no\/2017\/wp-json\/wp\/v2\/pages\/25\/revisions"}],"predecessor-version":[{"id":150,"href":"https:\/\/bkmbergen.no\/2017\/wp-json\/wp\/v2\/pages\/25\/revisions\/150"}],"wp:attachment":[{"href":"https:\/\/bkmbergen.no\/2017\/wp-json\/wp\/v2\/media?parent=25"}],"wp:term":[{"taxonomy":"category","embeddable":true,"href":"https:\/\/bkmbergen.no\/2017\/wp-json\/wp\/v2\/categories?post=25"},{"taxonomy":"post_tag","embeddable":true,"href":"https:\/\/bkmbergen.no\/2017\/wp-json\/wp\/v2\/tags?post=25"}],"curies":[{"name":"wp","href":"https:\/\/api.w.org\/{rel}","templated":true}]}}