{"id":27,"date":"2018-06-23T14:35:53","date_gmt":"2018-06-23T12:35:53","guid":{"rendered":"http:\/\/bkmbergen.no\/2017\/?page_id=27"},"modified":"2018-08-18T12:04:42","modified_gmt":"2018-08-18T10:04:42","slug":"var-deltakelse-pa-brunstad","status":"publish","type":"page","link":"https:\/\/bkmbergen.no\/2017\/var-deltakelse-pa-brunstad\/","title":{"rendered":"V\u00e5r deltakelse p\u00e5 Brunstad"},"content":{"rendered":"<p><img decoding=\"async\" loading=\"lazy\" class=\"alignright wp-image-61 size-medium\" src=\"http:\/\/bkmbergen.no\/2017\/wp-content\/uploads\/sites\/7\/2018\/06\/brunstad-1-225x300.jpg\" alt=\"\" width=\"225\" height=\"300\" srcset=\"https:\/\/bkmbergen.no\/2017\/wp-content\/uploads\/sites\/7\/2018\/06\/brunstad-1-225x300.jpg 225w, https:\/\/bkmbergen.no\/2017\/wp-content\/uploads\/sites\/7\/2018\/06\/brunstad-1-768x1024.jpg 768w, https:\/\/bkmbergen.no\/2017\/wp-content\/uploads\/sites\/7\/2018\/06\/brunstad-1.jpg 960w\" sizes=\"(max-width: 225px) 100vw, 225px\" \/>I l\u00f8pet av 2017 har medlemmene i BCC Bergen bes\u00f8kt Brunstad i Vestfold en rekke ganger. Det har v\u00e6rt b\u00e5de st\u00f8rre og mindre arrangementer, men deltagelsen har v\u00e6rt st\u00f8rst p\u00e5 ungdommens p\u00e5skecamp og p\u00e5 sommerkonferansen. Brunstad er &#8211; i tillegg til v\u00e5rt misjonssenter, et ferieparadis, og mange benytter sin sommerferie her hvert \u00e5r. Her kan b\u00e5de barn, unge og eldre f\u00e5 oppleve varierte aktiviteter som passer dem. Et klart h\u00f8ydepunkt for mange er \u00e5 m\u00f8te igjen venner fra hele verden og kjenne gleden ved fellesskapet. De senere \u00e5rene har satsningen p\u00e5 barn og unge blitt st\u00f8rre, og det er en stor nytenkning p\u00e5 mange omr\u00e5der.<\/p>\n<p>&nbsp;<\/p>\n<p><img decoding=\"async\" loading=\"lazy\" class=\"alignright wp-image-60 size-medium\" src=\"http:\/\/bkmbergen.no\/2017\/wp-content\/uploads\/sites\/7\/2018\/06\/brunstad-2-225x300.jpg\" alt=\"\" width=\"225\" height=\"300\" srcset=\"https:\/\/bkmbergen.no\/2017\/wp-content\/uploads\/sites\/7\/2018\/06\/brunstad-2-225x300.jpg 225w, https:\/\/bkmbergen.no\/2017\/wp-content\/uploads\/sites\/7\/2018\/06\/brunstad-2-768x1024.jpg 768w, https:\/\/bkmbergen.no\/2017\/wp-content\/uploads\/sites\/7\/2018\/06\/brunstad-2.jpg 960w\" sizes=\"(max-width: 225px) 100vw, 225px\" \/><\/p>\n<p>Nytt av \u00e5ret var \u00abden store togfesten\u00bb, en dag full av magi fra morgen til kveld. Her hadde man leid inn Totto-toget til stor glede for de yngste. P\u00e5 hele omr\u00e5det var det yrende liv, med show, gateorkester, dansende disney-figurer, ansiktsmaling, utdeling av gratis p\u00f8lser til alle og mye, mye mer. Et minne for livet for de tusenvis av barn og unge som deltok.<\/p>\n<p>&nbsp;<\/p>\n<p>Det var flere nye arrangement sommeren 2017. Dagsutflukt for unge kvinner til idylliske Ris\u00f8ya i Telemark ble en stor suksess som mange h\u00e5per \u00e5 f\u00e5 gjenta. Stemningen var h\u00f8y da denne skj\u00e6rg\u00e5rdsperlen ble inntatt av 1800 kvinner fra mange ulike land og kontinenter. Her kunne man f\u00e5 \u00e5ndelig p\u00e5fyll, nyte god mat, hyggelig samv\u00e6r og en uformell atmosf\u00e6re. Mange benyttet ogs\u00e5 denne sommerdagen til \u00e5 bade og sole seg.<\/p>\n<p><img decoding=\"async\" loading=\"lazy\" class=\"alignnone size-full wp-image-68\" src=\"http:\/\/bkmbergen.no\/2017\/wp-content\/uploads\/sites\/7\/2018\/06\/brunstad-4.jpg\" alt=\"\" width=\"770\" height=\"513\" srcset=\"https:\/\/bkmbergen.no\/2017\/wp-content\/uploads\/sites\/7\/2018\/06\/brunstad-4.jpg 770w, https:\/\/bkmbergen.no\/2017\/wp-content\/uploads\/sites\/7\/2018\/06\/brunstad-4-300x200.jpg 300w, https:\/\/bkmbergen.no\/2017\/wp-content\/uploads\/sites\/7\/2018\/06\/brunstad-4-768x512.jpg 768w, https:\/\/bkmbergen.no\/2017\/wp-content\/uploads\/sites\/7\/2018\/06\/brunstad-4-600x400.jpg 600w\" sizes=\"(max-width: 770px) 100vw, 770px\" \/><br \/>\n<img decoding=\"async\" loading=\"lazy\" class=\"alignnone size-full wp-image-109\" src=\"http:\/\/bkmbergen.no\/2017\/wp-content\/uploads\/sites\/7\/2018\/08\/Bilde-13.07.2017-10-27-10.jpg\" alt=\"\" width=\"770\" height=\"513\" srcset=\"https:\/\/bkmbergen.no\/2017\/wp-content\/uploads\/sites\/7\/2018\/08\/Bilde-13.07.2017-10-27-10.jpg 770w, https:\/\/bkmbergen.no\/2017\/wp-content\/uploads\/sites\/7\/2018\/08\/Bilde-13.07.2017-10-27-10-300x200.jpg 300w, https:\/\/bkmbergen.no\/2017\/wp-content\/uploads\/sites\/7\/2018\/08\/Bilde-13.07.2017-10-27-10-768x512.jpg 768w, https:\/\/bkmbergen.no\/2017\/wp-content\/uploads\/sites\/7\/2018\/08\/Bilde-13.07.2017-10-27-10-600x400.jpg 600w\" sizes=\"(max-width: 770px) 100vw, 770px\" \/><br \/>\n<img decoding=\"async\" loading=\"lazy\" class=\"alignnone size-full wp-image-110\" src=\"http:\/\/bkmbergen.no\/2017\/wp-content\/uploads\/sites\/7\/2018\/08\/Bilde-24.04.2018-20-38-53.jpg\" alt=\"\" width=\"1280\" height=\"960\" srcset=\"https:\/\/bkmbergen.no\/2017\/wp-content\/uploads\/sites\/7\/2018\/08\/Bilde-24.04.2018-20-38-53.jpg 1280w, https:\/\/bkmbergen.no\/2017\/wp-content\/uploads\/sites\/7\/2018\/08\/Bilde-24.04.2018-20-38-53-300x225.jpg 300w, https:\/\/bkmbergen.no\/2017\/wp-content\/uploads\/sites\/7\/2018\/08\/Bilde-24.04.2018-20-38-53-768x576.jpg 768w, https:\/\/bkmbergen.no\/2017\/wp-content\/uploads\/sites\/7\/2018\/08\/Bilde-24.04.2018-20-38-53-1024x768.jpg 1024w\" sizes=\"(max-width: 1280px) 100vw, 1280px\" \/><br \/>\n<img decoding=\"async\" loading=\"lazy\" class=\"alignnone size-full wp-image-111\" src=\"http:\/\/bkmbergen.no\/2017\/wp-content\/uploads\/sites\/7\/2018\/08\/Bilde-28.04.2018-21-02-13.jpg\" alt=\"\" width=\"960\" height=\"1280\" srcset=\"https:\/\/bkmbergen.no\/2017\/wp-content\/uploads\/sites\/7\/2018\/08\/Bilde-28.04.2018-21-02-13.jpg 960w, https:\/\/bkmbergen.no\/2017\/wp-content\/uploads\/sites\/7\/2018\/08\/Bilde-28.04.2018-21-02-13-225x300.jpg 225w, https:\/\/bkmbergen.no\/2017\/wp-content\/uploads\/sites\/7\/2018\/08\/Bilde-28.04.2018-21-02-13-768x1024.jpg 768w\" sizes=\"(max-width: 960px) 100vw, 960px\" \/><br \/>\n<img decoding=\"async\" loading=\"lazy\" class=\"alignnone size-full wp-image-112\" src=\"http:\/\/bkmbergen.no\/2017\/wp-content\/uploads\/sites\/7\/2018\/08\/Bilde-28.04.2018-21-02-52.jpg\" alt=\"\" width=\"1280\" height=\"960\" srcset=\"https:\/\/bkmbergen.no\/2017\/wp-content\/uploads\/sites\/7\/2018\/08\/Bilde-28.04.2018-21-02-52.jpg 1280w, https:\/\/bkmbergen.no\/2017\/wp-content\/uploads\/sites\/7\/2018\/08\/Bilde-28.04.2018-21-02-52-300x225.jpg 300w, https:\/\/bkmbergen.no\/2017\/wp-content\/uploads\/sites\/7\/2018\/08\/Bilde-28.04.2018-21-02-52-768x576.jpg 768w, https:\/\/bkmbergen.no\/2017\/wp-content\/uploads\/sites\/7\/2018\/08\/Bilde-28.04.2018-21-02-52-1024x768.jpg 1024w\" sizes=\"(max-width: 1280px) 100vw, 1280px\" \/><br \/>\n<img decoding=\"async\" loading=\"lazy\" class=\"alignnone size-full wp-image-113\" src=\"http:\/\/bkmbergen.no\/2017\/wp-content\/uploads\/sites\/7\/2018\/08\/Bilde-28.04.2018-21-06-08.jpg\" alt=\"\" width=\"1280\" height=\"960\" srcset=\"https:\/\/bkmbergen.no\/2017\/wp-content\/uploads\/sites\/7\/2018\/08\/Bilde-28.04.2018-21-06-08.jpg 1280w, https:\/\/bkmbergen.no\/2017\/wp-content\/uploads\/sites\/7\/2018\/08\/Bilde-28.04.2018-21-06-08-300x225.jpg 300w, https:\/\/bkmbergen.no\/2017\/wp-content\/uploads\/sites\/7\/2018\/08\/Bilde-28.04.2018-21-06-08-768x576.jpg 768w, https:\/\/bkmbergen.no\/2017\/wp-content\/uploads\/sites\/7\/2018\/08\/Bilde-28.04.2018-21-06-08-1024x768.jpg 1024w\" sizes=\"(max-width: 1280px) 100vw, 1280px\" \/><\/p>\n","protected":false},"excerpt":{"rendered":"<p>I l\u00f8pet av 2017 har medlemmene i BCC Bergen bes\u00f8kt Brunstad i Vestfold en rekke ganger. Det har v\u00e6rt b\u00e5de st\u00f8rre og mindre arrangementer, men deltagelsen har v\u00e6rt st\u00f8rst p\u00e5 ungdommens p\u00e5skecamp og p\u00e5 sommerkonferansen. Brunstad er &#8211; i tillegg til v\u00e5rt misjonssenter, et ferieparadis, og mange benytter sin sommerferie her hvert \u00e5r. Her kan b\u00e5de barn, unge og eldre f\u00e5 oppleve varierte aktiviteter som passer dem. Et klart h\u00f8ydepunkt for mange er \u00e5 m\u00f8te igjen venner fra hele verden&hellip;<\/p>\n","protected":false},"author":3,"featured_media":0,"parent":0,"menu_order":0,"comment_status":"closed","ping_status":"closed","template":"","meta":[],"categories":[],"tags":[],"_links":{"self":[{"href":"https:\/\/bkmbergen.no\/2017\/wp-json\/wp\/v2\/pages\/27"}],"collection":[{"href":"https:\/\/bkmbergen.no\/2017\/wp-json\/wp\/v2\/pages"}],"about":[{"href":"https:\/\/bkmbergen.no\/2017\/wp-json\/wp\/v2\/types\/page"}],"author":[{"embeddable":true,"href":"https:\/\/bkmbergen.no\/2017\/wp-json\/wp\/v2\/users\/3"}],"replies":[{"embeddable":true,"href":"https:\/\/bkmbergen.no\/2017\/wp-json\/wp\/v2\/comments?post=27"}],"version-history":[{"count":9,"href":"https:\/\/bkmbergen.no\/2017\/wp-json\/wp\/v2\/pages\/27\/revisions"}],"predecessor-version":[{"id":114,"href":"https:\/\/bkmbergen.no\/2017\/wp-json\/wp\/v2\/pages\/27\/revisions\/114"}],"wp:attachment":[{"href":"https:\/\/bkmbergen.no\/2017\/wp-json\/wp\/v2\/media?parent=27"}],"wp:term":[{"taxonomy":"category","embeddable":true,"href":"https:\/\/bkmbergen.no\/2017\/wp-json\/wp\/v2\/categories?post=27"},{"taxonomy":"post_tag","embeddable":true,"href":"https:\/\/bkmbergen.no\/2017\/wp-json\/wp\/v2\/tags?post=27"}],"curies":[{"name":"wp","href":"https:\/\/api.w.org\/{rel}","templated":true}]}}