{"id":13,"date":"2020-08-09T12:25:50","date_gmt":"2020-08-09T10:25:50","guid":{"rendered":"https:\/\/bkmbergen.no\/arsrapport2019\/?page_id=13"},"modified":"2020-08-09T12:25:50","modified_gmt":"2020-08-09T10:25:50","slug":"barnevelsignelse","status":"publish","type":"page","link":"https:\/\/bkmbergen.no\/2019\/barnevelsignelse\/","title":{"rendered":"Barnevelsignelse"},"content":{"rendered":"\n<p>I lokalmenighetene som er tilknyttet BCC praktiseres ikke barned\u00e5p, men det er tradisjon \u00e5 holde barnevelsignelser.&nbsp;<\/p>\n\n\n\n<p>BKM Bergen hadde to barnevelsignelser i 2019. En i mars, der tre barn ble velsignet, og en i august der fire barn ble velsignet. Det foreg\u00e5r slik at foreldre og barn kommer fram foran forsamlingen under en gudstjeneste og de sm\u00e5 barna blir bedt for av en forstander.<\/p>\n\n\n\n<p>Det er alltid h\u00f8ytid n\u00e5r nye verdensborgere blir presentert for menigheten. Under disse gudstjenestene synges et utvalg sanger som er skrevet spesielt for slike anledninger, den mest kjente er \u201cVelkommen som gjest p\u00e5 jorden\u201d.<\/p>\n\n\n\n<figure class=\"wp-block-image is-style-default\"><img decoding=\"async\" src=\"https:\/\/lh4.googleusercontent.com\/0HIcMfsBEpW8q_g_Qh9ynJhEw0Flmimh8ZpF9nyhGRfMCIO6869fV6AXJE7LzKzn6zD62g0pMYuQOu298rih1dLiYJ2pM8AbI_jEIlh-5OlfSeP-SfBfFjIMmiiEfDcpdTyGdBU9\" alt=\"\"\/><\/figure>\n\n\n\n<figure class=\"wp-block-image\"><img decoding=\"async\" src=\"https:\/\/lh4.googleusercontent.com\/jFiMuroONGnPWCVEmfIvjCZlwYk_YO4PbpK0JF0kj8S5ch40fLcWtVS5wzSEnYtJyNQ9trsOpWb7zmkW_pUuFS3m0okPqvk4oe4jtu93ipUXLcWtNrCgX7-uxk_p9ttySutr_b6j\" alt=\"\"\/><\/figure>\n","protected":false},"excerpt":{"rendered":"<p>I lokalmenighetene som er tilknyttet BCC praktiseres ikke barned\u00e5p, men det er tradisjon \u00e5 holde barnevelsignelser.&nbsp; BKM Bergen hadde to barnevelsignelser i 2019. En i mars, der tre barn ble velsignet, og en i august der fire barn ble velsignet. Det foreg\u00e5r slik at foreldre og barn kommer fram foran forsamlingen under en gudstjeneste og de sm\u00e5 barna blir bedt for av en forstander. Det er alltid h\u00f8ytid n\u00e5r nye verdensborgere blir presentert for menigheten. Under disse gudstjenestene synges et utvalg sanger som er skrevet spesielt for slike anledninger, den mest kjente er \u201cVelkommen som gjest p\u00e5 jorden\u201d.<\/p>\n","protected":false},"author":4,"featured_media":0,"parent":0,"menu_order":0,"comment_status":"closed","ping_status":"closed","template":"","meta":[],"categories":[],"tags":[],"blocksy_meta":{"styles_descriptor":{"styles":{"desktop":"","tablet":"","mobile":""},"google_fonts":[],"version":5}},"_links":{"self":[{"href":"https:\/\/bkmbergen.no\/2019\/wp-json\/wp\/v2\/pages\/13"}],"collection":[{"href":"https:\/\/bkmbergen.no\/2019\/wp-json\/wp\/v2\/pages"}],"about":[{"href":"https:\/\/bkmbergen.no\/2019\/wp-json\/wp\/v2\/types\/page"}],"author":[{"embeddable":true,"href":"https:\/\/bkmbergen.no\/2019\/wp-json\/wp\/v2\/users\/4"}],"replies":[{"embeddable":true,"href":"https:\/\/bkmbergen.no\/2019\/wp-json\/wp\/v2\/comments?post=13"}],"version-history":[{"count":1,"href":"https:\/\/bkmbergen.no\/2019\/wp-json\/wp\/v2\/pages\/13\/revisions"}],"predecessor-version":[{"id":14,"href":"https:\/\/bkmbergen.no\/2019\/wp-json\/wp\/v2\/pages\/13\/revisions\/14"}],"wp:attachment":[{"href":"https:\/\/bkmbergen.no\/2019\/wp-json\/wp\/v2\/media?parent=13"}],"wp:term":[{"taxonomy":"category","embeddable":true,"href":"https:\/\/bkmbergen.no\/2019\/wp-json\/wp\/v2\/categories?post=13"},{"taxonomy":"post_tag","embeddable":true,"href":"https:\/\/bkmbergen.no\/2019\/wp-json\/wp\/v2\/tags?post=13"}],"curies":[{"name":"wp","href":"https:\/\/api.w.org\/{rel}","templated":true}]}}