{"id":15,"date":"2020-08-09T12:26:40","date_gmt":"2020-08-09T10:26:40","guid":{"rendered":"https:\/\/bkmbergen.no\/arsrapport2019\/?page_id=15"},"modified":"2020-08-09T12:26:41","modified_gmt":"2020-08-09T10:26:41","slug":"dap","status":"publish","type":"page","link":"https:\/\/bkmbergen.no\/2019\/dap\/","title":{"rendered":"D\u00e5p"},"content":{"rendered":"\n<p>Voksend\u00e5p er noe som alltid har st\u00e5tt sentralt i v\u00e5r menighet. Det er ikke en spesiell aldersgruppe som blir invitert, men n\u00e5r medlemmene blir voksne kan de selv ta stilling til om dette er noe de \u00f8nsker \u00e5 delta p\u00e5.<\/p>\n\n\n\n<p>I september 2019 var det 25 kvinner og menn som lot seg d\u00f8pe i BKM Bergen. De fleste var unge voksne, men det var ogs\u00e5 medlemmer godt oppe i \u00e5rene som tok del i denne begivenheten. D\u00e5pen foregikk i en idrettshall hvor det var satt opp et basseng til form\u00e5let. Etter at selve seremonien var ferdig, samlet hele menigheten seg for \u00e5 markere begivenheten med sang, forkynnelse og b\u00f8nn.<\/p>\n","protected":false},"excerpt":{"rendered":"<p>Voksend\u00e5p er noe som alltid har st\u00e5tt sentralt i v\u00e5r menighet. Det er ikke en spesiell aldersgruppe som blir invitert, men n\u00e5r medlemmene blir voksne kan de selv ta stilling til om dette er noe de \u00f8nsker \u00e5 delta p\u00e5. I september 2019 var det 25 kvinner og menn som lot seg d\u00f8pe i BKM Bergen. De fleste var unge voksne, men det var ogs\u00e5 medlemmer godt oppe i \u00e5rene som tok del i denne begivenheten. D\u00e5pen foregikk i en idrettshall hvor det var satt opp et basseng til form\u00e5let. Etter at selve seremonien var ferdig, samlet hele menigheten seg\u2026<\/p>\n","protected":false},"author":4,"featured_media":0,"parent":0,"menu_order":0,"comment_status":"closed","ping_status":"closed","template":"","meta":[],"categories":[],"tags":[],"blocksy_meta":{"styles_descriptor":{"styles":{"desktop":"","tablet":"","mobile":""},"google_fonts":[],"version":5}},"_links":{"self":[{"href":"https:\/\/bkmbergen.no\/2019\/wp-json\/wp\/v2\/pages\/15"}],"collection":[{"href":"https:\/\/bkmbergen.no\/2019\/wp-json\/wp\/v2\/pages"}],"about":[{"href":"https:\/\/bkmbergen.no\/2019\/wp-json\/wp\/v2\/types\/page"}],"author":[{"embeddable":true,"href":"https:\/\/bkmbergen.no\/2019\/wp-json\/wp\/v2\/users\/4"}],"replies":[{"embeddable":true,"href":"https:\/\/bkmbergen.no\/2019\/wp-json\/wp\/v2\/comments?post=15"}],"version-history":[{"count":1,"href":"https:\/\/bkmbergen.no\/2019\/wp-json\/wp\/v2\/pages\/15\/revisions"}],"predecessor-version":[{"id":16,"href":"https:\/\/bkmbergen.no\/2019\/wp-json\/wp\/v2\/pages\/15\/revisions\/16"}],"wp:attachment":[{"href":"https:\/\/bkmbergen.no\/2019\/wp-json\/wp\/v2\/media?parent=15"}],"wp:term":[{"taxonomy":"category","embeddable":true,"href":"https:\/\/bkmbergen.no\/2019\/wp-json\/wp\/v2\/categories?post=15"},{"taxonomy":"post_tag","embeddable":true,"href":"https:\/\/bkmbergen.no\/2019\/wp-json\/wp\/v2\/tags?post=15"}],"curies":[{"name":"wp","href":"https:\/\/api.w.org\/{rel}","templated":true}]}}