{"id":18,"date":"2020-08-09T12:27:26","date_gmt":"2020-08-09T10:27:26","guid":{"rendered":"https:\/\/bkmbergen.no\/arsrapport2019\/?page_id=18"},"modified":"2020-08-09T12:27:28","modified_gmt":"2020-08-09T10:27:28","slug":"seniorene","status":"publish","type":"page","link":"https:\/\/bkmbergen.no\/2019\/seniorene\/","title":{"rendered":"Seniorene"},"content":{"rendered":"\n<p>BKM -Bergen har i en \u00e5rrekke hatt fast aktivitetstilbud til den eldste aldersgruppen; seniorene. I tillegg til \u00e5 dele felles tro, har de spist middag sammen, hatt hjernetrim, reist p\u00e5 forskjellige utflukter, og tatt imot bes\u00f8k fra seniorer fra andre kanter av landet. Et av \u00e5rets h\u00f8ydepunkt, var da det i mai ble det arrangert sammenkomst med seniorene fra BKM fra Grenland. Det oppleves som en berikelse \u00e5 m\u00f8te trosfeller fra andre byer, og sammen lot de seg inspirere til et aktivt pensjonistliv i fellesskap. med&nbsp;<\/p>\n\n\n\n<p>Nytt i 2019 var seniorkoret \u201cSilverSound\u201d. De gledet mange med sang og musikk, men kanskje aller mest hadde de glede av det selv. I desember deltok de p\u00e5 SeaSound sin \u00e5rlige julekonsert. <img decoding=\"async\" loading=\"lazy\" src=\"https:\/\/lh3.googleusercontent.com\/4xBOw2gIqpa_FsLRRQHyRlqkPXDVD5xaCpO_OcRY6g2mWvLEhgu8T13jlJZDfCjVOScjchqBgcDXgUrN1OmNjdhYIyf_i-4VNYlKDPcG2LtshfbUbSlur_refA4x7R96ltwyi9-j\" width=\"602\" height=\"399\"><img decoding=\"async\" loading=\"lazy\" src=\"https:\/\/lh6.googleusercontent.com\/kTc6ZJ99RwfABg__OvodVZRuyhlqjWwJHwEjS6H-Jgg7LLLPXXWR9PMOTgXcfsYWesStup5f_ssq6Ql3yGvoQQsWI7U0DshSQcNb__7fUC71u9h_VRlIVT-VxVfuxhthP3NBDkMZ\" width=\"602\" height=\"451\"><\/p>\n","protected":false},"excerpt":{"rendered":"<p>BKM -Bergen har i en \u00e5rrekke hatt fast aktivitetstilbud til den eldste aldersgruppen; seniorene. I tillegg til \u00e5 dele felles tro, har de spist middag sammen, hatt hjernetrim, reist p\u00e5 forskjellige utflukter, og tatt imot bes\u00f8k fra seniorer fra andre kanter av landet. Et av \u00e5rets h\u00f8ydepunkt, var da det i mai ble det arrangert sammenkomst med seniorene fra BKM fra Grenland. Det oppleves som en berikelse \u00e5 m\u00f8te trosfeller fra andre byer, og sammen lot de seg inspirere til et aktivt pensjonistliv i fellesskap. med&nbsp; Nytt i 2019 var seniorkoret \u201cSilverSound\u201d. De gledet mange med sang og musikk, men\u2026<\/p>\n","protected":false},"author":4,"featured_media":0,"parent":0,"menu_order":0,"comment_status":"closed","ping_status":"closed","template":"","meta":[],"categories":[],"tags":[],"blocksy_meta":{"styles_descriptor":{"styles":{"desktop":"","tablet":"","mobile":""},"google_fonts":[],"version":5}},"_links":{"self":[{"href":"https:\/\/bkmbergen.no\/2019\/wp-json\/wp\/v2\/pages\/18"}],"collection":[{"href":"https:\/\/bkmbergen.no\/2019\/wp-json\/wp\/v2\/pages"}],"about":[{"href":"https:\/\/bkmbergen.no\/2019\/wp-json\/wp\/v2\/types\/page"}],"author":[{"embeddable":true,"href":"https:\/\/bkmbergen.no\/2019\/wp-json\/wp\/v2\/users\/4"}],"replies":[{"embeddable":true,"href":"https:\/\/bkmbergen.no\/2019\/wp-json\/wp\/v2\/comments?post=18"}],"version-history":[{"count":1,"href":"https:\/\/bkmbergen.no\/2019\/wp-json\/wp\/v2\/pages\/18\/revisions"}],"predecessor-version":[{"id":19,"href":"https:\/\/bkmbergen.no\/2019\/wp-json\/wp\/v2\/pages\/18\/revisions\/19"}],"wp:attachment":[{"href":"https:\/\/bkmbergen.no\/2019\/wp-json\/wp\/v2\/media?parent=18"}],"wp:term":[{"taxonomy":"category","embeddable":true,"href":"https:\/\/bkmbergen.no\/2019\/wp-json\/wp\/v2\/categories?post=18"},{"taxonomy":"post_tag","embeddable":true,"href":"https:\/\/bkmbergen.no\/2019\/wp-json\/wp\/v2\/tags?post=18"}],"curies":[{"name":"wp","href":"https:\/\/api.w.org\/{rel}","templated":true}]}}