{"id":21,"date":"2020-08-09T12:28:24","date_gmt":"2020-08-09T10:28:24","guid":{"rendered":"https:\/\/bkmbergen.no\/arsrapport2019\/?page_id=21"},"modified":"2020-08-09T12:29:26","modified_gmt":"2020-08-09T10:29:26","slug":"barn","status":"publish","type":"page","link":"https:\/\/bkmbergen.no\/2019\/barn\/","title":{"rendered":"Barn"},"content":{"rendered":"\n<p>Aktiviteter for barn og unge er en viktig del av menighetslivet i BKM Bergen, og 2019 har v\u00e6rt et \u00e5r med enda st\u00f8rre mangfold og bredde i tilbudet enn f\u00f8r.&nbsp;<\/p>\n\n\n\n<p>Under de ukentlige gudstjenestene har barna hatt s\u00f8ndagsskole. Disse samlingene blir ledet av frivillige voksne, og delt opp i to aldersgrupper for \u00e5 kunne tilpasse innholdet best mulig.&nbsp;<\/p>\n\n\n\n<p>For mange var v\u00e5rparten preget av arbeid frem mot det \u00e5rlige, internasjonale sommerstevnet p\u00e5 Oslofjord Convention Centerarrangert av BCC. Sammen med BKM Hallingdal hadde bergensmenigheten ansvaret for innholdet p\u00e5 barnem\u00f8tene. Filmproduksjon, musikk- og sanginnslag, og en musikal involverte mange barn denne v\u00e5ren.&nbsp;<\/p>\n\n\n\n<p>I juni ble det holdt sommerkonsert i forbindelse med St. Hans- &#8211; feiringen. Denne var lagt opp som en lytteropplevelse for hele familien. Den musikalske delen ble arrangert av Seasound Choir and Band, i samarbeid med BKM Bergen. Konserten ble etterfulgt av en uformell grillkveld og b\u00e5lbrenning hvor hele menigheten var invitert.<\/p>\n\n\n\n<h4 class=\"wp-block-heading\">Samarbeid med Aktivitetsklubben&nbsp;<\/h4>\n\n\n\n<p>BKM Bergen samarbeider tett med ideelle foreninger som deler v\u00e5rt verdigrunnlag. Fra barna begynner i 2. klasse og resten av barneskoletiden, har de tilbud om ukentlige aktiviteter gjennom foreningen Aktivitetsklubben (AK). AK har et bredt utvalg av interessegrupper, og det er fokus p\u00e5 at barna skal bli sett, bygge vennskap, og f\u00e5 oppleve mestring i trygge rammer.<\/p>\n\n\n\n<p>Den 29.- &#8211; 30. juni ble det arrangert aktivitetshelg med overnatting for barna i AK. Tema var &laquo;Disney&raquo;, og barn og ledere m\u00f8tte opp ferdig utkledd som figurer fra film og tegneserier. BKM Bergen st\u00f8ttet arrangementet med leie av\u00e5 stille lokaler til r\u00e5dighet.<\/p>\n\n\n\n<p>I desember avsluttet AK sesongen med en f\u00f8rjulsfest, kalt &laquo;Winter Wonderland&raquo;. Festen var st\u00f8ttet av BKM Bergen.<\/p>\n\n\n\n<figure class=\"wp-block-image\"><img decoding=\"async\" src=\"https:\/\/lh5.googleusercontent.com\/JckxgB0k9x2QSp3VhuXKE-IGEbZYXbU6sD5zHu02y7PDmta9QZKXc7J19NyG60dXpg3J0qUElTOiYaVBz4_bonax29fRezM-LR3aIJvaQbRg0-flGieIDc0hIe3qlBbvTyQZ-6WU\" alt=\"\"\/><\/figure>\n\n\n\n<figure class=\"wp-block-image\"><img decoding=\"async\" src=\"https:\/\/lh3.googleusercontent.com\/3drLHT8GuBffzIHl4Ec7u-9TgKLDKpWbsFcV_dnw1SI5VBaZEUI-iz8mC58le346jFCyjwbmo6HhDcsqOwwCg9LmFhob9OTVm-yjCqEVLzAjFu9964O36QJaGbRAwOqUlGMCrgxX\" alt=\"\"\/><\/figure>\n\n\n\n<figure class=\"wp-block-image\"><img decoding=\"async\" src=\"https:\/\/lh4.googleusercontent.com\/QdsEaM_dD4HnpFTQtVChpHkUG7mPdNP0GQKXvdw6evlw9T9HKV8AzTRmEn8p45IlZPuiRYp1yWjzBby7t6MOOEBkrio818CsP2rBvLxT0lhJhTje0hDaf4HQQ537eggimEZC_LFw\" alt=\"\"\/><\/figure>\n","protected":false},"excerpt":{"rendered":"<p>Aktiviteter for barn og unge er en viktig del av menighetslivet i BKM Bergen, og 2019 har v\u00e6rt et \u00e5r med enda st\u00f8rre mangfold og bredde i tilbudet enn f\u00f8r.&nbsp; Under de ukentlige gudstjenestene har barna hatt s\u00f8ndagsskole. Disse samlingene blir ledet av frivillige voksne, og delt opp i to aldersgrupper for \u00e5 kunne tilpasse innholdet best mulig.&nbsp; For mange var v\u00e5rparten preget av arbeid frem mot det \u00e5rlige, internasjonale sommerstevnet p\u00e5 Oslofjord Convention Centerarrangert av BCC. Sammen med BKM Hallingdal hadde bergensmenigheten ansvaret for innholdet p\u00e5 barnem\u00f8tene. Filmproduksjon, musikk- og sanginnslag, og en musikal involverte mange barn denne v\u00e5ren.&nbsp;\u2026<\/p>\n","protected":false},"author":4,"featured_media":0,"parent":0,"menu_order":0,"comment_status":"closed","ping_status":"closed","template":"","meta":[],"categories":[],"tags":[],"blocksy_meta":{"styles_descriptor":{"styles":{"desktop":"","tablet":"","mobile":""},"google_fonts":[],"version":5}},"_links":{"self":[{"href":"https:\/\/bkmbergen.no\/2019\/wp-json\/wp\/v2\/pages\/21"}],"collection":[{"href":"https:\/\/bkmbergen.no\/2019\/wp-json\/wp\/v2\/pages"}],"about":[{"href":"https:\/\/bkmbergen.no\/2019\/wp-json\/wp\/v2\/types\/page"}],"author":[{"embeddable":true,"href":"https:\/\/bkmbergen.no\/2019\/wp-json\/wp\/v2\/users\/4"}],"replies":[{"embeddable":true,"href":"https:\/\/bkmbergen.no\/2019\/wp-json\/wp\/v2\/comments?post=21"}],"version-history":[{"count":1,"href":"https:\/\/bkmbergen.no\/2019\/wp-json\/wp\/v2\/pages\/21\/revisions"}],"predecessor-version":[{"id":22,"href":"https:\/\/bkmbergen.no\/2019\/wp-json\/wp\/v2\/pages\/21\/revisions\/22"}],"wp:attachment":[{"href":"https:\/\/bkmbergen.no\/2019\/wp-json\/wp\/v2\/media?parent=21"}],"wp:term":[{"taxonomy":"category","embeddable":true,"href":"https:\/\/bkmbergen.no\/2019\/wp-json\/wp\/v2\/categories?post=21"},{"taxonomy":"post_tag","embeddable":true,"href":"https:\/\/bkmbergen.no\/2019\/wp-json\/wp\/v2\/tags?post=21"}],"curies":[{"name":"wp","href":"https:\/\/api.w.org\/{rel}","templated":true}]}}