{"id":23,"date":"2020-08-09T12:30:20","date_gmt":"2020-08-09T10:30:20","guid":{"rendered":"https:\/\/bkmbergen.no\/arsrapport2019\/?page_id=23"},"modified":"2020-08-09T12:30:36","modified_gmt":"2020-08-09T10:30:36","slug":"ungdomsaktiviteter-gjennom-aret","status":"publish","type":"page","link":"https:\/\/bkmbergen.no\/2019\/ungdomsaktiviteter-gjennom-aret\/","title":{"rendered":"Ungdomsaktiviteter gjennom \u00e5ret"},"content":{"rendered":"\n<p><strong>Gjennom \u00e5ret har ungdom fra BKM -Bergen hatt samlinger om fredagskveldene.Fokuset for samlingene har v\u00e6rt trosoppbyggelse rettet mot ungdom.Som en avrunding p\u00e5 kveldene, ble det arrangert kaf\u00e9\u00e8 og aktiviteter av mange slag.<\/strong><\/p>\n\n\n\n<h4 class=\"wp-block-heading\">Aktivitet og fellesskap i Brunstad ungdomsklubb&nbsp;<\/h4>\n\n\n\n<p>Den samarbeidende foreningen Brunstad ungdomsklubb (BUK) ivaretar, ved hjelp av \u00f8konomiske st\u00f8tte fra BKM, en del av aktivitetstilbudet for unge i BKM -Bergen. BUK best\u00e5r av mange grupper med ulike fritidstilbud. Ukentlig m\u00f8tes gruppene til sammenkomster hvor de engasjerer seg i sine hobbyer i et sosialt og kristent fellesskap.&nbsp;<\/p>\n\n\n\n<p>Ungdommene tilknyttet BUK deltok p\u00e5 fire internasjonale ungdomscamper gjennom 2019. P\u00e5skecamp, Sommercamp, H\u00f8stcamp og Romjulscamp var begivenhetsrike arrangementer med gjennomsnittlig 140 aktive deltakere fra Bergensregionen.&nbsp;<\/p>\n\n\n\n<p>I mai ble seks deltakere fra BKM utfordret til \u00e5 sykle fra Bergen til Stord p\u00e5 tandemsykkel. Form\u00e5let var \u00e5 skape engasjement rundt BUK og samle inn penger til foreningens arbeid for ungdom. Sykkelturen kunne f\u00f8lges p\u00e5 live-stream og seerne kunne ogs\u00e5 oppdateres via et mobilt livestudio. Dagen ble avrundet med en fest for medlemmer i alle aldre.&nbsp;<\/p>\n\n\n\n<figure class=\"wp-block-image\"><img decoding=\"async\" src=\"https:\/\/lh6.googleusercontent.com\/43OsJjsA1j7n3r0IpgRc0h6Sl9AXEynIq-DFCiPbSh4DiHW3baO-EwrXJ4dsmYt0fZDL58Kn3e1HjuqSjLIsZRFrC2Vwuk4q__2AKBDvZBIaySCN7ViwOCCUmPuC5-VwGDTZJ0OA\" alt=\"\"\/><\/figure>\n\n\n\n<figure class=\"wp-block-image\"><img decoding=\"async\" src=\"https:\/\/lh3.googleusercontent.com\/GtA4csbkm56lRfAf9NnvB8MAJNK_TMF250-9H65ZTo6FrWtw5yDesXrms5K2prowo01dqnpk6U38YBb_2PMjlCaKo_n_AAj_8ghU5AV_LAXZem_EHQFhj4sUDRXJvTwgg3wVxAml\" alt=\"\"\/><\/figure>\n\n\n\n<figure class=\"wp-block-image\"><img decoding=\"async\" src=\"https:\/\/lh3.googleusercontent.com\/aLCEFChvT52Ru04h_IRfYWibB111kTYBR73pCSJgdwWP__Pb4v0w4iHkwe8rgPUsq4qtWi_rhhiN5ZmcXxaDsjO03Uxh7WGtJzFpkKLJfR_2Gn-gSkN7nVqB_634njqccS1Eo60b\" alt=\"\"\/><\/figure>\n\n\n\n<figure class=\"wp-block-image\"><img decoding=\"async\" src=\"https:\/\/lh6.googleusercontent.com\/9U1Oij8AMLxktXPmBqLFXJ3buF_ueW00EXiQoLn-C4U1ApY_eNJiNZcvutFinVY0fNsqvsvnzM_MhWmZNDzCbaZMfhEffmEjtsLnFBIYV_lLIOt4SMIb3-Z1djE93ccVy6d4uJsp\" alt=\"\"\/><\/figure>\n\n\n\n<figure class=\"wp-block-image\"><img decoding=\"async\" src=\"https:\/\/lh4.googleusercontent.com\/z2quJzXAx07KHAhvJneAYMzXAzxcMOLAc7AW0-Mb2VaxwhRGopoC8koANebh-4lnCexBbZvAOwtUcpdWwTVdc90hAUvitqHunln80G8orULsuPTfilpDtxiv0pSF47Hzb0MShXDy\" alt=\"\"\/><\/figure>\n\n\n\n<p><img decoding=\"async\" loading=\"lazy\" src=\"https:\/\/lh4.googleusercontent.com\/FEQxBqvf9P-uifCUCQf7I97ccBgjMsqumJ7c5-dFrjB9JGVeQkskvComFh2a0WzCn1DF4-fl_dreemHtGBU_Af6ANq6WCneqLwdhGO5go6Rw7p3M4dEhNtO6ZwEeMDolKbl41Tzc\" width=\"602\" height=\"401\"><img decoding=\"async\" loading=\"lazy\" src=\"https:\/\/lh5.googleusercontent.com\/qWi-YEnABJaOEKbhYZp6yTV15yD_FS29HJEAbBDeg6cuXjwAux2ByPsAetqKGJDS85dwNyiNuMQVa_plnMt5676OGWSLYWgnPD65hYNqp0Y8jaxk2n_luGDXK6JaoKFdyqH_yZLl\" width=\"602\" height=\"401\"><\/p>\n","protected":false},"excerpt":{"rendered":"<p>Gjennom \u00e5ret har ungdom fra BKM -Bergen hatt samlinger om fredagskveldene.Fokuset for samlingene har v\u00e6rt trosoppbyggelse rettet mot ungdom.Som en avrunding p\u00e5 kveldene, ble det arrangert kaf\u00e9\u00e8 og aktiviteter av mange slag. Aktivitet og fellesskap i Brunstad ungdomsklubb&nbsp; Den samarbeidende foreningen Brunstad ungdomsklubb (BUK) ivaretar, ved hjelp av \u00f8konomiske st\u00f8tte fra BKM, en del av aktivitetstilbudet for unge i BKM -Bergen. BUK best\u00e5r av mange grupper med ulike fritidstilbud. Ukentlig m\u00f8tes gruppene til sammenkomster hvor de engasjerer seg i sine hobbyer i et sosialt og kristent fellesskap.&nbsp; Ungdommene tilknyttet BUK deltok p\u00e5 fire internasjonale ungdomscamper gjennom 2019. P\u00e5skecamp, Sommercamp, H\u00f8stcamp\u2026<\/p>\n","protected":false},"author":4,"featured_media":0,"parent":0,"menu_order":0,"comment_status":"closed","ping_status":"closed","template":"","meta":[],"categories":[],"tags":[],"blocksy_meta":{"styles_descriptor":{"styles":{"desktop":"","tablet":"","mobile":""},"google_fonts":[],"version":5}},"_links":{"self":[{"href":"https:\/\/bkmbergen.no\/2019\/wp-json\/wp\/v2\/pages\/23"}],"collection":[{"href":"https:\/\/bkmbergen.no\/2019\/wp-json\/wp\/v2\/pages"}],"about":[{"href":"https:\/\/bkmbergen.no\/2019\/wp-json\/wp\/v2\/types\/page"}],"author":[{"embeddable":true,"href":"https:\/\/bkmbergen.no\/2019\/wp-json\/wp\/v2\/users\/4"}],"replies":[{"embeddable":true,"href":"https:\/\/bkmbergen.no\/2019\/wp-json\/wp\/v2\/comments?post=23"}],"version-history":[{"count":1,"href":"https:\/\/bkmbergen.no\/2019\/wp-json\/wp\/v2\/pages\/23\/revisions"}],"predecessor-version":[{"id":24,"href":"https:\/\/bkmbergen.no\/2019\/wp-json\/wp\/v2\/pages\/23\/revisions\/24"}],"wp:attachment":[{"href":"https:\/\/bkmbergen.no\/2019\/wp-json\/wp\/v2\/media?parent=23"}],"wp:term":[{"taxonomy":"category","embeddable":true,"href":"https:\/\/bkmbergen.no\/2019\/wp-json\/wp\/v2\/categories?post=23"},{"taxonomy":"post_tag","embeddable":true,"href":"https:\/\/bkmbergen.no\/2019\/wp-json\/wp\/v2\/tags?post=23"}],"curies":[{"name":"wp","href":"https:\/\/api.w.org\/{rel}","templated":true}]}}