{"id":9,"date":"2020-08-09T12:22:42","date_gmt":"2020-08-09T10:22:42","guid":{"rendered":"https:\/\/bkmbergen.no\/arsrapport2019\/?page_id=9"},"modified":"2020-08-09T12:24:18","modified_gmt":"2020-08-09T10:24:18","slug":"frivillighet","status":"publish","type":"page","link":"https:\/\/bkmbergen.no\/2019\/frivillighet\/","title":{"rendered":"Frivillighet"},"content":{"rendered":"\n<p>En av grunnpilarene i BKM- Bergen har gjennom tiden v\u00e6rt deltakelse gjennom frivillig arbeid. Frivillighet handler om \u00e5 skape noe sammen med andre som brenner for samme sak. V\u00e5r sak er at det kristne budskapet skal n\u00e5 fram og gi mening fra livets begynnelse til slutt. Frivilligheten har gitt oss mulighet til \u00e5 legge til rette og utvikle gode rammer for kristen virksomhet. Vi opplever at de som deltar finner mening, og knytter tilh\u00f8righet til organisasjonen.&nbsp;<\/p>\n\n\n\n<p>Hos oss har vi erfart hva den frivillige innsatsen betyr for organisasjonen og dens medlemmer, men samtidig er det viktig at vi s\u00f8ker \u00e5 utvikle oss som organisasjon. Det blir derfor med jevne mellomrom gjort evalueringer som ofte f\u00f8rer til nytenking og endring av strukturer.&nbsp;<\/p>\n\n\n\n<p>Vi setter pris p\u00e5 at frivilligheten har stor plass i det norske samfunnet, og gleder oss over at det i&nbsp; regjeringens stortingsmelding 2019 ble varslet at regjeringen vil gj\u00f8re&nbsp; 2022 til Frivillighetens \u00e5r.&nbsp;<\/p>\n\n\n\n<figure class=\"wp-block-image is-style-default\"><img decoding=\"async\" src=\"https:\/\/lh3.googleusercontent.com\/k0TVlRokctGST_uy0teIS8tKP_hr3fwSiEOANHySJEX1RZUt_OdSRMJ7aK3PDyhhDzAdFP9Xh9HSXyHQRkwuIzZGE061i4jPq-JWTXK0RMjBsQCwY0sxpvlz9OLo9o9-wjqUzrCb\" alt=\"\"\/><\/figure>\n\n\n\n<figure class=\"wp-block-image\"><img decoding=\"async\" src=\"https:\/\/lh6.googleusercontent.com\/FFVebZ_G_MKRtbib9fTfiwYl5f6GCXzDuZyqaXk-2aYRWCzA1K8rDcB9u7uIYUsuCBTC_E_ZgsRrAOj5KvHoaEJ3Aou0Y3W14dMmlN_PLWMojpjZrF3WZEzauaLj3XQuSsMMgkf3\" alt=\"\"\/><\/figure>\n\n\n\n<figure class=\"wp-block-image\"><img decoding=\"async\" src=\"https:\/\/lh4.googleusercontent.com\/EO4K2aLSk7qXi64PwLOqgbu-gQaBgFtqE8p6dh1AIUiVeAIUz5oxMJfAI5bm_sojfUZgn2PSmUAcizoArLDVycH2CScp9a020D7CcYpernx7WY1aqP_hdR2oDSM0sCH2p5iHgCIH\" alt=\"\"\/><\/figure>\n\n\n\n<figure class=\"wp-block-image\"><img decoding=\"async\" src=\"https:\/\/lh6.googleusercontent.com\/pKsr41AQ7kQN8icFeMAwDoRQlSG9tk2cmdetgG4Qh6wFwc7rGFzhCtjSqE43w2WMdJDmjl7gD-iTXvrGMR2U76P92Q_iIDh9s35CPyA9hxGwoCFgE5_PV9lfW92ZkfmnMbKSJA_W\" alt=\"\"\/><\/figure>\n\n\n\n<figure class=\"wp-block-image is-style-default\"><img decoding=\"async\" src=\"https:\/\/lh6.googleusercontent.com\/66ZCe6CWyOpVmzCmpWJycm6r8wEouxeRXonAKcFsw1RWnNY-A-lWnzYFzDyvA6V2YhkW1_Gy0bTKrfIElCTqh2fNqB_hI72Rf3RqpgGmOL1jAqjuBTBUfMHsPUb34rfbRtXtJk8K\" alt=\"\"\/><\/figure>\n","protected":false},"excerpt":{"rendered":"<p>En av grunnpilarene i BKM- Bergen har gjennom tiden v\u00e6rt deltakelse gjennom frivillig arbeid. Frivillighet handler om \u00e5 skape noe sammen med andre som brenner for samme sak. V\u00e5r sak er at det kristne budskapet skal n\u00e5 fram og gi mening fra livets begynnelse til slutt. Frivilligheten har gitt oss mulighet til \u00e5 legge til rette og utvikle gode rammer for kristen virksomhet. Vi opplever at de som deltar finner mening, og knytter tilh\u00f8righet til organisasjonen.&nbsp; Hos oss har vi erfart hva den frivillige innsatsen betyr for organisasjonen og dens medlemmer, men samtidig er det viktig at vi s\u00f8ker \u00e5\u2026<\/p>\n","protected":false},"author":4,"featured_media":0,"parent":0,"menu_order":0,"comment_status":"closed","ping_status":"closed","template":"","meta":[],"categories":[],"tags":[],"blocksy_meta":{"styles_descriptor":{"styles":{"desktop":"","tablet":"","mobile":""},"google_fonts":[],"version":5}},"_links":{"self":[{"href":"https:\/\/bkmbergen.no\/2019\/wp-json\/wp\/v2\/pages\/9"}],"collection":[{"href":"https:\/\/bkmbergen.no\/2019\/wp-json\/wp\/v2\/pages"}],"about":[{"href":"https:\/\/bkmbergen.no\/2019\/wp-json\/wp\/v2\/types\/page"}],"author":[{"embeddable":true,"href":"https:\/\/bkmbergen.no\/2019\/wp-json\/wp\/v2\/users\/4"}],"replies":[{"embeddable":true,"href":"https:\/\/bkmbergen.no\/2019\/wp-json\/wp\/v2\/comments?post=9"}],"version-history":[{"count":2,"href":"https:\/\/bkmbergen.no\/2019\/wp-json\/wp\/v2\/pages\/9\/revisions"}],"predecessor-version":[{"id":12,"href":"https:\/\/bkmbergen.no\/2019\/wp-json\/wp\/v2\/pages\/9\/revisions\/12"}],"wp:attachment":[{"href":"https:\/\/bkmbergen.no\/2019\/wp-json\/wp\/v2\/media?parent=9"}],"wp:term":[{"taxonomy":"category","embeddable":true,"href":"https:\/\/bkmbergen.no\/2019\/wp-json\/wp\/v2\/categories?post=9"},{"taxonomy":"post_tag","embeddable":true,"href":"https:\/\/bkmbergen.no\/2019\/wp-json\/wp\/v2\/tags?post=9"}],"curies":[{"name":"wp","href":"https:\/\/api.w.org\/{rel}","templated":true}]}}