{"id":22,"date":"2021-06-09T22:31:28","date_gmt":"2021-06-09T20:31:28","guid":{"rendered":"https:\/\/bkmbergen.no\/2020\/?page_id=22"},"modified":"2021-06-13T14:44:07","modified_gmt":"2021-06-13T12:44:07","slug":"fra-styret","status":"publish","type":"page","link":"https:\/\/bkmbergen.no\/2020\/","title":{"rendered":"Fra styret"},"content":{"rendered":"\n<p>Vi ser tilbake p\u00e5 et \u00e5r helt utenom det vanlige. Som for resten av samfunnet, ble 2020 et annerledes \u00e5r for oss i BKM Bergen. Vi er vant til et h\u00f8yt aktivitetsniv\u00e5 der vi treffes ofte, men spredningen av Koronaviruset snudde opp ned p\u00e5 menighetslivet. Til tross for dette har vi opplevd at oppfinnsomhet og kreativitet har blomstret, og f\u00f8rt til nye muligheter for trosoppbyggelse og felleskap.&nbsp;<\/p>\n\n\n\n<p>Like etter samfunnet stengte ned i mars, ble det sendt ut en online-<s> <\/s>hilsen til medlemmene fra v\u00e5rt lokale forstanderskap. I en ny og omveltende situasjon er det viktig \u00e5 bli enda mer oppmerksom p\u00e5 hvordan de rundt oss har det, var noe av budskapet som ble delt.&nbsp;&nbsp;<\/p>\n\n\n\n<p><em>\u201cDenne tiden som tilsynelatende er til en stor ulempe, kan likevel gi oss nye muligheter til utvikling i kj\u00e6rlighet til hverandre.\u201d <\/em>Styreleder<\/p>\n\n\n\n<p>\u00c5 se nye muligheter, og ikke bare begrensninger, har v\u00e6rt et grunnleggende fokus i menigheten gjennom \u00e5ret som har g\u00e5tt. Vi har blitt oppmuntret til \u00e5 holde fast p\u00e5 v\u00e5r tro gjennom digitale sendinger fra BCC, n\u00e5r fysiske m\u00f8ter ikke var mulig. Menighetslivet har p\u00e5 mange m\u00e5ter blitt mer internasjonalt gjennom sendingene fra BCC. Vi har sett og h\u00f8rt innslag fra alle verdens hj\u00f8rner i online-m\u00f8ter, p\u00e5 en helt annen m\u00e5te enn det har v\u00e6rt tilrettelagt for tidligere.&nbsp;<\/p>\n\n\n\n<p>BKM Bergen har i 2020 brukt mye ressurser for \u00e5 kunne lage gode digitale alternativer til de fysiske m\u00f8tene og arrangementene, ogs\u00e5 lokalt. Det har v\u00e6rt viktig for oss \u00e5 kunne opprettholde et tilbud innenfor de rammene vi har. Den mentale belastningen pandemien har p\u00e5 den enkelte, er noe vi ikke vil undervurdere. Mange av oss opplever at trosfelleskapet er viktig for v\u00e5r livskvalitet. Kanskje s\u00e6rlig i en slik periode, kjenner vi p\u00e5 hvor mye dette fellesskapet betyr for oss.&nbsp;&nbsp;&nbsp;<\/p>\n\n\n\n<p>21.06 ble det holdt online \u00e5rsm\u00f8te for medlemmene, der regnskap og budsjett for kommende \u00e5r ble lagt fram.&nbsp;<\/p>\n\n\n\n<p>Menighetens inntekter kommer i all hovedsak gjennom gaver fra egne medlemmer. Til tross for et utfordrende \u00e5r, opplever vi fortsatt en stor giverglede og interesse for \u00e5 bidra til fellesskapet. Vi vil rette en stor takk til v\u00e5re medlemmer for innsatsen som har blitt lagt ned gjennom \u00e5ret, b\u00e5de med organisering, praktisk arbeid og \u00f8konomiske bidrag.\u00a0<\/p>\n\n\n\n<div class=\"wp-block-image\"><figure class=\"aligncenter size-large\"><img decoding=\"async\" loading=\"lazy\" width=\"1024\" height=\"768\" src=\"https:\/\/bkmbergen.no\/2020\/wp-content\/uploads\/sites\/10\/2021\/06\/IMG_6380-1024x768.jpg\" alt=\"\" class=\"wp-image-44\" srcset=\"https:\/\/bkmbergen.no\/2020\/wp-content\/uploads\/sites\/10\/2021\/06\/IMG_6380-1024x768.jpg 1024w, https:\/\/bkmbergen.no\/2020\/wp-content\/uploads\/sites\/10\/2021\/06\/IMG_6380-300x225.jpg 300w, https:\/\/bkmbergen.no\/2020\/wp-content\/uploads\/sites\/10\/2021\/06\/IMG_6380-768x576.jpg 768w, https:\/\/bkmbergen.no\/2020\/wp-content\/uploads\/sites\/10\/2021\/06\/IMG_6380-1536x1152.jpg 1536w, https:\/\/bkmbergen.no\/2020\/wp-content\/uploads\/sites\/10\/2021\/06\/IMG_6380-2048x1536.jpg 2048w\" sizes=\"(max-width: 1024px) 100vw, 1024px\" \/><\/figure><\/div>\n","protected":false},"excerpt":{"rendered":"<p>Vi ser tilbake p\u00e5 et \u00e5r helt utenom det vanlige. Som for resten av samfunnet, ble 2020 et annerledes \u00e5r for oss i BKM Bergen. Vi er vant til et h\u00f8yt aktivitetsniv\u00e5 der vi treffes ofte, men spredningen av Koronaviruset snudde opp ned p\u00e5 menighetslivet. Til tross for dette har vi opplevd at oppfinnsomhet og kreativitet har blomstret, og f\u00f8rt til nye muligheter for trosoppbyggelse og felleskap.&nbsp; Like etter samfunnet stengte ned i mars, ble det sendt ut en online- hilsen til medlemmene fra v\u00e5rt lokale forstanderskap. I en ny og omveltende situasjon er det viktig \u00e5 bli enda mer\u2026<\/p>\n","protected":false},"author":5,"featured_media":0,"parent":0,"menu_order":0,"comment_status":"closed","ping_status":"closed","template":"","meta":[],"categories":[],"tags":[],"blocksy_meta":{"styles_descriptor":{"styles":{"desktop":"","tablet":"","mobile":""},"google_fonts":[],"version":5}},"_links":{"self":[{"href":"https:\/\/bkmbergen.no\/2020\/wp-json\/wp\/v2\/pages\/22"}],"collection":[{"href":"https:\/\/bkmbergen.no\/2020\/wp-json\/wp\/v2\/pages"}],"about":[{"href":"https:\/\/bkmbergen.no\/2020\/wp-json\/wp\/v2\/types\/page"}],"author":[{"embeddable":true,"href":"https:\/\/bkmbergen.no\/2020\/wp-json\/wp\/v2\/users\/5"}],"replies":[{"embeddable":true,"href":"https:\/\/bkmbergen.no\/2020\/wp-json\/wp\/v2\/comments?post=22"}],"version-history":[{"count":2,"href":"https:\/\/bkmbergen.no\/2020\/wp-json\/wp\/v2\/pages\/22\/revisions"}],"predecessor-version":[{"id":45,"href":"https:\/\/bkmbergen.no\/2020\/wp-json\/wp\/v2\/pages\/22\/revisions\/45"}],"wp:attachment":[{"href":"https:\/\/bkmbergen.no\/2020\/wp-json\/wp\/v2\/media?parent=22"}],"wp:term":[{"taxonomy":"category","embeddable":true,"href":"https:\/\/bkmbergen.no\/2020\/wp-json\/wp\/v2\/categories?post=22"},{"taxonomy":"post_tag","embeddable":true,"href":"https:\/\/bkmbergen.no\/2020\/wp-json\/wp\/v2\/tags?post=22"}],"curies":[{"name":"wp","href":"https:\/\/api.w.org\/{rel}","templated":true}]}}