{"id":24,"date":"2021-06-13T14:44:07","date_gmt":"2021-06-13T12:44:07","guid":{"rendered":"https:\/\/bkmbergen.no\/2020\/?page_id=24"},"modified":"2021-06-13T14:44:07","modified_gmt":"2021-06-13T12:44:07","slug":"menighetsliv","status":"publish","type":"page","link":"https:\/\/bkmbergen.no\/2020\/menighetsliv\/","title":{"rendered":"Menighetsliv"},"content":{"rendered":"\n<p>Menighetslivet i 2020 ble ikke helt som forventet. Da vi ved \u00e5rets start h\u00f8rte snakk om viruset som herjet i Kina, var det vanskelig \u00e5 forestille seg hvilke inngripende konsekvenser det skulle f\u00e5 for oss her oppe i nord.&nbsp;&nbsp;<\/p>\n\n\n\n<p style=\"font-size:25px\"><strong>Omsorgsarbeid i en ny tid&nbsp;&nbsp;<\/strong><\/p>\n\n\n\n<p>F\u00f8r koronaen kom til landet, har s\u00f8ndag v\u00e6rt en samlingsdag for hele menigheten. Disse samlingene har hatt stor betydning for menighetslivet. Mens de voksne samlet seg om oppbyggelse i troen, ble det arrangert s\u00f8ndagsskole og aktiviteter for barna. Etter oppbyggelsen, samlet hele menigheten seg til kaffe og en liten matbit. Her har trosmedlemmer i alle generasjoner kunne m\u00f8tes og knytte b\u00e5nd, og dette har v\u00e6rt popul\u00e6rt for b\u00e5de voksne og barn.&nbsp;&nbsp;<\/p>\n\n\n\n<p>Da landet stengte ned, ble det br\u00e5tt slutt p\u00e5 menighetslivet slik vi kjente det.&nbsp;&nbsp;<\/p>\n\n\n\n<p>Det er ulikt hvordan man takler store forandringer, og i slike unntakstilstander kan noen bli grepet av frykt og ensomhet.&nbsp;&nbsp;<\/p>\n\n\n\n<p class=\"has-normal-font-size\"><strong>&nbsp;<em>\u201cJeg tenkte p\u00e5 hvor viktig det var \u00e5 holde kontakten med vennene og vise dem omsorg der hvor jeg s\u00e5 behov\u201d. <\/em><\/strong><em>&nbsp;Sitat Svein Johnsen om hans tanker da landet stengte ned.&nbsp;&nbsp;<\/em><\/p>\n\n\n\n<p>Menighetsforstanderne Daniel Opitz og Svein Johnsen sendte en onlinehilsen til vennene etter at det ble klart at denne nedstengingen kunne vare.&nbsp;&nbsp;&nbsp;<\/p>\n\n\n\n<p class=\"has-normal-font-size\"><strong><em>\u201cDenne tiden, som tilsynelatende er til en stor ulempe, kan likevel gi oss nye muligheter til utvikling i kj\u00e6rlighet til hverandre.\u201d <\/em><\/strong><em>Daniel Opitz<\/em>&nbsp;<\/p>\n\n\n\n<p>De oppfordret til \u00e5 ta godt vare p\u00e5 hverandre, og \u00e5 ha et \u00f8ye for hvem som kan f\u00e5 det vanskelig. Videre oppfordret de til \u00e5 gj\u00f8re som Paulus, som ba om at kj\u00e6rligheten m\u00e5tte bli mer og mer rik p\u00e5 kunnskap og innsikt. Viruset hindrer oss i \u00e5 komme sammen, men ikke i \u00e5 komme n\u00e6r til Gud. P\u00e5 den m\u00e5ten kan en periode som dette bli en rik tid der man blir bedre p\u00e5 \u00e5 elske og tr\u00f8ste hverandre.&nbsp;&nbsp;<\/p>\n\n\n\n<p class=\"has-normal-font-size\"><strong><em>\u201cViruset hindrer oss \u00e5 komme sammen, men ikke i \u00e5 komme n\u00e6r til Gud\u201d. <\/em><\/strong>&nbsp;<em>Svein Johnsen&nbsp;<\/em><\/p>\n\n\n\n<p style=\"font-size:25px\"><strong>17. mai feiring&nbsp;<\/strong><\/p>\n\n\n\n<p>Ofte er det n\u00e5r man mister noe, at det&nbsp; kommer nye og innovative tanker i sving. Det har vi i stor grad f\u00e5tt oppleve i BKM Bergen gjennom dette \u00e5ret.&nbsp;&nbsp;<\/p>\n\n\n\n<p>Mange planlagte menighetsaktiviteter ble erstattet av kreative digitale arrangementer.&nbsp;&nbsp;<\/p>\n\n\n\n<p>Noen vanlig 17.mai feiring ble det ikke, men den 16. mai ble det laget til en stemningsfull og variert digital samling for hele menigheten. Her var det oppbyggelse, matlaging og sanginnslag som var spilt inn i havgapet. Den 17.mai fulgte medlemmene med p\u00e5 online-sendingen fra BCC, hvor nasjonaldagen ble feiret for venner i inn- og utland. Frivillige i BKM Bergen hadde spilt inn en egen musikkvideo som var en del av programmet.&nbsp;<\/p>\n\n\n\n<div class=\"wp-block-image\"><figure class=\"aligncenter size-large\"><img decoding=\"async\" loading=\"lazy\" width=\"1024\" height=\"715\" src=\"https:\/\/bkmbergen.no\/2020\/wp-content\/uploads\/sites\/10\/2021\/06\/IMG_0085-1024x715.jpg\" alt=\"\" class=\"wp-image-46\" srcset=\"https:\/\/bkmbergen.no\/2020\/wp-content\/uploads\/sites\/10\/2021\/06\/IMG_0085-1024x715.jpg 1024w, https:\/\/bkmbergen.no\/2020\/wp-content\/uploads\/sites\/10\/2021\/06\/IMG_0085-300x209.jpg 300w, https:\/\/bkmbergen.no\/2020\/wp-content\/uploads\/sites\/10\/2021\/06\/IMG_0085-768x536.jpg 768w, https:\/\/bkmbergen.no\/2020\/wp-content\/uploads\/sites\/10\/2021\/06\/IMG_0085.jpg 1074w\" sizes=\"(max-width: 1024px) 100vw, 1024px\" \/><\/figure><\/div>\n\n\n\n<div class=\"wp-block-image\"><figure class=\"aligncenter size-large\"><img decoding=\"async\" loading=\"lazy\" width=\"1024\" height=\"768\" src=\"https:\/\/bkmbergen.no\/2020\/wp-content\/uploads\/sites\/10\/2021\/06\/IMG_0056-1024x768.jpg\" alt=\"\" class=\"wp-image-47\" srcset=\"https:\/\/bkmbergen.no\/2020\/wp-content\/uploads\/sites\/10\/2021\/06\/IMG_0056-1024x768.jpg 1024w, https:\/\/bkmbergen.no\/2020\/wp-content\/uploads\/sites\/10\/2021\/06\/IMG_0056-300x225.jpg 300w, https:\/\/bkmbergen.no\/2020\/wp-content\/uploads\/sites\/10\/2021\/06\/IMG_0056-768x576.jpg 768w, https:\/\/bkmbergen.no\/2020\/wp-content\/uploads\/sites\/10\/2021\/06\/IMG_0056-1536x1152.jpg 1536w, https:\/\/bkmbergen.no\/2020\/wp-content\/uploads\/sites\/10\/2021\/06\/IMG_0056-2048x1536.jpg 2048w\" sizes=\"(max-width: 1024px) 100vw, 1024px\" \/><\/figure><\/div>\n\n\n\n<div class=\"wp-block-image\"><figure class=\"aligncenter size-large\"><img decoding=\"async\" loading=\"lazy\" width=\"1024\" height=\"473\" src=\"https:\/\/bkmbergen.no\/2020\/wp-content\/uploads\/sites\/10\/2021\/06\/IMG_9739-1024x473.png\" alt=\"\" class=\"wp-image-48\" srcset=\"https:\/\/bkmbergen.no\/2020\/wp-content\/uploads\/sites\/10\/2021\/06\/IMG_9739-1024x473.png 1024w, https:\/\/bkmbergen.no\/2020\/wp-content\/uploads\/sites\/10\/2021\/06\/IMG_9739-300x139.png 300w, https:\/\/bkmbergen.no\/2020\/wp-content\/uploads\/sites\/10\/2021\/06\/IMG_9739-768x355.png 768w, https:\/\/bkmbergen.no\/2020\/wp-content\/uploads\/sites\/10\/2021\/06\/IMG_9739-1536x710.png 1536w, https:\/\/bkmbergen.no\/2020\/wp-content\/uploads\/sites\/10\/2021\/06\/IMG_9739-2048x946.png 2048w\" sizes=\"(max-width: 1024px) 100vw, 1024px\" \/><\/figure><\/div>\n\n\n\n<div class=\"wp-block-image\"><figure class=\"aligncenter size-large is-resized\"><img decoding=\"async\" loading=\"lazy\" src=\"https:\/\/bkmbergen.no\/2020\/wp-content\/uploads\/sites\/10\/2021\/06\/Bilde9.png\" alt=\"\" class=\"wp-image-49\" width=\"645\" height=\"485\" srcset=\"https:\/\/bkmbergen.no\/2020\/wp-content\/uploads\/sites\/10\/2021\/06\/Bilde9.png 459w, https:\/\/bkmbergen.no\/2020\/wp-content\/uploads\/sites\/10\/2021\/06\/Bilde9-300x225.png 300w\" sizes=\"(max-width: 645px) 100vw, 645px\" \/><\/figure><\/div>\n\n\n\n<p style=\"font-size:25px\"><strong>Damenes dag&nbsp;<\/strong><\/p>\n\n\n\n<p>Tidlig i 2020 ble det arrangert \u201cdamenes dag\u201d p\u00e5 Panorama hotell. Unge og eldre ble invitert til felles trosoppbyggelse, og det var tilbud om aktiviteter for alle aldersgrupper. Lite ante vi denne dagen at det skulle bli sv\u00e6rt lenge til vi igjen kunne v\u00e6re sammen p\u00e5 denne m\u00e5ten.&nbsp;<\/p>\n\n\n\n<div class=\"wp-block-image\"><figure class=\"aligncenter size-large is-resized\"><img decoding=\"async\" loading=\"lazy\" src=\"https:\/\/bkmbergen.no\/2020\/wp-content\/uploads\/sites\/10\/2021\/06\/IMG_7457-1024x768.jpg\" alt=\"\" class=\"wp-image-26\" width=\"775\" height=\"581\" srcset=\"https:\/\/bkmbergen.no\/2020\/wp-content\/uploads\/sites\/10\/2021\/06\/IMG_7457-1024x768.jpg 1024w, https:\/\/bkmbergen.no\/2020\/wp-content\/uploads\/sites\/10\/2021\/06\/IMG_7457-300x225.jpg 300w, https:\/\/bkmbergen.no\/2020\/wp-content\/uploads\/sites\/10\/2021\/06\/IMG_7457-768x576.jpg 768w, https:\/\/bkmbergen.no\/2020\/wp-content\/uploads\/sites\/10\/2021\/06\/IMG_7457-1536x1152.jpg 1536w, https:\/\/bkmbergen.no\/2020\/wp-content\/uploads\/sites\/10\/2021\/06\/IMG_7457-2048x1536.jpg 2048w\" sizes=\"(max-width: 775px) 100vw, 775px\" \/><\/figure><\/div>\n\n\n\n<div class=\"wp-block-image\"><figure class=\"aligncenter size-large is-resized\"><img decoding=\"async\" loading=\"lazy\" src=\"https:\/\/bkmbergen.no\/2020\/wp-content\/uploads\/sites\/10\/2021\/06\/IMG_7546-1024x768.jpg\" alt=\"\" class=\"wp-image-27\" width=\"776\" height=\"583\" srcset=\"https:\/\/bkmbergen.no\/2020\/wp-content\/uploads\/sites\/10\/2021\/06\/IMG_7546-1024x768.jpg 1024w, https:\/\/bkmbergen.no\/2020\/wp-content\/uploads\/sites\/10\/2021\/06\/IMG_7546-300x225.jpg 300w, https:\/\/bkmbergen.no\/2020\/wp-content\/uploads\/sites\/10\/2021\/06\/IMG_7546-768x576.jpg 768w, https:\/\/bkmbergen.no\/2020\/wp-content\/uploads\/sites\/10\/2021\/06\/IMG_7546-1536x1152.jpg 1536w, https:\/\/bkmbergen.no\/2020\/wp-content\/uploads\/sites\/10\/2021\/06\/IMG_7546-2048x1536.jpg 2048w\" sizes=\"(max-width: 776px) 100vw, 776px\" \/><\/figure><\/div>\n\n\n\n<p><\/p>\n\n\n\n<p><\/p>\n","protected":false},"excerpt":{"rendered":"<p>Menighetslivet i 2020 ble ikke helt som forventet. Da vi ved \u00e5rets start h\u00f8rte snakk om viruset som herjet i Kina, var det vanskelig \u00e5 forestille seg hvilke inngripende konsekvenser det skulle f\u00e5 for oss her oppe i nord.&nbsp;&nbsp; Omsorgsarbeid i en ny tid&nbsp;&nbsp; F\u00f8r koronaen kom til landet, har s\u00f8ndag v\u00e6rt en samlingsdag for hele menigheten. Disse samlingene har hatt stor betydning for menighetslivet. Mens de voksne samlet seg om oppbyggelse i troen, ble det arrangert s\u00f8ndagsskole og aktiviteter for barna. Etter oppbyggelsen, samlet hele menigheten seg til kaffe og en liten matbit. Her har trosmedlemmer i alle generasjoner\u2026<\/p>\n","protected":false},"author":5,"featured_media":0,"parent":0,"menu_order":0,"comment_status":"closed","ping_status":"closed","template":"","meta":[],"categories":[],"tags":[],"blocksy_meta":{"styles_descriptor":{"styles":{"desktop":"","tablet":"","mobile":""},"google_fonts":[],"version":5}},"_links":{"self":[{"href":"https:\/\/bkmbergen.no\/2020\/wp-json\/wp\/v2\/pages\/24"}],"collection":[{"href":"https:\/\/bkmbergen.no\/2020\/wp-json\/wp\/v2\/pages"}],"about":[{"href":"https:\/\/bkmbergen.no\/2020\/wp-json\/wp\/v2\/types\/page"}],"author":[{"embeddable":true,"href":"https:\/\/bkmbergen.no\/2020\/wp-json\/wp\/v2\/users\/5"}],"replies":[{"embeddable":true,"href":"https:\/\/bkmbergen.no\/2020\/wp-json\/wp\/v2\/comments?post=24"}],"version-history":[{"count":5,"href":"https:\/\/bkmbergen.no\/2020\/wp-json\/wp\/v2\/pages\/24\/revisions"}],"predecessor-version":[{"id":75,"href":"https:\/\/bkmbergen.no\/2020\/wp-json\/wp\/v2\/pages\/24\/revisions\/75"}],"wp:attachment":[{"href":"https:\/\/bkmbergen.no\/2020\/wp-json\/wp\/v2\/media?parent=24"}],"wp:term":[{"taxonomy":"category","embeddable":true,"href":"https:\/\/bkmbergen.no\/2020\/wp-json\/wp\/v2\/categories?post=24"},{"taxonomy":"post_tag","embeddable":true,"href":"https:\/\/bkmbergen.no\/2020\/wp-json\/wp\/v2\/tags?post=24"}],"curies":[{"name":"wp","href":"https:\/\/api.w.org\/{rel}","templated":true}]}}