{"id":29,"date":"2021-06-13T14:44:07","date_gmt":"2021-06-13T12:44:07","guid":{"rendered":"https:\/\/bkmbergen.no\/2020\/?page_id=29"},"modified":"2021-06-13T14:44:07","modified_gmt":"2021-06-13T12:44:07","slug":"barna-i-bkm-bergen","status":"publish","type":"page","link":"https:\/\/bkmbergen.no\/2020\/barna-i-bkm-bergen\/","title":{"rendered":"Barna i BKM Bergen"},"content":{"rendered":"\n<p>I 2020, har det v\u00e6rt behov for \u00e5 tenke kreativt og se nye l\u00f8sninger som ivaretar tilbudet til barna i denne spesielle tiden.&nbsp;<\/p>\n\n\n\n<p>Utfordringen ble \u00e5 sikre at barna i BKM Bergen f\u00f8lte seg sett og ivaretatt selv om vi ikke kunne m\u00f8tes.&nbsp;<\/p>\n\n\n\n<p>Noen mentorer i barnearbeidet forteller:&nbsp;<\/p>\n\n\n\n<p class=\"has-normal-font-size\"><strong><em>&nbsp;\u201cVi kj\u00f8pte inn aktivitetspakker som vi leverte p\u00e5 d\u00f8rene. S\u00e5 m\u00f8ttes vi p\u00e5 den digitale plattformen Meet for en liten prat, f\u00f8r barna gikk i gang med aktiviteten. Vi delte bilder underveis, og av det ferdige resultatet.\u201d<\/em>&nbsp;<\/strong><\/p>\n\n\n\n<p style=\"font-size:25px\"><strong>S\u00d8NDAGSSKOLEN<\/strong>&nbsp;<\/p>\n\n\n\n<p>Online s\u00f8ndagsskole er et nytt begrep som dukket opp det siste \u00e5ret. BCC sentralt driver en egen TV-kanal, Brunstad-TV, hvor det blir sendt varierte programmer til medlemmene rundt om i verden. Her blir det n\u00e5 sendt innholdsrike digitale s\u00f8ndagsskoler. Dette startet i p\u00e5skehelgen, da den f\u00f8rste sendingen gikk p\u00e5 luften. Programmet var tilrettelagt for barn i alle aldre, med bibelhistorie, intervjuer, sanginnslag, dans og seerkonkurranser. Dette tilbudet ble popul\u00e6rt, og ga barna en f\u00f8lelse av \u00e5 v\u00e6re del av et fellesskap.&nbsp;<\/p>\n\n\n\n<p>Siden har det blitt sendt online s\u00f8ndagsskole annenhver s\u00f8ndag. Barn fra alle verdenshj\u00f8rner har v\u00e6rt deltagende med ulike innslag. Hovedbudskapet har v\u00e6rt at Jesus kan v\u00e6re en hjelp, tr\u00f8ster og st\u00f8tte i hverdagen.&nbsp;<\/p>\n\n\n\n<div class=\"wp-block-image\"><figure class=\"aligncenter size-large\"><img decoding=\"async\" loading=\"lazy\" width=\"1024\" height=\"471\" src=\"https:\/\/bkmbergen.no\/2020\/wp-content\/uploads\/sites\/10\/2021\/06\/IMG_0931-1024x471.jpg\" alt=\"\" class=\"wp-image-53\" srcset=\"https:\/\/bkmbergen.no\/2020\/wp-content\/uploads\/sites\/10\/2021\/06\/IMG_0931-1024x471.jpg 1024w, https:\/\/bkmbergen.no\/2020\/wp-content\/uploads\/sites\/10\/2021\/06\/IMG_0931-300x138.jpg 300w, https:\/\/bkmbergen.no\/2020\/wp-content\/uploads\/sites\/10\/2021\/06\/IMG_0931-768x353.jpg 768w, https:\/\/bkmbergen.no\/2020\/wp-content\/uploads\/sites\/10\/2021\/06\/IMG_0931.jpg 1280w\" sizes=\"(max-width: 1024px) 100vw, 1024px\" \/><\/figure><\/div>\n\n\n\n<p style=\"font-size:25px\"><strong>ANDRE TILBUD FOR BARN<\/strong>&nbsp;<\/p>\n\n\n\n<p>I BKM Bergen har vi i en \u00e5rrekke samarbeidet tett med organisasjoner som deler v\u00e5rt trosgrunnlag. Blant annet Aktivitetsklubben (AK) og Brunstad Ungdomsklubb (BUK).&nbsp;<\/p>\n\n\n\n<p>AK er et tilbud for alle barn i aldersgruppen 2.klasse &#8211; 7.klasse. \u00c5ret startet helt normalt, med interessegrupper som for eksempel drama, idrett, kreativ og action. Det ble turer i akebakken og p\u00e5 sk\u00f8yteisen, f\u00f8r det hele fikk en br\u00e5 stopp i mars.&nbsp;&nbsp;<\/p>\n\n\n\n<p>Som et tiltak for \u00e5 dempe savnet etter AK under pandemien, ble det lagt opp til at barna fikk et felles opplegg som de kunne gj\u00f8re hjemme. For eksempel en formingsaktivitet som de siden kunne dele bilder av. Det ble innimellom levert ut goodie-bags p\u00e5 d\u00f8ren til alle deltakerne, og p\u00e5 den m\u00e5ten ble det gjort en innsats for at ingen skulle f\u00f8le seg ensom og glemt.&nbsp;<\/p>\n\n\n\n<p class=\"has-normal-font-size\">&nbsp;<strong>&nbsp;<em>\u201cJeg tenker at det er veldig fint for et barn \u00e5 f\u00e5 noe i posten av en ung mentor, og dette kan knytte gode b\u00e5nd oss i mellom\u201d.&nbsp;&nbsp;<\/em><\/strong><\/p>\n\n\n\n<p>Da restriksjonene lettet p\u00e5 sensommeren, var det med s\u00e6rlig fokus p\u00e5 at barn og unge skulle f\u00e5 en mest mulig normal hverdag. AK-barna kunne n\u00e5 f\u00e5 gleden av \u00e5 m\u00f8tes i friluft, riktignok i sm\u00e5 grupper. Fjellturer, b\u00e5lkveld ved sj\u00f8en, natursti og friidrett var blant aktivitetene.&nbsp;<\/p>\n\n\n\n<p>Sitat fra barnearbeider:&nbsp;<\/p>\n\n\n\n<p class=\"has-normal-font-size\"><strong><em>&nbsp;\u201cDet som har v\u00e6rt positivt midt oppi det hele, er at vi har f\u00e5tt bedre kontakt med barna n\u00e5r vi har v\u00e6rt i mindre grupper. Vi har f\u00e5tt mer tid til \u00e5 snakke med den enkelte og gitt dem oppmerksomhet og godhet.\u201d<\/em><\/strong>&nbsp;<\/p>\n\n\n\n<p>P\u00e5 samme tid ble det opprettet et nytt konsept i AK: Tweens. Her samlet man de st\u00f8rste barna; sjette-og-syvende-klassingene. I overgangen til ten\u00e5rene utvikler man seg mye personlig, og har ofte sp\u00f8rsm\u00e5l knyttet til tro og forkynnelse i menigheten. I tillegg til aktiviteter, ble det satt av tid til \u00e5 samtale om den kristne tro og temaer som de unge kan ha sp\u00f8rsm\u00e5l om. Dette opplegget m\u00e5tte dessverre settes p\u00e5 pause etter f\u00e5 uker, da det igjen ble strenge restriksjoner.&nbsp;<\/p>\n\n\n\n<p>For \u00e5 kunne ivareta denne gruppen videre, ble det fra BCC utviklet et eget TV-program for dem, INTRO. Her ble det tatt opp ulike tema der formidlingen var skreddersydd for denne aldersgruppen.&nbsp;<\/p>\n\n\n\n<p>Sitat fra barnearbeider:&nbsp;<\/p>\n\n\n\n<p class=\"has-normal-font-size\"><strong><em>\u201cGjennom denne tiden har det v\u00e6rt en god utvikling i det digitale innholdet for barn og unge. Det har vi hatt stor nytte av b\u00e5de personlig og det lokale arbeidet.<\/em><\/strong><\/p>\n\n\n\n<div class=\"wp-block-image\"><figure class=\"aligncenter size-large\"><img decoding=\"async\" loading=\"lazy\" width=\"1024\" height=\"768\" src=\"https:\/\/bkmbergen.no\/2020\/wp-content\/uploads\/sites\/10\/2021\/06\/IMG_0925-1024x768.jpg\" alt=\"\" class=\"wp-image-54\" srcset=\"https:\/\/bkmbergen.no\/2020\/wp-content\/uploads\/sites\/10\/2021\/06\/IMG_0925-1024x768.jpg 1024w, https:\/\/bkmbergen.no\/2020\/wp-content\/uploads\/sites\/10\/2021\/06\/IMG_0925-300x225.jpg 300w, https:\/\/bkmbergen.no\/2020\/wp-content\/uploads\/sites\/10\/2021\/06\/IMG_0925-768x576.jpg 768w, https:\/\/bkmbergen.no\/2020\/wp-content\/uploads\/sites\/10\/2021\/06\/IMG_0925.jpg 1280w\" sizes=\"(max-width: 1024px) 100vw, 1024px\" \/><\/figure><\/div>\n\n\n\n<div class=\"wp-block-image\"><figure class=\"aligncenter size-large\"><img decoding=\"async\" loading=\"lazy\" width=\"599\" height=\"910\" src=\"https:\/\/bkmbergen.no\/2020\/wp-content\/uploads\/sites\/10\/2021\/06\/IMG_0930.jpg\" alt=\"\" class=\"wp-image-55\" srcset=\"https:\/\/bkmbergen.no\/2020\/wp-content\/uploads\/sites\/10\/2021\/06\/IMG_0930.jpg 599w, https:\/\/bkmbergen.no\/2020\/wp-content\/uploads\/sites\/10\/2021\/06\/IMG_0930-197x300.jpg 197w\" sizes=\"(max-width: 599px) 100vw, 599px\" \/><\/figure><\/div>\n\n\n\n<div class=\"wp-block-image\"><figure class=\"aligncenter size-large\"><img decoding=\"async\" loading=\"lazy\" width=\"768\" height=\"1024\" src=\"https:\/\/bkmbergen.no\/2020\/wp-content\/uploads\/sites\/10\/2021\/06\/IMG_0929-768x1024.jpg\" alt=\"\" class=\"wp-image-56\" srcset=\"https:\/\/bkmbergen.no\/2020\/wp-content\/uploads\/sites\/10\/2021\/06\/IMG_0929-768x1024.jpg 768w, https:\/\/bkmbergen.no\/2020\/wp-content\/uploads\/sites\/10\/2021\/06\/IMG_0929-225x300.jpg 225w, https:\/\/bkmbergen.no\/2020\/wp-content\/uploads\/sites\/10\/2021\/06\/IMG_0929.jpg 960w\" sizes=\"(max-width: 768px) 100vw, 768px\" \/><\/figure><\/div>\n\n\n\n<div class=\"wp-block-image\"><figure class=\"aligncenter size-large\"><img decoding=\"async\" loading=\"lazy\" width=\"767\" height=\"1024\" src=\"https:\/\/bkmbergen.no\/2020\/wp-content\/uploads\/sites\/10\/2021\/06\/IMG_0932-767x1024.jpg\" alt=\"\" class=\"wp-image-57\" srcset=\"https:\/\/bkmbergen.no\/2020\/wp-content\/uploads\/sites\/10\/2021\/06\/IMG_0932-767x1024.jpg 767w, https:\/\/bkmbergen.no\/2020\/wp-content\/uploads\/sites\/10\/2021\/06\/IMG_0932-225x300.jpg 225w, https:\/\/bkmbergen.no\/2020\/wp-content\/uploads\/sites\/10\/2021\/06\/IMG_0932-768x1025.jpg 768w, https:\/\/bkmbergen.no\/2020\/wp-content\/uploads\/sites\/10\/2021\/06\/IMG_0932.jpg 956w\" sizes=\"(max-width: 767px) 100vw, 767px\" \/><\/figure><\/div>\n\n\n\n<div class=\"wp-block-image\"><figure class=\"aligncenter size-large\"><img decoding=\"async\" loading=\"lazy\" width=\"1024\" height=\"870\" src=\"https:\/\/bkmbergen.no\/2020\/wp-content\/uploads\/sites\/10\/2021\/06\/IMG_0927-1024x870.jpg\" alt=\"\" class=\"wp-image-58\" srcset=\"https:\/\/bkmbergen.no\/2020\/wp-content\/uploads\/sites\/10\/2021\/06\/IMG_0927-1024x870.jpg 1024w, https:\/\/bkmbergen.no\/2020\/wp-content\/uploads\/sites\/10\/2021\/06\/IMG_0927-300x255.jpg 300w, https:\/\/bkmbergen.no\/2020\/wp-content\/uploads\/sites\/10\/2021\/06\/IMG_0927-768x652.jpg 768w, https:\/\/bkmbergen.no\/2020\/wp-content\/uploads\/sites\/10\/2021\/06\/IMG_0927.jpg 1280w\" sizes=\"(max-width: 1024px) 100vw, 1024px\" \/><\/figure><\/div>\n\n\n\n<div class=\"wp-block-image\"><figure class=\"aligncenter size-large\"><img decoding=\"async\" loading=\"lazy\" width=\"1024\" height=\"767\" src=\"https:\/\/bkmbergen.no\/2020\/wp-content\/uploads\/sites\/10\/2021\/06\/IMG_0928-1024x767.jpg\" alt=\"\" class=\"wp-image-59\" srcset=\"https:\/\/bkmbergen.no\/2020\/wp-content\/uploads\/sites\/10\/2021\/06\/IMG_0928-1024x767.jpg 1024w, https:\/\/bkmbergen.no\/2020\/wp-content\/uploads\/sites\/10\/2021\/06\/IMG_0928-300x225.jpg 300w, https:\/\/bkmbergen.no\/2020\/wp-content\/uploads\/sites\/10\/2021\/06\/IMG_0928-768x575.jpg 768w, https:\/\/bkmbergen.no\/2020\/wp-content\/uploads\/sites\/10\/2021\/06\/IMG_0928.jpg 1276w\" sizes=\"(max-width: 1024px) 100vw, 1024px\" \/><\/figure><\/div>\n\n\n\n<div class=\"wp-block-image\"><figure class=\"aligncenter size-large\"><img decoding=\"async\" loading=\"lazy\" width=\"1024\" height=\"767\" src=\"https:\/\/bkmbergen.no\/2020\/wp-content\/uploads\/sites\/10\/2021\/06\/IMG_0926-1024x767.jpg\" alt=\"\" class=\"wp-image-60\" srcset=\"https:\/\/bkmbergen.no\/2020\/wp-content\/uploads\/sites\/10\/2021\/06\/IMG_0926-1024x767.jpg 1024w, https:\/\/bkmbergen.no\/2020\/wp-content\/uploads\/sites\/10\/2021\/06\/IMG_0926-300x225.jpg 300w, https:\/\/bkmbergen.no\/2020\/wp-content\/uploads\/sites\/10\/2021\/06\/IMG_0926-768x575.jpg 768w, https:\/\/bkmbergen.no\/2020\/wp-content\/uploads\/sites\/10\/2021\/06\/IMG_0926.jpg 1280w\" sizes=\"(max-width: 1024px) 100vw, 1024px\" \/><\/figure><\/div>\n","protected":false},"excerpt":{"rendered":"<p>I 2020, har det v\u00e6rt behov for \u00e5 tenke kreativt og se nye l\u00f8sninger som ivaretar tilbudet til barna i denne spesielle tiden.&nbsp; Utfordringen ble \u00e5 sikre at barna i BKM Bergen f\u00f8lte seg sett og ivaretatt selv om vi ikke kunne m\u00f8tes.&nbsp; Noen mentorer i barnearbeidet forteller:&nbsp; &nbsp;\u201cVi kj\u00f8pte inn aktivitetspakker som vi leverte p\u00e5 d\u00f8rene. S\u00e5 m\u00f8ttes vi p\u00e5 den digitale plattformen Meet for en liten prat, f\u00f8r barna gikk i gang med aktiviteten. Vi delte bilder underveis, og av det ferdige resultatet.\u201d&nbsp; S\u00d8NDAGSSKOLEN&nbsp; Online s\u00f8ndagsskole er et nytt begrep som dukket opp det siste \u00e5ret. BCC sentralt\u2026<\/p>\n","protected":false},"author":5,"featured_media":0,"parent":0,"menu_order":0,"comment_status":"closed","ping_status":"closed","template":"","meta":[],"categories":[],"tags":[],"blocksy_meta":{"styles_descriptor":{"styles":{"desktop":"","tablet":"","mobile":""},"google_fonts":[],"version":5}},"_links":{"self":[{"href":"https:\/\/bkmbergen.no\/2020\/wp-json\/wp\/v2\/pages\/29"}],"collection":[{"href":"https:\/\/bkmbergen.no\/2020\/wp-json\/wp\/v2\/pages"}],"about":[{"href":"https:\/\/bkmbergen.no\/2020\/wp-json\/wp\/v2\/types\/page"}],"author":[{"embeddable":true,"href":"https:\/\/bkmbergen.no\/2020\/wp-json\/wp\/v2\/users\/5"}],"replies":[{"embeddable":true,"href":"https:\/\/bkmbergen.no\/2020\/wp-json\/wp\/v2\/comments?post=29"}],"version-history":[{"count":5,"href":"https:\/\/bkmbergen.no\/2020\/wp-json\/wp\/v2\/pages\/29\/revisions"}],"predecessor-version":[{"id":74,"href":"https:\/\/bkmbergen.no\/2020\/wp-json\/wp\/v2\/pages\/29\/revisions\/74"}],"wp:attachment":[{"href":"https:\/\/bkmbergen.no\/2020\/wp-json\/wp\/v2\/media?parent=29"}],"wp:term":[{"taxonomy":"category","embeddable":true,"href":"https:\/\/bkmbergen.no\/2020\/wp-json\/wp\/v2\/categories?post=29"},{"taxonomy":"post_tag","embeddable":true,"href":"https:\/\/bkmbergen.no\/2020\/wp-json\/wp\/v2\/tags?post=29"}],"curies":[{"name":"wp","href":"https:\/\/api.w.org\/{rel}","templated":true}]}}