{"id":31,"date":"2021-06-13T14:44:07","date_gmt":"2021-06-13T12:44:07","guid":{"rendered":"https:\/\/bkmbergen.no\/2020\/?page_id=31"},"modified":"2021-06-13T14:44:07","modified_gmt":"2021-06-13T12:44:07","slug":"ungdomssamlinger","status":"publish","type":"page","link":"https:\/\/bkmbergen.no\/2020\/ungdomssamlinger\/","title":{"rendered":"Ungdomssamlinger"},"content":{"rendered":"\n<p>Av hensyn til smittevern har det v\u00e6rt f\u00e6rre ungdomssamlinger i 2020 enn tidligere \u00e5r. Nye situasjoner, gir muligheter til nytenkning. Dette har ungdomsgruppen f\u00e5tt erfare, da en tid med mye uvisshet med ett stod p\u00e5 trappene. Da landet stengte ned i mars, var de ansvarlige for ungdomsgruppen raske p\u00e5 ballen. De forteller at de \u00f8nsket \u00e5 bidra til \u00e5 gi medlemmene noen tilbud slik at dagene ble s\u00e5 normale som mulig i en periode hvor mye var usikkert. I perioder med h\u00f8yt smittetrykk, ble det lagt til rette for livestream-sendinger med fokus p\u00e5 det kristne budskapet. Under disse sendingene kunne ungdommen delta med digitale hilsninger og var p\u00e5 denne m\u00e5ten samlet online. I tider med mindre smittetrykk har ungdomsgruppen v\u00e6rt samlet i grupper av ulik st\u00f8rrelse i tr\u00e5d med lokale og nasjonale retningslinjer. Det har v\u00e6rt viktig \u00e5 ivareta ungdommene i en spesiell tid, og \u00e5 kunne m\u00f8tes i st\u00f8rre og mindre grupper har v\u00e6rt et stort lyspunkt for mange.&nbsp;&nbsp;<\/p>\n\n\n\n<p style=\"font-size:25px\"><strong>Internasjonale prosjekter i BCC\u00a0<\/strong><\/p>\n\n\n\n<p>Gjennom 2020 har ungdomsgruppen v\u00e6rt engasjert i to internasjonale prosjekter i regi av BCC og Brunstad Ungdomsklubb sentralt. Ett -prosjekt med fokus p\u00e5 innholdet i Hebreerbrevet, og ett prosjekt kalt \u00abTroens ord\u00bb, som introduserte ungdom for tekster og lydklipp etter Elias Aslaksen, en av menighetens mest kj\u00e6re forkynnere.&nbsp;&nbsp;&nbsp;<\/p>\n\n\n\n<p>Disse prosjektene deltok ungdommene i BKM Bergen i sammen med mange andre ungdomsgrupper tilknyttet BCC, b\u00e5de fra Norge og i land over hele verden.&nbsp;<\/p>\n\n\n\n<p style=\"font-size:22px\"><strong>Hebreerbrevprosjektet\u00a0<\/strong><\/p>\n\n\n\n<p>H\u00f8sten 2019 ble det satt i gang et internasjonalt bibelstudie-prosjekt for ungdom. Prosjektet hadde fokus p\u00e5 Hebreerbrevet og fortsatte utover v\u00e5rparten i 2020. Korte animasjonsvideoer, lydbok av kapitlene og ukentlige livesendinger fra podcast-studio, gav ungdommene innblikk i brevet fra et historisk- og et samtidsperspektiv. Det var ogs\u00e5 utviklet en egen nettside til prosjektet, med oppgaver til kapitlene, og mulighet for \u00e5 stille sp\u00f8rsm\u00e5l relatert til temaet.&nbsp;&nbsp;<\/p>\n\n\n\n<p>I starten av \u00e5ret var den lokale ungdomsgruppen delt inn i mindre grupper som m\u00f8ttes jevnlig for \u00e5 se p\u00e5 livesendingene sammen, inspirere hverandre og dele sine tanker rundt innholdet i kapitlene. Da koronaen inntraff ble m\u00f8teplassene flyttet til digitale arenaer, hvor utforskingen av brevet fortsatte.&nbsp;<\/p>\n\n\n\n<p style=\"font-size:22px\"><strong>\u00abTroens ord\u00bb-prosjektet\u00a0<\/strong>\u00a0<\/p>\n\n\n\n<p>P\u00e5 v\u00e5rparten og frem til sommeren, engasjerte ungdommene seg i et nytt prosjekt sammen med&nbsp; andre ungdomsgrupper rundt om i verden. Gjennom prosjektet ble ungdommene bedre kjent med en av menighetens tidligere ledere og en kj\u00e6r forkynner, Elias Aslaksen. Prosjektet var bygget opp rundt fire hovedtemaer hvor temabolkene bestod av korte og trosstyrkende taleutdrag og<s>, <\/s>innleste artikler av Aslaksen, samt konkurranser og oppgaver knyttet til temaene. Prosjektet ble avsluttet med en livesending under ungdomsforeningen BUKs online sommercamp<\/p>\n\n\n\n<p style=\"font-size:25px\"><strong>Lokale BUK-camper\u00a0<\/strong><\/p>\n\n\n\n<p>Store deler av ungdomsgruppen er medlemmer i den samarbeidende organisasjonen Brunstad Ungdomsklubb. Gjennom \u00e5ret ble det arrangert fem online-camper, hvor ungdommene kunne delta der de var. I tider hvor situasjonen har tillatt det, ble det arrangert lokale camp-arrangement med lokale aktiviteter og internasjonale online-sendinger.<\/p>\n\n\n\n<p>Av hensyn til smittevern har det v\u00e6rt f\u00e6rre ungdomssamlinger i 2020 enn tidligere \u00e5r. Nye situasjoner, gir muligheter til nytenkning. Dette har ungdomsgruppen f\u00e5tt erfare, da en tid med mye uvisshet med ett stod p\u00e5 trappene. Da landet stengte ned i mars, var de ansvarlige for ungdomsgruppen raske p\u00e5 ballen. De forteller at de \u00f8nsket \u00e5 bidra til \u00e5 gi medlemmene noen tilbud slik at dagene ble s\u00e5 normale som mulig i en periode hvor mye var usikkert. I perioder med h\u00f8yt smittetrykk, ble det lagt til rette for livestream-sendinger med fokus p\u00e5 det kristne budskapet. Under disse sendingene kunne ungdommen delta med digitale hilsninger og var p\u00e5 denne m\u00e5ten samlet online. I tider med mindre smittetrykk har ungdomsgruppen v\u00e6rt samlet i grupper av ulik st\u00f8rrelse i tr\u00e5d med lokale og nasjonale retningslinjer. Det har v\u00e6rt viktig \u00e5 ivareta ungdommene i en spesiell tid, og \u00e5 kunne m\u00f8tes i st\u00f8rre og mindre grupper har v\u00e6rt et stort lyspunkt for mange.\u00a0\u00a0<\/p>\n\n\n\n<div class=\"wp-block-image\"><figure class=\"aligncenter size-large\"><img decoding=\"async\" loading=\"lazy\" width=\"602\" height=\"425\" src=\"https:\/\/bkmbergen.no\/2020\/wp-content\/uploads\/sites\/10\/2021\/06\/Bilde3.jpg\" alt=\"\" class=\"wp-image-36\" srcset=\"https:\/\/bkmbergen.no\/2020\/wp-content\/uploads\/sites\/10\/2021\/06\/Bilde3.jpg 602w, https:\/\/bkmbergen.no\/2020\/wp-content\/uploads\/sites\/10\/2021\/06\/Bilde3-300x212.jpg 300w\" sizes=\"(max-width: 602px) 100vw, 602px\" \/><\/figure><\/div>\n\n\n\n<div class=\"wp-block-image\"><figure class=\"aligncenter size-large\"><img decoding=\"async\" loading=\"lazy\" width=\"602\" height=\"400\" src=\"https:\/\/bkmbergen.no\/2020\/wp-content\/uploads\/sites\/10\/2021\/06\/Bilde1.jpg\" alt=\"\" class=\"wp-image-33\" srcset=\"https:\/\/bkmbergen.no\/2020\/wp-content\/uploads\/sites\/10\/2021\/06\/Bilde1.jpg 602w, https:\/\/bkmbergen.no\/2020\/wp-content\/uploads\/sites\/10\/2021\/06\/Bilde1-300x199.jpg 300w\" sizes=\"(max-width: 602px) 100vw, 602px\" \/><\/figure><\/div>\n\n\n\n<div class=\"wp-block-image\"><figure class=\"aligncenter size-large\"><img decoding=\"async\" loading=\"lazy\" width=\"602\" height=\"403\" src=\"https:\/\/bkmbergen.no\/2020\/wp-content\/uploads\/sites\/10\/2021\/06\/Bilde2.jpg\" alt=\"\" class=\"wp-image-34\" srcset=\"https:\/\/bkmbergen.no\/2020\/wp-content\/uploads\/sites\/10\/2021\/06\/Bilde2.jpg 602w, https:\/\/bkmbergen.no\/2020\/wp-content\/uploads\/sites\/10\/2021\/06\/Bilde2-300x201.jpg 300w\" sizes=\"(max-width: 602px) 100vw, 602px\" \/><\/figure><\/div>\n\n\n\n<div class=\"wp-block-image\"><figure class=\"aligncenter size-large\"><img decoding=\"async\" loading=\"lazy\" width=\"602\" height=\"403\" src=\"https:\/\/bkmbergen.no\/2020\/wp-content\/uploads\/sites\/10\/2021\/06\/Bilde4.jpg\" alt=\"\" class=\"wp-image-37\" srcset=\"https:\/\/bkmbergen.no\/2020\/wp-content\/uploads\/sites\/10\/2021\/06\/Bilde4.jpg 602w, https:\/\/bkmbergen.no\/2020\/wp-content\/uploads\/sites\/10\/2021\/06\/Bilde4-300x201.jpg 300w\" sizes=\"(max-width: 602px) 100vw, 602px\" \/><\/figure><\/div>\n\n\n\n<div class=\"wp-block-image\"><figure class=\"aligncenter size-large\"><img decoding=\"async\" loading=\"lazy\" width=\"602\" height=\"451\" src=\"https:\/\/bkmbergen.no\/2020\/wp-content\/uploads\/sites\/10\/2021\/06\/Bilde5.jpg\" alt=\"\" class=\"wp-image-38\" srcset=\"https:\/\/bkmbergen.no\/2020\/wp-content\/uploads\/sites\/10\/2021\/06\/Bilde5.jpg 602w, https:\/\/bkmbergen.no\/2020\/wp-content\/uploads\/sites\/10\/2021\/06\/Bilde5-300x225.jpg 300w\" sizes=\"(max-width: 602px) 100vw, 602px\" \/><\/figure><\/div>\n\n\n\n<div class=\"wp-block-image\"><figure class=\"aligncenter size-large\"><img decoding=\"async\" loading=\"lazy\" width=\"602\" height=\"451\" src=\"https:\/\/bkmbergen.no\/2020\/wp-content\/uploads\/sites\/10\/2021\/06\/Bilde6.jpg\" alt=\"\" class=\"wp-image-39\" srcset=\"https:\/\/bkmbergen.no\/2020\/wp-content\/uploads\/sites\/10\/2021\/06\/Bilde6.jpg 602w, https:\/\/bkmbergen.no\/2020\/wp-content\/uploads\/sites\/10\/2021\/06\/Bilde6-300x225.jpg 300w\" sizes=\"(max-width: 602px) 100vw, 602px\" \/><\/figure><\/div>\n\n\n\n<div class=\"wp-block-image\"><figure class=\"aligncenter size-large\"><img decoding=\"async\" loading=\"lazy\" width=\"602\" height=\"451\" src=\"https:\/\/bkmbergen.no\/2020\/wp-content\/uploads\/sites\/10\/2021\/06\/Bilde7.jpg\" alt=\"\" class=\"wp-image-40\" srcset=\"https:\/\/bkmbergen.no\/2020\/wp-content\/uploads\/sites\/10\/2021\/06\/Bilde7.jpg 602w, https:\/\/bkmbergen.no\/2020\/wp-content\/uploads\/sites\/10\/2021\/06\/Bilde7-300x225.jpg 300w\" sizes=\"(max-width: 602px) 100vw, 602px\" \/><\/figure><\/div>\n\n\n\n<div class=\"wp-block-image\"><figure class=\"aligncenter size-large\"><img decoding=\"async\" loading=\"lazy\" width=\"602\" height=\"803\" src=\"https:\/\/bkmbergen.no\/2020\/wp-content\/uploads\/sites\/10\/2021\/06\/Bilde8.jpg\" alt=\"\" class=\"wp-image-41\" srcset=\"https:\/\/bkmbergen.no\/2020\/wp-content\/uploads\/sites\/10\/2021\/06\/Bilde8.jpg 602w, https:\/\/bkmbergen.no\/2020\/wp-content\/uploads\/sites\/10\/2021\/06\/Bilde8-225x300.jpg 225w\" sizes=\"(max-width: 602px) 100vw, 602px\" \/><\/figure><\/div>\n","protected":false},"excerpt":{"rendered":"<p>Av hensyn til smittevern har det v\u00e6rt f\u00e6rre ungdomssamlinger i 2020 enn tidligere \u00e5r. Nye situasjoner, gir muligheter til nytenkning. Dette har ungdomsgruppen f\u00e5tt erfare, da en tid med mye uvisshet med ett stod p\u00e5 trappene. Da landet stengte ned i mars, var de ansvarlige for ungdomsgruppen raske p\u00e5 ballen. De forteller at de \u00f8nsket \u00e5 bidra til \u00e5 gi medlemmene noen tilbud slik at dagene ble s\u00e5 normale som mulig i en periode hvor mye var usikkert. I perioder med h\u00f8yt smittetrykk, ble det lagt til rette for livestream-sendinger med fokus p\u00e5 det kristne budskapet. Under disse sendingene kunne\u2026<\/p>\n","protected":false},"author":5,"featured_media":0,"parent":0,"menu_order":0,"comment_status":"closed","ping_status":"closed","template":"","meta":[],"categories":[],"tags":[],"blocksy_meta":{"styles_descriptor":{"styles":{"desktop":"","tablet":"","mobile":""},"google_fonts":[],"version":5}},"_links":{"self":[{"href":"https:\/\/bkmbergen.no\/2020\/wp-json\/wp\/v2\/pages\/31"}],"collection":[{"href":"https:\/\/bkmbergen.no\/2020\/wp-json\/wp\/v2\/pages"}],"about":[{"href":"https:\/\/bkmbergen.no\/2020\/wp-json\/wp\/v2\/types\/page"}],"author":[{"embeddable":true,"href":"https:\/\/bkmbergen.no\/2020\/wp-json\/wp\/v2\/users\/5"}],"replies":[{"embeddable":true,"href":"https:\/\/bkmbergen.no\/2020\/wp-json\/wp\/v2\/comments?post=31"}],"version-history":[{"count":2,"href":"https:\/\/bkmbergen.no\/2020\/wp-json\/wp\/v2\/pages\/31\/revisions"}],"predecessor-version":[{"id":42,"href":"https:\/\/bkmbergen.no\/2020\/wp-json\/wp\/v2\/pages\/31\/revisions\/42"}],"wp:attachment":[{"href":"https:\/\/bkmbergen.no\/2020\/wp-json\/wp\/v2\/media?parent=31"}],"wp:term":[{"taxonomy":"category","embeddable":true,"href":"https:\/\/bkmbergen.no\/2020\/wp-json\/wp\/v2\/categories?post=31"},{"taxonomy":"post_tag","embeddable":true,"href":"https:\/\/bkmbergen.no\/2020\/wp-json\/wp\/v2\/tags?post=31"}],"curies":[{"name":"wp","href":"https:\/\/api.w.org\/{rel}","templated":true}]}}