{"id":2,"date":"2022-09-11T21:20:22","date_gmt":"2022-09-11T19:20:22","guid":{"rendered":"https:\/\/bkmbergen.no\/2021\/?page_id=2"},"modified":"2022-10-02T23:01:22","modified_gmt":"2022-10-02T21:01:22","slug":"testside","status":"publish","type":"page","link":"https:\/\/bkmbergen.no\/2021\/","title":{"rendered":"BCC Bergen \u00e5rsrapport 2021"},"content":{"rendered":"\n<figure class=\"wp-block-image size-large is-resized\"><img decoding=\"async\" loading=\"lazy\" src=\"https:\/\/bkmbergen.no\/2021\/wp-content\/uploads\/sites\/11\/2022\/09\/FORSIDEBILDE-1024x558.jpg\" alt=\"\" class=\"wp-image-18\" width=\"699\" height=\"381\" srcset=\"https:\/\/bkmbergen.no\/2021\/wp-content\/uploads\/sites\/11\/2022\/09\/FORSIDEBILDE-1024x558.jpg 1024w, https:\/\/bkmbergen.no\/2021\/wp-content\/uploads\/sites\/11\/2022\/09\/FORSIDEBILDE-300x163.jpg 300w, https:\/\/bkmbergen.no\/2021\/wp-content\/uploads\/sites\/11\/2022\/09\/FORSIDEBILDE-768x418.jpg 768w, https:\/\/bkmbergen.no\/2021\/wp-content\/uploads\/sites\/11\/2022\/09\/FORSIDEBILDE-1536x836.jpg 1536w, https:\/\/bkmbergen.no\/2021\/wp-content\/uploads\/sites\/11\/2022\/09\/FORSIDEBILDE-2048x1115.jpg 2048w\" sizes=\"(max-width: 699px) 100vw, 699px\" \/><\/figure>\n\n\n\n<p><strong>Innledning<br><\/strong>&#8211; Styrets beretning<br>&#8211; Ny forbundsmodell<br>&#8211; Hva vil den nye modellen bety for medlemmene?<br>&#8211; Organisering<br>&#8211; BCC-forbundets form\u00e5l<br>&#8211; Fra BKM Bergen til BCC Bergen<br><br><strong>Barn<\/strong><br>&#8211; Kompetanseheving for mentorer<br>&#8211; S\u00f8ndagsskolen<br>&#8211; Aktivtetsklubb<br>&#8211; Bes\u00f8ksg\u00e5rd<br><br><strong>Ungdom<\/strong><br>&#8211; Form\u00e5l<br>&#8211; Lokale aktiviteter<br>&#8211; BUK Bergen<br>&#8211; Mentorarbeid og frivillighet<br>&#8211; Frivillighet<br><br><strong>Seniorene<\/strong><br>&#8211; Aktivitetstilbud<br>&#8211; Seniortreff<br>&#8211; Onsdagssamlinger<br>&#8211; Seniordugnad<br>&#8211; Turer<\/p>\n\n\n\n<p><strong>\u00c5rsregnskap<\/strong><\/p>\n\n\n\n<p>&#8211; \u00c5rsregnskap 2021<br>&#8211; Revisors beretning<\/p>\n\n\n\n<h1 class=\"wp-block-heading\">Innledning<\/h1>\n\n\n\n<p>Selv om pandemien fortsatt preget verdensbildet i 2021, vil det for&nbsp; Brunstad Christian Church Bergen v\u00e6re andre begivenheter som skrives inn i historieb\u00f8kene. Riktignok ble aktivitetene noe begrenset i gjennomf\u00f8ring, men det hindret ikke trossamfunnet i \u00e5 utvikle organisasjonen i en ny retning.&nbsp;<\/p>\n\n\n\n<p>P\u00e5 bakgrunn av menighetens verdensomspennende vekst og krav om rapportering fra myndighetene, har behovet for en ny og bedre organisasjonsform vokst fram. Dette resulterte i etablering av et internasjonalt forbund som ble signert i slutten av 2021. P\u00e5 bakgrunn av dette, har det som tidligere het Brunstad Kristne Menighet Bergen (BKM Bergen) byttet navn til Brunstad Christian Church Bergen, forkortet til BCC Bergen.&nbsp;<\/p>\n\n\n\n<p>V\u00e5r visjon er at det kristne budskapet skal kunne forkynnes til alle folkeslag, og at de som vil skal f\u00e5 oppl\u00e6ring i \u00e5 leve etter alt det Jesus l\u00e6rte oss. Derfor arbeider BCC Bergen for \u00e5 skape kanaler og m\u00f8teplasser for forkynnelse og trosoppl\u00e6ring, med vekt p\u00e5 arbeid for neste generasjon. Det har gjennom \u00e5ret 2021 st\u00e5tt h\u00f8yt p\u00e5 BCC Bergens agenda \u00e5 skape gode rammevilk\u00e5r for medlemmenes personlige, \u00e5ndelige og sosiale utvikling. Gjennom \u00e5ret er det brukt tid og ressurser p\u00e5 \u00e5 utvikle gode arenaer der barn og unge kan drive fritidsaktiviteter i et milj\u00f8 med gode muligheter for \u00e5 fremme den kristne tro, slik det fremkommer i BCC`s trosgrunnlag. Barn og unges egenart og behovet for \u00e5 m\u00f8tes p\u00e5 sine premisser, har hatt stort fokus gjennom \u00e5ret. Rundt fire millioner kroner ble satt av til form\u00e5let, mesteparten gaver fra organisasjoner og privatpersoner. &nbsp;I tillegg har foreningen inntekter fra staten ifm. tilskudd for trossamfunn og momskompensasjonsordningen for frivillige organisasjoner. I BCC Bergen er det totalt 528 medlemmer. Av disse er 159 barn under 13 \u00e5r, mellom 13 og 16 er det 188, og av voksne over 36 er det 181 medlemmer.&nbsp;<\/p>\n\n\n\n<p>Alt arbeid i BCC Bergen er basert p\u00e5 frivillighet, der fellesskap, likeverd og respekt er forankret i Brunstad Christian Church sitt verdigrunnlag.<\/p>\n\n\n\n<p>Styret for BCC Bergen takker for \u00f8konomiske bidrag og all frivillig innsats som har kommet foreningen til gode gjennom \u00e5ret.&nbsp;<\/p>\n\n\n\n<h1 class=\"wp-block-heading\">Styrets beretning<\/h1>\n\n\n\n<p>Som en ideell forening med et kristent form\u00e5l, har BCC Bergen som m\u00e5l at medlemmene skal bli inspirert til \u00e5 leve et sunt og samfunnsnyttig liv basert p\u00e5 et kristent trosgrunnlag. Den gode oppslutningen i aktivitetene vitner om at mange opplever mening og tilh\u00f8righet gjennom felles tro. Ved utgangen av 2021 hadde foreningen 528 medlemmer.<\/p>\n\n\n\n<p>En av styrets hovedoppgaver er \u00e5 s\u00f8rge for at foreningen har n\u00f8dvendige rammer og midler som gj\u00f8r det mulig \u00e5 ivareta medlemmenes behov for ulike samlinger og aktiviteter som fremmer den kristne tro.&nbsp;<\/p>\n\n\n\n<p>BCC Bergens virksomhet drives ved frivillighet av medlemmene, og det er ingen som utf\u00f8rer l\u00f8nnet arbeid.&nbsp;<\/p>\n\n\n\n<h2 class=\"wp-block-heading\">Ny forbundsmodell<\/h2>\n\n\n\n<p>Gjennom over 120 \u00e5r har BCC utviklet seg fra \u00e5 v\u00e6re et lite kristent fellesskap med husm\u00f8ter i noen norske kystbyer, til \u00e5 bli et stort internasjonalt fellesskap med medlemmer i alle verdens kontinent. Fram til n\u00e5, har trossamfunnet eksistert uten en formell internasjonal struktur, men kravene til organisering og rapportering fra trossamfunn vokser. I 2020 tok trossamfunnet de f\u00f8rste skrittene mot \u00e5 etablere et internasjonalt forbund.&nbsp; 21. november 2021 ble en historisk dag b\u00e5de for BCC sentralt og for lokalmenighetene, da stiftelseserkl\u00e6ring med konstitusjon og vedtekter for BCC-forbundet ble signert.&nbsp; Dette er den st\u00f8rste endringen siden menigheten ble grunnlagt i 1898.&nbsp;<\/p>\n\n\n\n<p>Den nye forbundsmodellen skal sikre BCC en effektiv og solid organisering i \u00e5rene framover, og nasjonalleddet legger til rette for \u00e5 gj\u00f8re det s\u00e5 enkelt som mulig for lokalmenighetene \u00e5 drive kristen ideell virksomhet med frivillige. Som lokalmenighet, vil man som medlem f\u00e5 tilgang p\u00e5 veiledning til god drift gjennom gode IT-verkt\u00f8y, h\u00e5ndb\u00f8ker og kurs. Man vil ogs\u00e5 f\u00e5 st\u00f8tte til \u00e5 ivareta rettigheter og plikter som norsk trossamfunn.&nbsp;<\/p>\n\n\n\n<p>BCC Bergen har inng\u00e5tt midlertidig medlemskap p\u00e5 12 m\u00e5neder, og er n\u00e5 i en p\u00e5g\u00e5ende prosess for \u00e5 f\u00e5 permanent medlemskap.&nbsp;<\/p>\n\n\n\n<h2 class=\"wp-block-heading\">Hva vil den nye modellen bety for medlemmene?<\/h2>\n\n\n\n<p>For den enkelte trosfelle vil man som medlem ha b\u00e5de rettigheter og plikter i foreningen. Som medlem vil man ha mulighet til \u00e5 engasjere seg og delta i saker og aktiviteter man brenner for. Medlemskapet gir ogs\u00e5 rett til \u00e5 delta i aktiviteter og i organisasjonsdemokratiet, i motsetning til i en deltaker- eller brukerrelasjon.&nbsp;<\/p>\n\n\n\n<h2 class=\"wp-block-heading\">Organisering&nbsp;&nbsp;&nbsp;&nbsp;&nbsp;&nbsp;&nbsp;&nbsp;&nbsp;&nbsp;&nbsp;&nbsp;&nbsp;&nbsp;&nbsp;&nbsp;&nbsp;&nbsp;&nbsp;&nbsp;&nbsp;&nbsp;&nbsp;&nbsp;&nbsp;&nbsp;&nbsp;&nbsp;&nbsp;&nbsp;&nbsp;&nbsp;&nbsp;&nbsp;&nbsp;&nbsp;&nbsp;&nbsp;&nbsp;&nbsp;&nbsp;&nbsp;&nbsp;&nbsp;&nbsp;&nbsp;&nbsp;&nbsp;&nbsp;&nbsp;&nbsp;&nbsp;&nbsp;&nbsp;&nbsp;&nbsp;&nbsp;&nbsp;&nbsp;&nbsp;&nbsp;&nbsp;&nbsp;&nbsp;&nbsp;&nbsp;&nbsp;&nbsp;&nbsp;&nbsp;&nbsp;&nbsp;&nbsp;&nbsp;&nbsp;&nbsp;&nbsp;&nbsp;&nbsp;&nbsp;&nbsp;&nbsp;&nbsp;&nbsp;&nbsp;&nbsp;&nbsp;&nbsp;&nbsp;&nbsp;&nbsp;&nbsp;&nbsp;&nbsp;&nbsp;&nbsp;&nbsp;&nbsp;&nbsp;&nbsp;&nbsp;&nbsp;&nbsp;&nbsp;<\/h2>\n\n\n\n<p>\u00d8verste myndighet i BCC Norge er landsm\u00f8tet, med delegater som velges fra alle de 19 lokalmenighetene. Fra hver lokalmenighet er det to representanter, og to observat\u00f8rer. Foreningen har et sentralstyre som er \u00f8verste myndighet mellom landsm\u00f8tene, og s\u00f8rger for tilfredsstillende organisering av virksomheten. I tro- og l\u00e6resp\u00f8rsm\u00e5l er det forstanderskapet i BCC-forbundet som er \u00f8verste myndighet.&nbsp;<\/p>\n\n\n\n<h2 class=\"wp-block-heading\">BCC-forbundet har til form\u00e5l \u00e5:<\/h2>\n\n\n\n<ul><li>Fremme den kristne tro blant alle mennesker, slik den fremkommer i BCC-forbundets trosgrunnlag , og l\u00e6re dem som \u00f8nsker det \u00e5 holde alt det Jesus har befalt<\/li><li>Fremme kristendommens rammevilk\u00e5r og anseelse i samfunnet<\/li><li>Tilby barn og ungdom et positivt og sunt kristent milj\u00f8, og skape gode rammevilk\u00e5r for barn og ungdoms personlige, \u00e5ndelige og sosiale utvikling<\/li><\/ul>\n\n\n\n<p><strong>Fra BKM Bergen til BCC Bergen&nbsp;&nbsp;&nbsp;&nbsp;&nbsp;&nbsp;&nbsp;&nbsp;&nbsp;&nbsp;&nbsp;&nbsp;&nbsp;&nbsp;&nbsp;&nbsp;&nbsp;&nbsp;&nbsp;&nbsp;&nbsp;&nbsp;&nbsp;&nbsp;&nbsp;&nbsp;&nbsp;&nbsp;&nbsp;&nbsp;&nbsp;&nbsp;&nbsp;&nbsp;&nbsp;&nbsp;&nbsp;&nbsp;&nbsp;&nbsp;&nbsp;&nbsp;&nbsp;&nbsp;&nbsp;&nbsp;&nbsp;&nbsp;&nbsp;&nbsp;&nbsp;&nbsp;&nbsp;&nbsp;&nbsp;&nbsp;&nbsp;&nbsp;&nbsp;&nbsp;&nbsp;&nbsp;&nbsp;&nbsp;&nbsp;&nbsp;&nbsp;&nbsp;&nbsp;&nbsp;&nbsp;&nbsp;&nbsp;&nbsp;&nbsp;&nbsp;&nbsp;&nbsp;&nbsp;&nbsp;<\/strong><\/p>\n\n\n\n<p>I den p\u00e5g\u00e5ende omorganiseringen i den internasjonale virksomheten, har den lokale foreningen i Bergen byttet navn fra BKM Bergen til BCC Bergen, og tatt i bruk ny internasjonal logo og profil.&nbsp;<\/p>\n\n\n\n<h1 class=\"wp-block-heading\">Barn<\/h1>\n\n\n\n<p>Barn og unge har v\u00e6rt, og fortsetter \u00e5 v\u00e6re et viktig satsingsomr\u00e5det for BCC Bergen. Barn er forskjellige, og m\u00e5let er \u00e5 legge til rette for sunn livsutfoldelse for alle. Gjennom ulike prosjekter i 2021 har det v\u00e6rt jobbet for \u00e5 fremme barnas plass i det kristne fellesskapet.<\/p>\n\n\n\n<h2 class=\"wp-block-heading\">Kompetanseheving for mentorer<\/h2>\n\n\n\n<p>BCC Bergen har mange engasjerte mentorer som \u00f8nsker \u00e5 bidra i barne- og ungdomsarbeidet. Gjennom \u00e5ret har det blitt&nbsp; holdt ulike samlinger&nbsp; for \u00e5 heve kunnskapsniv\u00e5et, og \u00e5 kunne gi b\u00e5de mentorer og barn en best mulig oppf\u00f8lging. Temaer som har v\u00e6rt vektlagt er barnas trygghet, samt \u00e5 legge til rette for mestring uavhengig av hvilke egenskaper de har.<\/p>\n\n\n\n<h2 class=\"wp-block-heading\">S\u00f8ndagsskolen<\/h2>\n\n\n\n<p>S\u00f8ndagsskolen holdes til vanlig p\u00e5 Panorama Arena, hvor det er gode fasiliteter til aktivitet b\u00e5de under og etter samlingen. Barnegruppen er delt opp i to alderstrinn for \u00e5 kunne gi et tilpasset opplegg. I 2021 har s\u00f8ndagsskolen forbedret tekniske l\u00f8sninger med storskjerm for visning av filmer og digitalt innhold. Sentralt i BCC har det blitt lagt ned mye ressurser i \u00e5 produsere meningsfulle program for barn, og dette har gitt et l\u00f8ft ogs\u00e5 til den lokale s\u00f8ndagsskolen.<\/p>\n\n\n\n<p>I l\u00f8pet av \u00e5ret har det blitt arbeidet med \u00e5 skape gode uteomr\u00e5der for barna. I tilknytning til bygget hvor mye av aktivitetene foreg\u00e5r ble det satt opp et stort klatret\u00e5rn. Dette er en del av et st\u00f8rre prosjekt som fortsetter i 2022, hvor omr\u00e5det skal opparbeides ytterligere for lek og aktivitet utend\u00f8rs.&nbsp;<\/p>\n\n\n\n<h2 class=\"wp-block-heading\">Aktivtetsklubb<\/h2>\n\n\n\n<p>Barna i BCC Bergen har tilbud om aktiviteter gjennom organisasjonen Aktivitetsklubben (AK). For de som g\u00e5r i 6. og 7. klasse heter tilbudet \u201cTweens\u201d, og er dermed tilpasset de eldste barna som st\u00e5r p\u00e5 trappene til ungdomstiden. Nytt i 2021 er utviklingen av en podcast med fortellinger rettet mot denne gruppen; \u201cTil Tweens\u201d. Her produseres det innhold som tar opp temaer som kan v\u00e6re s\u00e6rlig aktuelle for dem. M\u00e5let er \u00e5 st\u00f8tte barna til \u00e5 kunne ta egne valg, styrke selvf\u00f8lelse og trygghet, og f\u00e5 satt ord p\u00e5 sp\u00f8rsm\u00e5l og tanker de har. Podcasten er hovedsakelig produsert av BCC Bergen, men er tilgjengelig for alle medlemmer i BCC.&nbsp;<\/p>\n\n\n\n<h2 class=\"wp-block-heading\">Bes\u00f8ksg\u00e5rd<\/h2>\n\n\n\n<p>Hellehaugen bes\u00f8ksg\u00e5rd er en samarbeidende organisasjon som gir et tilbud til alle barn i BCC Bergen. Gjennom \u00e5ret har det blitt brukt en del ressurser p\u00e5 \u00e5 oppgradere g\u00e5rden. En ny ridebane er satt i stand, g\u00e5rdsbygninger er oppf\u00f8rt, og nye dyr har flyttet inn eller blitt f\u00f8dt p\u00e5 g\u00e5rden. Kontakten med dyrene er sett p\u00e5 som et verdifullt bidrag for god mental helse og sunn livsutfoldelse.<\/p>\n\n\n\n<h1 class=\"wp-block-heading\">Ungdom<\/h1>\n\n\n\n<h2 class=\"wp-block-heading\">Form\u00e5l<\/h2>\n\n\n\n<p>Ungdom utgj\u00f8r en stor andel av medlemmene i BCC Bergen, og er en aktiv del av menighetslivet. BCC Bergen arbeider for \u00e5 fremme ungdommenes utvikling b\u00e5de \u00e5ndelig, fysisk, personlig og sosialt. Dette gj\u00f8res gjennom forkynnelse, oppl\u00e6ring og aktiviteter som kan stimulere til en sunn utvikling, og verne mot nedbrytende og skadelige milj\u00f8er.<\/p>\n\n\n\n<p>Aktivitetstilbudet skal favne ulike interesser, og v\u00e6re en trygg og inkluderende arena for de unge. Det legges til rette for vennskap, mestring og tilh\u00f8righet i det kristne fellesskapet.&nbsp;<\/p>\n\n\n\n<h2 class=\"wp-block-heading\">Lokale aktiviteter<\/h2>\n\n\n\n<p>Ungdomsm\u00f8tene som arrangeres hver fredag er et samlingspunkt hvor trosoppbyggelse st\u00e5r i sentrum. Etter en kort gudstjeneste er det ulike aktiviteter, idrett og sosialt samv\u00e6r, der foreldre og andre frivillige bidrar med mat og drikke.&nbsp;<\/p>\n\n\n\n<h2 class=\"wp-block-heading\">BUK Bergen<\/h2>\n\n\n\n<p>Brunstad Ungdomsklubb Bergen (BUK Bergen) er en organisasjon som st\u00e5r for mye av aktivitetstilbudet for ungdomsgruppen. Ukentlige samlinger i mindre interessegrupper er et viktig m\u00f8tested for ungdom, og fire ganger i \u00e5ret arrangeres internasjonale camper. I 2021 har arrangementene igjen blitt p\u00e5virket av restriksjoner, og campene i p\u00e5ske og romjul m\u00e5tte organiseres som lokale og digitale alternativer.&nbsp;<\/p>\n\n\n\n<p>Ungdomscampene tilbyr et mangfold av aktiviteter, samt temakvelder med innhold for ungdommen. Prosjektet \u201cFra begynnelsen\u201d har gjennom \u00e5ret hatt fokus p\u00e5 menighetens opprinnelse. Ved \u00e5 f\u00f8lge Johan Oscar Smiths brevveksling med broren Aksel, har ungdommen blitt mer kjent med trossamfunnets opprinnelse.&nbsp;<\/p>\n\n\n\n<h2 class=\"wp-block-heading\">Mentorarbeid og frivillighet<\/h2>\n\n\n\n<p>BCC Bergen har mange engasjerte mentorer som bidrar i ulike roller i ungdomsarbeidet. Gjennom \u00e5ret har det blitt holdt samlinger for disse, som skal v\u00e6re med \u00e5 \u00f8ke kunnskap og gi st\u00f8tte til ungdommer som \u00f8nsker \u00e5 gj\u00f8re noe for andre i sitt milj\u00f8. Gjennom mentorordninger blir blant annet yngre ungdommer ivaretatt og inkludert i ungdomsmilj\u00f8et.<\/p>\n\n\n\n<h2 class=\"wp-block-heading\">Frivillighet<\/h2>\n\n\n\n<p>Frivillighet er en b\u00e6rebjelke i ungdomsarbeidet, og for \u00e5 markere og feire dette, ble det arrangert en internasjonal BUK-dugnadsdag. Dagen ble avsluttet med grillfest og utekino ved Panorama Arena.<\/p>\n\n\n\n<p>Ungdommen har ogs\u00e5 blitt inkludert i planlegging av uteomr\u00e5dene rundt arenaen, og deltok i en id\u00e9myldring for utformingen av disse arealene. M\u00e5let er \u00e5 ivareta behov for denne gruppen, og gi tilh\u00f8righet til prosjektet.<\/p>\n\n\n\n<h1 class=\"wp-block-heading\">Seniorene<\/h1>\n\n\n\n<p>I BCC Bergen er det mye fokus p\u00e5 aktiviteter som passer for seniorene. Form\u00e5let for arbeidet er blant annet \u00e5 forhindre ensomhet, styrke det kristne fellesskapet, og utvide det sosiale nettverket. Dette gj\u00f8res ved \u00e5 skape trivsel i forbindelse med samv\u00e6r, aktiviteter, m\u00e5ltider, dugnader og turer<\/p>\n\n\n\n<h2 class=\"wp-block-heading\">Aktivitetstilbud:<\/h2>\n\n\n\n<h2 class=\"wp-block-heading\">Seniortreff<\/h2>\n\n\n\n<p>Seniorer, b\u00e5de ektepar og enslige samles ca. en gang i m\u00e5neden for \u00e5 spise et godt m\u00e5ltid sammen. P\u00e5 programmet st\u00e5r ogs\u00e5 oppbyggelse rundt felles tro, samt underholdning som quiz, konkurranser og sang. Her er det tid til gode samtaler og trivsel, og hvis noen har hatt bursdag, blir det markert og vedkommende blir gjort stas p\u00e5.&nbsp;<\/p>\n\n\n\n<p>Det gj\u00f8res en Innsats for at alle skal f\u00e5 v\u00e6re med. De som har helseutfordringer eller bor p\u00e5 institusjon blir tilbudt transport.<\/p>\n\n\n\n<h2 class=\"wp-block-heading\">Onsdagssamlinger<\/h2>\n\n\n\n<p>Hver onsdag formiddag samles seniordamene. Dette er et lavterskeltilbud og er ekstra kj\u00e6rkomment for enslige. Det strikkes, hekles og prates rundt kaffekoppen. Fysisk aktivitet er ogs\u00e5 viktig og noen ildsjeler har organisert dans og trim.&nbsp;<\/p>\n\n\n\n<h2 class=\"wp-block-heading\">Seniordugnad<\/h2>\n\n\n\n<p>Seniorene har stor glede av \u00e5 m\u00f8tes til dugnad. I 2021 har seniorene i BCC Bergen gjort en stor innsats for&nbsp; \u00e5 ivareta og vedlikeholde bygninger, hageanlegg og lekeplass. Det er noe \u00e5 gj\u00f8re for de fleste enten det er fysisk jobbing eller dugnadsmat.&nbsp;<\/p>\n\n\n\n<p>Det har ogs\u00e5 v\u00e6rt organisert dugnad der seniorer, voksne og ungdom har jobbet sammen.<\/p>\n\n\n\n<p>Dette er verdifull <em>brobygging<\/em> mellom generasjoner.<\/p>\n\n\n\n<h2 class=\"wp-block-heading\">Turer<\/h2>\n\n\n\n<p>I september 2021 ble det organisert en seniortur til Molde.<\/p>\n\n\n\n<p>Turen gikk gjennom Olden og Loen med hotellovernatting, restaurantbes\u00f8k og tur med Loen Skylift, som er en av de bratteste kabelbanene i verden.<\/p>\n\n\n\n<figure class=\"wp-block-image\"><img decoding=\"async\" src=\"https:\/\/lh3.googleusercontent.com\/XwRofQ4CdIBnjN7e2aG5SyeLlOfvLknKprYEIW4ex7g2JXQuxnp-zOkAN_1xvGTNsqHuTE1obwM90vlUjCZrV-jrhlTfAhSR9T1FMemaBNgSqFSjCHefGj5LOfA8JYAX2HMDdFViJ6L0LmyPzeOVU3jeZuxWH3G6HfsuJ0XUOvcJCpMlbDlg9sg0\" alt=\"Et bilde som inneholder person, bord, innend\u00f8rs, personer\n\nAutomatisk generert beskrivelse\"\/><\/figure>\n\n\n\n<figure class=\"wp-block-image\"><img decoding=\"async\" src=\"https:\/\/lh6.googleusercontent.com\/_5cMnw-7WMfVXRY2gjZ-KxiWjaYFkych_5_DKAxmhHuSRLKZVqAeKoBAzgBGAhzOIbjKGBqsSfGiSaD5P4eIulaOKP8wc_rjp8OqdOS6mu0twiUbED1dungDLYYsc03vTF7JfOcMGqZtC3pIDn-eHjufMccQnQK_KRKCDObhZ3OdyjJKDCfXzlwV\" alt=\"Et bilde som inneholder sport, person, personer, gruppe\n\nAutomatisk generert beskrivelse\"\/><\/figure>\n\n\n\n<figure class=\"wp-block-image\"><img decoding=\"async\" src=\"https:\/\/lh6.googleusercontent.com\/cpmajtlR5zuwRTeQjm6bAeJtnLreKNnuHIVRu_p4VUIammYT0kwIfapKuBouJpRiFhKZd0GGkDZAqXX8MgrS3rB_WIcMKXzAxI6tw8M-HiuAZ1anU34YwYYnIhSi91HZxyffEDtTqfICfUTi49N6qZ1NGwvMUYAgYDYppCzlbqI4SuTo7_jX_fag\" alt=\"Et bilde som inneholder person, innend\u00f8rs, gruppe, personer\n\nAutomatisk generert beskrivelse\"\/><\/figure>\n\n\n\n<figure class=\"wp-block-image\"><img decoding=\"async\" src=\"https:\/\/lh4.googleusercontent.com\/B1jbLsx138wnXTSb3h-ncahGzvOkP5_LS3ALOgu7fK-KWNiYpri9PJ-oejuH_kIdoxw3PLCPtwkht1-GPlkZ1FKaBmxukW2peP5a-9ZLdr7jDtGeRvf2ZZWfHsPO2EsMNEGOvabUB0n9TeamrKA29YFrruEYqnfbAOHAjL8_oQi1la-OGJBYAZVO\" alt=\"Et bilde som inneholder utend\u00f8rs, himmel, bakke, person\n\nAutomatisk generert beskrivelse\"\/><\/figure>\n\n\n\n<figure class=\"wp-block-image\"><img decoding=\"async\" src=\"https:\/\/lh6.googleusercontent.com\/YydF6QILHX_pHm6seOtArC_O8iyfP84wQQX0jmEwi9lCehRy83ZVWlozQOu92k2rYmem-uCql9hjNQH0-VwqTkQevjm23dcxWWSGNz4qShqUVw4kWJuRiaP4UE33gnj3q6aKFyzfa5TytONX-z3h7Q2uHPxIclVeBL1GGUcch8R7Ab4dl_xkAbdP\" alt=\"Et bilde som inneholder himmel, utend\u00f8rs, person, bakke\n\nAutomatisk generert beskrivelse\"\/><\/figure>\n\n\n\n<figure class=\"wp-block-image\"><img decoding=\"async\" src=\"https:\/\/lh4.googleusercontent.com\/ocVmkGDVFuM1X2DAjDh3mbx9wAuuebCaiKzo-rEi5lzCbiukAlKYjvIHoUaOErpDMBXaRyRCdxHslpqJvrDuimxvuMau88PBReY1cOuIXYQw4wjdbHnIqeFUGeAf0YtwnylZWzLXzDSzaDBE2SyiKrzmnRlI7Ap9Gwe_kTSAIDFsq2qcmLw-uqDe\" alt=\"Et bilde som inneholder bakke, utend\u00f8rs, person, mann\n\nAutomatisk generert beskrivelse\"\/><\/figure>\n\n\n\n<figure class=\"wp-block-image\"><img decoding=\"async\" src=\"https:\/\/lh5.googleusercontent.com\/jhqR5Ydklk9wyQ5Sd5gMaBTCtOOxx7zH1GX76-iSJe5z3xWfdbf0B_mnwdDTVd7W6lIoXBDkjwnzM5eCWf9RGHIsKe82tDyvou8u5e9HstbsCOD5_nFSE7sKLrb_FIREMGSdJ7DA4HKSSoWFOXyXF9-biE9zXVfelU7_PdqIhBuddV6A6A7akvFX\" alt=\"Et bilde som inneholder person, himmel, utend\u00f8rs, poserer\n\nAutomatisk generert beskrivelse\"\/><\/figure>\n\n\n\n<figure class=\"wp-block-image\"><img decoding=\"async\" src=\"https:\/\/lh5.googleusercontent.com\/heJcXuz0QTOyyI7Ceih3ygU0TuB9x8dmWsrJngJ3YMRBHZwS-3u1BZ8j09tkyIcN-eqOHlSnUyimamH_Kl6vl7TOBV1hI3vKNqDTf_ndNIpkpGWynQ_V9PBZL7bfEmAV8_Hj5A28SxfWaw4dhVdUGklvNfpm6vViDPKCM48hn064VwUV42S26OhQ\" alt=\"Et bilde som inneholder tekst, fjell, person, personer\n\nAutomatisk generert beskrivelse\"\/><\/figure>\n\n\n\n<figure class=\"wp-block-image\"><img decoding=\"async\" src=\"https:\/\/lh6.googleusercontent.com\/rVyWoGPVab0GHtCkZza9D739fpUmXGh2SDmT9m6xLW8ipepAj3Z0LA-naW1EUJH_LnbAaSMPJ9bU7zKs8WodsCstdcZJ1LlEU8yQFGZCgwGiD-rD3qhVa7M4duri1PMpxfi_4knKszEJTZz0F29BHCA6IAPfrcKiPyFGIxxb-xQw2wiR5vr4Cct3\" alt=\"Et bilde som inneholder fjell, utend\u00f8rs, himmel, person\n\nAutomatisk generert beskrivelse\"\/><\/figure>\n\n\n\n<figure class=\"wp-block-image\"><img decoding=\"async\" src=\"https:\/\/lh3.googleusercontent.com\/xZsPm3f29mwEJMEtFqHt9jLS4-yZu7AOa5V-A3WaWCrXa75qktv0lN4hvdpKtYv2jmkDA8jZfDi0FlLyi_b76gPhf9cJ95K_vDKL_onwYJ6Y688efGffheCwNA1Oeuh7PDRLJ0RkyDHKLzkIssrfMbflMeAPirxyp9F_WNaPC4V3Uc6yj4y-2s9F\" alt=\"Et bilde som inneholder person, utend\u00f8rs\n\nAutomatisk generert beskrivelse\"\/><\/figure>\n\n\n\n<figure class=\"wp-block-image\"><img decoding=\"async\" src=\"https:\/\/lh6.googleusercontent.com\/1Gjiij0rjyQl46ih9elFEFmZM0YwABMpW3HXh4ambXoupG4yiCKvWCN0ZSZhONBxpdLEydaF5RwpIqn3_cdzV8TBGF5Rg2AlIagtMWgNU1_ZHHm_PEk3uYvEBxC9AGP_Tlo-vILL3IYEzWKlfQPODnyS99L3t7fQzYNH5VNV7bn7GQnkzgrDETrH\" alt=\"Et bilde som inneholder tekst, bord, person, sitter\n\nAutomatisk generert beskrivelse\"\/><\/figure>\n\n\n\n<figure class=\"wp-block-image\"><img decoding=\"async\" src=\"https:\/\/lh4.googleusercontent.com\/XYWO5hZgSGv7gZ19hKp4USA8TPnn7a1RUVE8Q57HzyAdIf5SMgqU3J9kiUDQkIcmYSB_gRFoLHlirvT6WIHUN16UnQ8SU9Rgb0YmijqjRhpF7UznNfxsKWBmmJZW0btlkKzW2NvK55JOlAp15_byxRWOdILoVeJeMenFCv8m02Mr7-E1uz7PDd00\" alt=\"Et bilde som inneholder bord, innend\u00f8rs, person, personer\n\nAutomatisk generert beskrivelse\"\/><\/figure>\n\n\n\n<h1 class=\"wp-block-heading\">\u00c5rsregnskap<\/h1>\n\n\n\n<div class=\"wp-block-buttons is-layout-flex\">\n<div class=\"wp-block-button\"><a class=\"wp-block-button__link\" href=\"https:\/\/bkmbergen.no\/2021\/wp-content\/uploads\/sites\/11\/2022\/10\/A\u030arsregnskap-2021_signert.pdf\" target=\"_blank\" rel=\"noreferrer noopener\"><span style=\"text-decoration: underline;\">\u2193<\/span>  Last ned \u00e5rsregnskap<\/a><\/div>\n\n\n\n<div class=\"wp-block-button\"><a class=\"wp-block-button__link\" href=\"https:\/\/bkmbergen.no\/2021\/wp-content\/uploads\/sites\/11\/2022\/10\/Revisors-beretning-2021-BCC-Bergen.pdf\" target=\"_blank\" rel=\"noreferrer noopener\"><span style=\"text-decoration: underline;\">\u2193<\/span>  Last ned revisors beretning<\/a><\/div>\n<\/div>\n\n\n\n<p><\/p>\n","protected":false},"excerpt":{"rendered":"<p>Innledning&#8211; Styrets beretning&#8211; Ny forbundsmodell&#8211; Hva vil den nye modellen bety for medlemmene?&#8211; Organisering&#8211; BCC-forbundets form\u00e5l&#8211; Fra BKM Bergen til BCC Bergen Barn&#8211; Kompetanseheving for mentorer&#8211; S\u00f8ndagsskolen&#8211; Aktivtetsklubb&#8211; Bes\u00f8ksg\u00e5rd Ungdom&#8211; Form\u00e5l&#8211; Lokale aktiviteter&#8211; BUK Bergen&#8211; Mentorarbeid og frivillighet&#8211; Frivillighet Seniorene&#8211; Aktivitetstilbud&#8211; Seniortreff&#8211; Onsdagssamlinger&#8211; Seniordugnad&#8211; Turer \u00c5rsregnskap &#8211; \u00c5rsregnskap 2021&#8211; Revisors beretning Innledning Selv om pandemien fortsatt preget verdensbildet i 2021, vil det for&nbsp; Brunstad Christian Church Bergen v\u00e6re andre begivenheter som skrives inn i historieb\u00f8kene. Riktignok ble aktivitetene noe begrenset i gjennomf\u00f8ring, men det hindret ikke trossamfunnet i \u00e5 utvikle organisasjonen i en ny retning.&nbsp; P\u00e5 bakgrunn av menighetens verdensomspennende\u2026<\/p>\n","protected":false},"author":4,"featured_media":0,"parent":0,"menu_order":0,"comment_status":"closed","ping_status":"open","template":"","meta":[],"categories":[],"tags":[],"blocksy_meta":{"styles_descriptor":{"styles":{"desktop":"","tablet":"","mobile":""},"google_fonts":[],"version":5}},"_links":{"self":[{"href":"https:\/\/bkmbergen.no\/2021\/wp-json\/wp\/v2\/pages\/2"}],"collection":[{"href":"https:\/\/bkmbergen.no\/2021\/wp-json\/wp\/v2\/pages"}],"about":[{"href":"https:\/\/bkmbergen.no\/2021\/wp-json\/wp\/v2\/types\/page"}],"author":[{"embeddable":true,"href":"https:\/\/bkmbergen.no\/2021\/wp-json\/wp\/v2\/users\/4"}],"replies":[{"embeddable":true,"href":"https:\/\/bkmbergen.no\/2021\/wp-json\/wp\/v2\/comments?post=2"}],"version-history":[{"count":10,"href":"https:\/\/bkmbergen.no\/2021\/wp-json\/wp\/v2\/pages\/2\/revisions"}],"predecessor-version":[{"id":33,"href":"https:\/\/bkmbergen.no\/2021\/wp-json\/wp\/v2\/pages\/2\/revisions\/33"}],"wp:attachment":[{"href":"https:\/\/bkmbergen.no\/2021\/wp-json\/wp\/v2\/media?parent=2"}],"wp:term":[{"taxonomy":"category","embeddable":true,"href":"https:\/\/bkmbergen.no\/2021\/wp-json\/wp\/v2\/categories?post=2"},{"taxonomy":"post_tag","embeddable":true,"href":"https:\/\/bkmbergen.no\/2021\/wp-json\/wp\/v2\/tags?post=2"}],"curies":[{"name":"wp","href":"https:\/\/api.w.org\/{rel}","templated":true}]}}